{"id":14039,"date":"2021-01-20T08:55:19","date_gmt":"2021-01-20T08:55:19","guid":{"rendered":"http:\/\/www.braplastic.com\/?page_id=14039"},"modified":"2021-01-20T08:55:21","modified_gmt":"2021-01-20T08:55:21","slug":"cookie-richtlinie","status":"publish","type":"page","link":"https:\/\/braplastic.com\/de\/cookie-richtlinie\/","title":{"rendered":"Cookie-Richtlinie"},"content":{"rendered":"<p>[vc_row][vc_column][vc_empty_space][vc_custom_heading divide_line=&#8220;yes&#8220; divide_line_color=&#8220;#877f52&#8243; text=&#8220;Cookie-Richtlinie&#8220; font_container=&#8220;tag:h2|font_size:50|text_align:center&#8220; use_theme_fonts=&#8220;yes&#8220; margin_top=&#8220;0px&#8220;][vc_column_text]<\/p>\n<p>En todas las p\u00e1ginas del sitio web se ilustra informaci\u00f3n sobre su Pol\u00edtica de Cookies en la parte inferior de las mismas para que el Usuario pueda acceder a la misma en cualquier momento de la navegaci\u00f3n, pudiendo consentir y aceptar que se usen las cookies, en cuyo caso el aviso dejar\u00e1 de verse durante la sesi\u00f3n.<\/p>\n<p>Modificar la configuraci\u00f3n de su navegador para restringir, bloquear o eliminar las cookies en cualquier momento, si bien se advierte que la falta de aceptaci\u00f3n de la instalaci\u00f3n de cookies podr\u00eda impedir o dificultar las funcionalidades del servicio.<\/p>\n<p>Seguir navegando o hacer un click en cualquier secci\u00f3n del portal, en cuyo caso consideramos que acepta su uso.<\/p>\n<p><strong>\u00bfQu\u00e9 son las cookies?<\/strong><\/p>\n<p>Una cookie es un fichero que se descarga en su ordenador al acceder a determinadas p\u00e1ginas Web. Las cookies permiten a una p\u00e1gina Web, entre otras cosas, almacenar y recuperar informaci\u00f3n sobre h\u00e1bitos de navegaci\u00f3n de un usuario o de su equipo y, dependiendo de la informaci\u00f3n que contengan y de la forma que utilice su equipo, pueden utilizarse para reconocer al usuario.<\/p>\n<p><strong>\u00bfQU\u00c9 CLASES DE COOKIES UTILIZAMOS?<\/strong><\/p>\n<p><strong>POR EL PLAZO DE TIEMPO QUE PERMANECEN ACTIVADAS:<\/strong><\/p>\n<ul>\n<li><strong>COOKIES DE SESI\u00d3N:<\/strong>&nbsp;Son las dise\u00f1adas para recabar y almacenar datos mientras el usuario accede a una p\u00e1gina web. Se suelen emplear para almacenar informaci\u00f3n que s\u00f3lo interesa conservar para la prestaci\u00f3n del servicio solicitado por el usuario en una sola ocasi\u00f3n.<\/li>\n<li><strong>COOKIES PERSISTENTES:<\/strong>&nbsp;Son un tipo de cookies en las que los datos siguen almacenados en el terminal y pueden ser accedidos y tratados durante un periodo definido por el responsable de la cookie, y que puede ir de unos minutos a varios a\u00f1os.<\/li>\n<\/ul>\n<p><strong>POR SU FINALIDAD:<\/strong><\/p>\n<ul>\n<li><strong>COOKIES T\u00c9CNICAS:<\/strong>&nbsp;Permiten al usuario la navegaci\u00f3n a trav\u00e9s de una p\u00e1gina web, plataforma o aplicaci\u00f3n y la utilizaci\u00f3n de las diferentes opciones o servicios que en ella existan, pej., controlar el tr\u00e1fico y la comunicaci\u00f3n de datos, identificar la sesi\u00f3n, acceder a partes de acceso restringido, recordar los elementos que integran un pedido, realizar el proceso de compra de un pedido, realizar la solicitud de inscripci\u00f3n o participaci\u00f3n en un evento, utilizar elementos de seguridad durante la navegaci\u00f3n, almacenar contenidos para la difusi\u00f3n de videos o sonido o compartir contenidos a trav\u00e9s de redes sociales.<\/li>\n<li><strong>COOKIES DE PERSONALIZACI\u00d3N:<\/strong>&nbsp;Son aquellas que permiten al usuario acceder al servicio con algunas caracter\u00edsticas de car\u00e1cter general predefinidas en funci\u00f3n de una serie de criterios en el terminal del usuario como por ejemplo: ser\u00edan el idioma, el tipo de navegador a trav\u00e9s del cual se accede al servicio, la configuraci\u00f3n regional desde donde se accede al servicio, etc.<\/li>\n<li><strong>COOKIES DE AN\u00c1LISIS:<\/strong>&nbsp;Son aquellas que nos permiten cuantificar el n\u00famero de usuarios y as\u00ed realizar la medici\u00f3n y an\u00e1lisis estad\u00edstico de la utilizaci\u00f3n que hacen los mismos del servicio ofertado. Para ello se analiza su navegaci\u00f3n en nuestro sitio Web con el fin de mejorar los servicios que se divulgan.<\/li>\n<\/ul>\n<p>Se trata de cookies de terceros que se env\u00edan al equipo terminal del usuario desde un equipo o dominio gestionado por la propia entidad que realiza el an\u00e1lisis de los datos. Adem\u00e1s, son un tipo de cookies persistentes, por lo que los datos siguen almacenados en el terminal y pueden ser accedidos y tratados durante un periodo definido por el responsable de la cookie, y que puede ir de unos minutos a varios a\u00f1os.<\/p>\n<p>El detalle de las cookies utilizadas es el siguiente:<\/p>\n<p>[\/vc_column_text][vc_column_text]<\/p>\n<table>\n<tbody>\n<tr>\n<td>Nombre de la cookie<\/td>\n<td>Duraci\u00f3n<\/td>\n<td>Descripci\u00f3n<\/td>\n<\/tr>\n<tr>\n<td>1P_JAR<\/td>\n<td>1 mes<\/td>\n<td>Cookie de Google. Se usa para recopilar estad\u00edsticas del sitio web y rastrear las tasas de conversi\u00f3n.<\/td>\n<\/tr>\n<tr>\n<td>CONSENT<\/td>\n<td>Persistente<\/td>\n<td>Cookie que ayuda a almacenar el estado de consentimiento de cookies del usuario en el \u00e1mbito de las redes sociales.<\/td>\n<\/tr>\n<tr>\n<td>_ga<\/td>\n<td>2 a\u00f1os<\/td>\n<td>Se usa para distinguir a los usuarios.<\/td>\n<\/tr>\n<tr>\n<td>_gat<\/td>\n<td>1 d\u00eda<\/td>\n<td>Utilizado por Google Analytics para controlarla tasa de peticiones.<\/td>\n<\/tr>\n<tr>\n<td>DV<\/td>\n<td>1 d\u00eda<\/td>\n<td>Es utilizada por Google para proveer servicios y extraer informaci\u00f3n an\u00f3nima sobre la navegaci\u00f3n.<\/td>\n<\/tr>\n<tr>\n<td>_gid<\/td>\n<td>1 d\u00eda<\/td>\n<td>Registra una identificaci\u00f3n \u00fanica que se utiliza para generar datos estad\u00edsticos acerca de c\u00f3mo utiliza el visitan te el sitio web.<\/td>\n<\/tr>\n<tr>\n<td>wpl_user_preference<\/td>\n<td>1 mes<\/td>\n<td>Cookie necesaria que registra sus preferencias y consentimientos de cookies seg\u00fan valores de la secci\u00f3n AJUSTES.<\/td>\n<\/tr>\n<tr>\n<td>NID<\/td>\n<td>1 a\u00f1o<\/td>\n<td>Cookie t\u00e9cnica cargada por los servicios de Google, tales como reCaptcha y servicio de Google Maps. La cookie NID contiene un ID \u00fanico que Google utiliza para recordar tus preferencias y otra informaci\u00f3n, como tu idioma preferido. En nuestro Sitio Web usamos Google Maps.<\/td>\n<\/tr>\n<tr>\n<td>ANID<\/td>\n<td>1 mes<\/td>\n<td>Contiene un valor generado aleatoriamente \u00fanico que permite a la Plataforma para distinguir navegadores y dispositivos. Esta informaci\u00f3n es utilizada para medir el rendimiento de los anuncios y proporcionar recomendaciones relativas a productos basadas en datos estad\u00edsticos.<\/td>\n<\/tr>\n<tr>\n<td>wpl_viewed_cookie<\/td>\n<td>1 mes<\/td>\n<td>Cookie necesaria que registra si Vd. ha visto nuestro aviso de cookies y ha aceptado o ha rechazado las cookies.<\/td>\n<\/tr>\n<tr>\n<td>PHPSESSID<\/td>\n<td>Sesi\u00f3n<\/td>\n<td>Cookie necesaria nativa de PHP y permite a la web guardar datos serializados de estado. En esta web se usa para establecer sesiones de usuario pasando datos de estado a trav\u00e9s de una cookie temporal tambi\u00e9n conocida como Cookie de sesi\u00f3n. La cookie PHPSESSID no tiene caducidad establecida ya que desaparece cuando se cierra la web.<\/td>\n<\/tr>\n<\/tbody>\n<\/table>\n<p>[\/vc_column_text][vc_empty_space][vc_column_text]<\/p>\n<p>Recuerde que si desea restringir o bloquear las cookies establecidas por nosotros o cualquier otro sitio web, puede hacerlo a trav\u00e9s de la configuraci\u00f3n de su navegador. La funci\u00f3n de ayuda dentro de su navegador debe indicarle c\u00f3mo.<\/p>\n<p>Usted puede permitir, bloquear o eliminar las cookies instaladas en su equipo mediante la configuraci\u00f3n de las opciones del navegador instalado en su ordenador.<\/p>\n<p><strong>Firefox<\/strong>&nbsp;\u2013&nbsp;<a href=\"https:\/\/support.mozilla.org\/es\/kb\/habilitar-y-deshabilitar-cookies-que-los-sitios-we\" target=\"_blank\" rel=\"noopener noreferrer\">https:\/\/support.mozilla.org\/es\/kb\/habilitar-y-deshabilitar-cookies-que-los-sitios-we<\/a><\/p>\n<p><strong>Chrome<\/strong>&nbsp;\u2013&nbsp;<a href=\"https:\/\/support.google.com\/chrome\/bin\/answer.py?hl=es&amp;answer=95647\" target=\"_blank\" rel=\"noopener noreferrer\">https:\/\/support.google.com\/chrome\/bin\/answer.py?hl=es&amp;answer=95647<\/a><\/p>\n<p><strong>Explorer<\/strong>&nbsp;\u2013&nbsp;<a href=\"https:\/\/support.microsoft.com\/es-es\/help\/17442\/windows-internet-explorer-delete-manage-cookies#ie=ie-10\" target=\"_blank\" rel=\"noopener noreferrer\">https:\/\/support.microsoft.com\/es-es\/help\/17442\/windows-internet-explorer-delete-manage-cookies#ie=ie-10<\/a><\/p>\n<p><strong>Safari&nbsp;<\/strong>&nbsp;\u2013&nbsp;<a href=\"https:\/\/support.apple.com\/es-es\/guide\/safari\/sfri11471\/mac\" target=\"_blank\" rel=\"noopener noreferrer\">https:\/\/support.apple.com\/es-es\/guide\/safari\/sfri11471\/machttps:\/\/support.apple.com\/kb\/ph21411?locale=es_ES<\/a><\/p>\n<p><strong>Opera<\/strong>&nbsp;\u2013&nbsp;<a href=\"https:\/\/www.opera.com\/help\/tutorials\/security\/privacy\/\" target=\"_blank\" rel=\"noopener noreferrer\">https:\/\/www.opera.com\/help\/tutorials\/security\/privacy\/<\/a><\/p>\n<p>Si desea rechazar las cookies anal\u00edticas de Google Analytics en todos&nbsp;los navegadores, de forma que no se env\u00ede informaci\u00f3n suya a Google Analytics, puede descargar un complemento que realiza esta funci\u00f3n desde este enlace:&nbsp;<a href=\"https:\/\/tools.google.com\/dlpage\/gaoptout\" target=\"_blank\" rel=\"noopener noreferrer\">https:\/\/tools.google.com\/dlpage\/gaoptout<\/a><\/p>\n<p>[\/vc_column_text][vc_empty_space][\/vc_column][\/vc_row]<\/p>\n","protected":false},"excerpt":{"rendered":"<p>[vc_row][vc_column][vc_empty_space][vc_custom_heading divide_line=&#8220;yes&#8220; divide_line_color=&#8220;#877f52&#8243; text=&#8220;Cookie-Richtlinie&#8220; font_container=&#8220;tag:h2|font_size:50|text_align:center&#8220; use_theme_fonts=&#8220;yes&#8220; margin_top=&#8220;0px&#8220;][vc_column_text] En todas las p\u00e1ginas del sitio web se ilustra informaci\u00f3n sobre su Pol\u00edtica de Cookies en la parte inferior de las mismas para que el Usuario pueda acceder a la misma en cualquier momento de la navegaci\u00f3n, pudiendo consentir y aceptar que se usen las cookies, en cuyo [&hellip;]<\/p>\n","protected":false},"author":1,"featured_media":0,"parent":0,"menu_order":0,"comment_status":"closed","ping_status":"open","template":"","meta":{"ngg_post_thumbnail":0,"_joinchat":[]},"yoast_head":"<!-- This site is optimized with the Yoast SEO plugin v16.4 - https:\/\/yoast.com\/wordpress\/plugins\/seo\/ -->\n<title>Cookie-Richtlinie - Braplastic<\/title>\n<meta name=\"robots\" content=\"index, follow, max-snippet:-1, max-image-preview:large, max-video-preview:-1\" \/>\n<link rel=\"canonical\" href=\"https:\/\/braplastic.com\/de\/cookie-richtlinie\/\" \/>\n<meta property=\"og:locale\" content=\"de_DE\" \/>\n<meta property=\"og:type\" content=\"article\" \/>\n<meta property=\"og:title\" content=\"Cookie-Richtlinie - Braplastic\" \/>\n<meta property=\"og:description\" content=\"[vc_row][vc_column][vc_empty_space][vc_custom_heading divide_line=&#8220;yes&#8220; divide_line_color=&#8220;#877f52&#8243; text=&#8220;Cookie-Richtlinie&#8220; font_container=&#8220;tag:h2|font_size:50|text_align:center&#8220; use_theme_fonts=&#8220;yes&#8220; margin_top=&#8220;0px&#8220;][vc_column_text] En todas las p\u00e1ginas del sitio web se ilustra informaci\u00f3n sobre su Pol\u00edtica de Cookies en la parte inferior de las mismas para que el Usuario pueda acceder a la misma en cualquier momento de la navegaci\u00f3n, pudiendo consentir y aceptar que se usen las cookies, en cuyo [&hellip;]\" \/>\n<meta property=\"og:url\" content=\"https:\/\/braplastic.com\/de\/cookie-richtlinie\/\" \/>\n<meta property=\"og:site_name\" content=\"Braplastic\" \/>\n<meta property=\"article:modified_time\" content=\"2021-01-20T08:55:21+00:00\" \/>\n<meta name=\"twitter:card\" content=\"summary_large_image\" \/>\n<meta name=\"twitter:label1\" content=\"Gesch\u00e4tzte Lesezeit\" \/>\n\t<meta name=\"twitter:data1\" content=\"6\u00a0Minuten\" \/>\n<script type=\"application\/ld+json\" class=\"yoast-schema-graph\">{\"@context\":\"https:\/\/schema.org\",\"@graph\":[{\"@type\":\"WebSite\",\"@id\":\"https:\/\/braplastic.com\/#website\",\"url\":\"https:\/\/braplastic.com\/\",\"name\":\"Braplastic\",\"description\":\"Empresa de inyecci\\u00f3n de pl\\u00e1stico\",\"potentialAction\":[{\"@type\":\"SearchAction\",\"target\":\"https:\/\/braplastic.com\/?s={search_term_string}\",\"query-input\":\"required name=search_term_string\"}],\"inLanguage\":\"de\"},{\"@type\":\"WebPage\",\"@id\":\"https:\/\/braplastic.com\/de\/cookie-richtlinie\/#webpage\",\"url\":\"https:\/\/braplastic.com\/de\/cookie-richtlinie\/\",\"name\":\"Cookie-Richtlinie - Braplastic\",\"isPartOf\":{\"@id\":\"https:\/\/braplastic.com\/#website\"},\"datePublished\":\"2021-01-20T08:55:19+00:00\",\"dateModified\":\"2021-01-20T08:55:21+00:00\",\"breadcrumb\":{\"@id\":\"https:\/\/braplastic.com\/de\/cookie-richtlinie\/#breadcrumb\"},\"inLanguage\":\"de\",\"potentialAction\":[{\"@type\":\"ReadAction\",\"target\":[\"https:\/\/braplastic.com\/de\/cookie-richtlinie\/\"]}]},{\"@type\":\"BreadcrumbList\",\"@id\":\"https:\/\/braplastic.com\/de\/cookie-richtlinie\/#breadcrumb\",\"itemListElement\":[{\"@type\":\"ListItem\",\"position\":1,\"item\":{\"@type\":\"WebPage\",\"@id\":\"https:\/\/braplastic.com\/de\/\",\"url\":\"https:\/\/braplastic.com\/de\/\",\"name\":\"Portada\"}},{\"@type\":\"ListItem\",\"position\":2,\"item\":{\"@id\":\"https:\/\/braplastic.com\/de\/cookie-richtlinie\/#webpage\"}}]}]}<\/script>\n<!-- \/ Yoast SEO plugin. -->","_links":{"self":[{"href":"https:\/\/braplastic.com\/de\/wp-json\/wp\/v2\/pages\/14039"}],"collection":[{"href":"https:\/\/braplastic.com\/de\/wp-json\/wp\/v2\/pages"}],"about":[{"href":"https:\/\/braplastic.com\/de\/wp-json\/wp\/v2\/types\/page"}],"author":[{"embeddable":true,"href":"https:\/\/braplastic.com\/de\/wp-json\/wp\/v2\/users\/1"}],"replies":[{"embeddable":true,"href":"https:\/\/braplastic.com\/de\/wp-json\/wp\/v2\/comments?post=14039"}],"version-history":[{"count":7,"href":"https:\/\/braplastic.com\/de\/wp-json\/wp\/v2\/pages\/14039\/revisions"}],"predecessor-version":[{"id":14069,"href":"https:\/\/braplastic.com\/de\/wp-json\/wp\/v2\/pages\/14039\/revisions\/14069"}],"wp:attachment":[{"href":"https:\/\/braplastic.com\/de\/wp-json\/wp\/v2\/media?parent=14039"}],"curies":[{"name":"wp","href":"https:\/\/api.w.org\/{rel}","templated":true}]}}