{"id":9403,"date":"2016-08-04T16:46:48","date_gmt":"2016-08-04T16:46:48","guid":{"rendered":"http:\/\/www.braplastic.com\/contacto\/"},"modified":"2021-01-25T11:55:09","modified_gmt":"2021-01-25T11:55:09","slug":"contacto","status":"publish","type":"page","link":"https:\/\/braplastic.com\/de\/contacto\/","title":{"rendered":"KONTAKT"},"content":{"rendered":"<p>[vc_row fullwidth=&#8220;has-fullwidth-column&#8220; bg_color=&#8220;#ffffff&#8220; gap=&#8220;30&#8243; equal_height=&#8220;yes&#8220; content_placement=&#8220;middle&#8220; margin_right=&#8220;-15&#8243; margin_left=&#8220;-15&#8243; padding_top=&#8220;15&#8243; padding_bottom=&#8220;15&#8243; el_class=&#8220;contact-form&#8220; el_id=&#8220;contact-form&#8220;][vc_column dark_mode=&#8220;has-dark-mode&#8220; bg_color=&#8220;#877f52&#8243; animation=&#8220;1&#8243; animation_style=&#8220;slideInLeft&#8220; animation_duration=&#8220;0.8&#8243; animation_delay=&#8220;0.4&#8243; padding_top=&#8220;10%&#8220; padding_bottom=&#8220;10%&#8220; offset=&#8220;vc_col-md-6&#8243;][vc_custom_heading text=&#8220;Wo sind wir?&#8220; font_container=&#8220;tag:h2|font_size:42|text_align:center|color:%23ffffff&#8220; use_theme_fonts=&#8220;yes&#8220; margin_top=&#8220;0px&#8220; margin_bottom=&#8220;5px&#8220;][vc_custom_heading text=&#8220;Can Mauri, 40-42<br \/>\nPol. Ind. Can Roqueta II<br \/>\n08202 Sabadell&#8220; font_container=&#8220;tag:p|font_size:18|text_align:center|color:%23ffffff&#8220; use_theme_fonts=&#8220;yes&#8220;][vc_empty_space][vc_custom_heading text=&#8220;Wie k\u00f6nnen Sie uns kontaktieren?&#8220; font_container=&#8220;tag:h2|font_size:42|text_align:center|color:%23ffffff&#8220; use_theme_fonts=&#8220;yes&#8220; margin_top=&#8220;0px&#8220; margin_bottom=&#8220;5px&#8220;][vc_custom_heading text=&#8220;T. +34 93 746 61 56<br \/>\ninfo@braplastic.com&#8220; font_container=&#8220;tag:p|font_size:18|text_align:center|color:%23ffffff&#8220; use_theme_fonts=&#8220;yes&#8220;][\/vc_column][vc_column bg_color=&#8220;#ffffff&#8220; animation=&#8220;1&#8243; animation_style=&#8220;fadeInRight&#8220; animation_duration=&#8220;0.8&#8243; animation_delay=&#8220;0.4&#8243; padding_top=&#8220;0px&#8220; padding_right=&#8220;13%&#8220; padding_bottom=&#8220;0px&#8220; padding_left=&#8220;13%&#8220; offset=&#8220;vc_col-md-6&#8243;][vc_custom_heading text=&#8220;Wenn Sie es vorziehen, k\u00f6nnen Sie das folgende Formular ausf\u00fcllen und wir werden Sie so schnell wie m\u00f6glich kontaktieren.&#8220; font_container=&#8220;tag:h5|text_align:center|color:%23877f52|line_height:1.7&#8243; use_theme_fonts=&#8220;yes&#8220;]<div class=\" separator separator_center\" style=\"width:100%; \">\r\n\t\t\t\t\t<span class=\"sep_holder sep_holder_l\"><span style=\"border-top-style:solid; border-color:#877f52\" class=\"sep_line\"><\/span><\/span>\r\n\t\t\t\t\t\r\n\t\t\t\t\t<span class=\"sep_holder sep_holder_r\"><span style=\"border-top-style:solid; border-color:#877f52\" class=\"sep_line\"><\/span><\/span>\r\n\t\t\t\t<\/div>[vc_empty_space]<div role=\"form\" class=\"wpcf7\" id=\"wpcf7-f12995-o1\" lang=\"en-US\" dir=\"ltr\">\n<div class=\"screen-reader-response\"><p role=\"status\" aria-live=\"polite\" aria-atomic=\"true\"><\/p> <ul><\/ul><\/div>\n<form action=\"\/de\/wp-json\/wp\/v2\/pages\/9403#wpcf7-f12995-o1\" method=\"post\" class=\"wpcf7-form init\" novalidate=\"novalidate\" data-status=\"init\">\n<div style=\"display: none;\">\n<input type=\"hidden\" name=\"_wpcf7\" value=\"12995\" \/>\n<input type=\"hidden\" name=\"_wpcf7_version\" value=\"5.3.2\" \/>\n<input type=\"hidden\" name=\"_wpcf7_locale\" value=\"en_US\" \/>\n<input type=\"hidden\" name=\"_wpcf7_unit_tag\" value=\"wpcf7-f12995-o1\" \/>\n<input type=\"hidden\" name=\"_wpcf7_container_post\" value=\"0\" \/>\n<input type=\"hidden\" name=\"_wpcf7_posted_data_hash\" value=\"\" \/>\n<\/div>\n<div class=\"row fortune-contact-form-style-3\">\n<div class=\"col-sm-12 col-md-6\">\n<div class=\"row\">\n<div class=\"col-sm-12 col-md-12\"><span class=\"wpcf7-form-control-wrap nombre\"><input type=\"text\" name=\"nombre\" value=\"\" size=\"40\" class=\"wpcf7-form-control wpcf7-text wpcf7-validates-as-required\" aria-required=\"true\" aria-invalid=\"false\" placeholder=\"Name*\" \/><\/span><\/div>\n<div class=\"col-sm-12 col-md-12\"><span class=\"wpcf7-form-control-wrap empresa\"><input type=\"text\" name=\"empresa\" value=\"\" size=\"40\" class=\"wpcf7-form-control wpcf7-text\" aria-invalid=\"false\" placeholder=\"Unternehmen\" \/><\/span><\/div>\n<div class=\"col-sm-12 col-md-12\"><span class=\"wpcf7-form-control-wrap email\"><input type=\"email\" name=\"email\" value=\"\" size=\"40\" class=\"wpcf7-form-control wpcf7-text wpcf7-email wpcf7-validates-as-required wpcf7-validates-as-email\" aria-required=\"true\" aria-invalid=\"false\" placeholder=\"Email*\" \/><\/span><\/div>\n<div class=\"col-sm-12 col-md-12\"><span class=\"wpcf7-form-control-wrap telefono\"><input type=\"text\" name=\"telefono\" value=\"\" size=\"40\" class=\"wpcf7-form-control wpcf7-text wpcf7-validates-as-required\" aria-required=\"true\" aria-invalid=\"false\" placeholder=\"Telefon*\" \/><\/span><\/div><\/div><\/div>\n<div class=\"col-sm-12 col-md-6\">\n<div class=\"row\">\n<div class=\"col-sm-12 col-md-12\"><span class=\"wpcf7-form-control-wrap asunto\"><input type=\"text\" name=\"asunto\" value=\"\" size=\"40\" class=\"wpcf7-form-control wpcf7-text\" aria-invalid=\"false\" placeholder=\"Aff\u00e4re\" \/><\/span><\/div>\n<div class=\"col-sm-12 col-md-12\"><span class=\"wpcf7-form-control-wrap mensaje\"><textarea name=\"mensaje\" cols=\"40\" rows=\"7\" class=\"wpcf7-form-control wpcf7-textarea wpcf7-validates-as-required\" aria-required=\"true\" aria-invalid=\"false\" placeholder=\"Abfrage*\"><\/textarea><\/span><\/div><\/div><\/div>\n<div class=\"col-sm-12 col-md-12\"><span class=\"wpcf7-form-control-wrap acceptance-364\"><span class=\"wpcf7-form-control wpcf7-acceptance\"><span class=\"wpcf7-list-item\"><label><input type=\"checkbox\" name=\"acceptance-364\" value=\"1\" aria-invalid=\"false\" \/><span class=\"wpcf7-list-item-label\">Ich akzeptiere die <a rel=\"nofollow\" href=\"\/de\/politica-de-privacidad\/\" \n         target=\"_blank\">Datenschutzbestimmungen<\/a> von Braplastic<\/span><\/label><\/span><\/span><\/span>\n    <\/div>\n<div class=\"col-sm-12 col-md-12\"><div id=\"cf7sr-6a0450134fbcf\" class=\"cf7sr-g-recaptcha\" data-sitekey=\"6LcZ5cwZAAAAADn3FwTqSRmLCJEj4PWymWzq0Aau\"><\/div><span class=\"wpcf7-form-control-wrap cf7sr-g-recaptcha-invalid\"><\/span><\/div>\n<div class=\"col-sm-12 col-md-12\"><span id=\"wpcf7-6a0450134faa6\" class=\"wpcf7-form-control-wrap honeypot-braplastic-wrap\" style=\"display:none !important; visibility:hidden !important;\"><label  class=\"hp-message\">Bitte lasse dieses Feld leer.<\/label><input class=\"wpcf7-form-control wpcf7-text\"  type=\"text\" name=\"honeypot-braplastic\" value=\"\" size=\"40\" tabindex=\"-1\" autocomplete=\"nope\" \/><\/span><\/div>\n<div class=\"col-sm-12 col-md-12 text-center\"><input type=\"submit\" value=\"Senden\" class=\"wpcf7-form-control wpcf7-submit btn-accent\" \/><\/div>\n<\/div>\n<div class=\"wpcf7-response-output\" aria-hidden=\"true\"><\/div><\/form><\/div>[\/vc_column][\/vc_row][vc_row fullwidth=&#8220;has-fullwidth-column-no-padding&#8220; margin_bottom=&#8220;20px&#8220; el_id=&#8220;contact-map&#8220; el_class=&#8220;contact-map&#8220;][vc_column animation=&#8220;1&#8243; animation_style=&#8220;zoomIn&#8220; animation_duration=&#8220;0.8&#8243; animation_delay=&#8220;0.4&#8243;][vc_column_text el_class=&#8220;act-maps&#8220;]<iframe style=\"border: 0;\" tabindex=\"0\" src=\"https:\/\/www.google.com\/maps\/embed?pb=!1m14!1m8!1m3!1d95556.89091326651!2d2.111762176612645!3d41.54428782404204!3m2!1i1024!2i768!4f13.1!3m3!1m2!1s0x0%3A0xbeb246ffd9483cfd!2sBraplastic%20Sabadell%2C%20S.L.!5e0!3m2!1ses!2ses!4v1610360669297!5m2!1ses!2ses\" width=\"100%\" height=\"370\" frameborder=\"0\" allowfullscreen=\"allowfullscreen\"><\/iframe>[\/vc_column_text][\/vc_column][\/vc_row]<\/p>\n","protected":false},"excerpt":{"rendered":"<p>[vc_row fullwidth=&#8220;has-fullwidth-column&#8220; bg_color=&#8220;#ffffff&#8220; gap=&#8220;30&#8243; equal_height=&#8220;yes&#8220; content_placement=&#8220;middle&#8220; margin_right=&#8220;-15&#8243; margin_left=&#8220;-15&#8243; padding_top=&#8220;15&#8243; padding_bottom=&#8220;15&#8243; el_class=&#8220;contact-form&#8220; el_id=&#8220;contact-form&#8220;][vc_column dark_mode=&#8220;has-dark-mode&#8220; bg_color=&#8220;#877f52&#8243; animation=&#8220;1&#8243; animation_style=&#8220;slideInLeft&#8220; animation_duration=&#8220;0.8&#8243; animation_delay=&#8220;0.4&#8243; padding_top=&#8220;10%&#8220; padding_bottom=&#8220;10%&#8220; offset=&#8220;vc_col-md-6&#8243;][vc_custom_heading text=&#8220;Wo sind wir?&#8220; font_container=&#8220;tag:h2|font_size:42|text_align:center|color:%23ffffff&#8220; use_theme_fonts=&#8220;yes&#8220; margin_top=&#8220;0px&#8220; margin_bottom=&#8220;5px&#8220;][vc_custom_heading text=&#8220;Can Mauri, 40-42 Pol. Ind. Can Roqueta II 08202 Sabadell&#8220; font_container=&#8220;tag:p|font_size:18|text_align:center|color:%23ffffff&#8220; use_theme_fonts=&#8220;yes&#8220;][vc_empty_space][vc_custom_heading text=&#8220;Wie k\u00f6nnen Sie uns kontaktieren?&#8220; font_container=&#8220;tag:h2|font_size:42|text_align:center|color:%23ffffff&#8220; use_theme_fonts=&#8220;yes&#8220; margin_top=&#8220;0px&#8220; margin_bottom=&#8220;5px&#8220;][vc_custom_heading text=&#8220;T. +34 93 746 61 56 [&hellip;]<\/p>\n","protected":false},"author":1,"featured_media":0,"parent":0,"menu_order":0,"comment_status":"closed","ping_status":"closed","template":"","meta":{"ngg_post_thumbnail":0,"_joinchat":[]},"yoast_head":"<!-- This site is optimized with the Yoast SEO plugin v16.4 - https:\/\/yoast.com\/wordpress\/plugins\/seo\/ -->\n<title>KONTAKT - Braplastic<\/title>\n<meta name=\"robots\" content=\"index, follow, max-snippet:-1, max-image-preview:large, max-video-preview:-1\" \/>\n<link rel=\"canonical\" href=\"https:\/\/braplastic.com\/de\/contacto\/\" \/>\n<meta property=\"og:locale\" content=\"de_DE\" \/>\n<meta property=\"og:type\" content=\"article\" \/>\n<meta property=\"og:title\" content=\"KONTAKT - Braplastic\" \/>\n<meta property=\"og:description\" content=\"[vc_row fullwidth=&#8220;has-fullwidth-column&#8220; bg_color=&#8220;#ffffff&#8220; gap=&#8220;30&#8243; equal_height=&#8220;yes&#8220; content_placement=&#8220;middle&#8220; margin_right=&#8220;-15&#8243; margin_left=&#8220;-15&#8243; padding_top=&#8220;15&#8243; padding_bottom=&#8220;15&#8243; el_class=&#8220;contact-form&#8220; el_id=&#8220;contact-form&#8220;][vc_column dark_mode=&#8220;has-dark-mode&#8220; bg_color=&#8220;#877f52&#8243; animation=&#8220;1&#8243; animation_style=&#8220;slideInLeft&#8220; animation_duration=&#8220;0.8&#8243; animation_delay=&#8220;0.4&#8243; padding_top=&#8220;10%&#8220; padding_bottom=&#8220;10%&#8220; offset=&#8220;vc_col-md-6&#8243;][vc_custom_heading text=&#8220;Wo sind wir?&#8220; font_container=&#8220;tag:h2|font_size:42|text_align:center|color:%23ffffff&#8220; use_theme_fonts=&#8220;yes&#8220; margin_top=&#8220;0px&#8220; margin_bottom=&#8220;5px&#8220;][vc_custom_heading text=&#8220;Can Mauri, 40-42 Pol. Ind. Can Roqueta II 08202 Sabadell&#8220; font_container=&#8220;tag:p|font_size:18|text_align:center|color:%23ffffff&#8220; use_theme_fonts=&#8220;yes&#8220;][vc_empty_space][vc_custom_heading text=&#8220;Wie k\u00f6nnen Sie uns kontaktieren?&#8220; font_container=&#8220;tag:h2|font_size:42|text_align:center|color:%23ffffff&#8220; use_theme_fonts=&#8220;yes&#8220; margin_top=&#8220;0px&#8220; margin_bottom=&#8220;5px&#8220;][vc_custom_heading text=&#8220;T. +34 93 746 61 56 [&hellip;]\" \/>\n<meta property=\"og:url\" content=\"https:\/\/braplastic.com\/de\/contacto\/\" \/>\n<meta property=\"og:site_name\" content=\"Braplastic\" \/>\n<meta property=\"article:modified_time\" content=\"2021-01-25T11:55:09+00:00\" \/>\n<meta name=\"twitter:card\" content=\"summary_large_image\" \/>\n<meta name=\"twitter:label1\" content=\"Gesch\u00e4tzte Lesezeit\" \/>\n\t<meta name=\"twitter:data1\" content=\"1\u00a0Minute\" \/>\n<script type=\"application\/ld+json\" class=\"yoast-schema-graph\">{\"@context\":\"https:\/\/schema.org\",\"@graph\":[{\"@type\":\"WebSite\",\"@id\":\"https:\/\/braplastic.com\/#website\",\"url\":\"https:\/\/braplastic.com\/\",\"name\":\"Braplastic\",\"description\":\"Empresa de inyecci\\u00f3n de pl\\u00e1stico\",\"potentialAction\":[{\"@type\":\"SearchAction\",\"target\":\"https:\/\/braplastic.com\/?s={search_term_string}\",\"query-input\":\"required name=search_term_string\"}],\"inLanguage\":\"de\"},{\"@type\":\"WebPage\",\"@id\":\"https:\/\/braplastic.com\/de\/contacto\/#webpage\",\"url\":\"https:\/\/braplastic.com\/de\/contacto\/\",\"name\":\"KONTAKT - Braplastic\",\"isPartOf\":{\"@id\":\"https:\/\/braplastic.com\/#website\"},\"datePublished\":\"2016-08-04T16:46:48+00:00\",\"dateModified\":\"2021-01-25T11:55:09+00:00\",\"breadcrumb\":{\"@id\":\"https:\/\/braplastic.com\/de\/contacto\/#breadcrumb\"},\"inLanguage\":\"de\",\"potentialAction\":[{\"@type\":\"ReadAction\",\"target\":[\"https:\/\/braplastic.com\/de\/contacto\/\"]}]},{\"@type\":\"BreadcrumbList\",\"@id\":\"https:\/\/braplastic.com\/de\/contacto\/#breadcrumb\",\"itemListElement\":[{\"@type\":\"ListItem\",\"position\":1,\"item\":{\"@type\":\"WebPage\",\"@id\":\"https:\/\/braplastic.com\/de\/\",\"url\":\"https:\/\/braplastic.com\/de\/\",\"name\":\"Portada\"}},{\"@type\":\"ListItem\",\"position\":2,\"item\":{\"@id\":\"https:\/\/braplastic.com\/de\/contacto\/#webpage\"}}]}]}<\/script>\n<!-- \/ Yoast SEO plugin. -->","_links":{"self":[{"href":"https:\/\/braplastic.com\/de\/wp-json\/wp\/v2\/pages\/9403"}],"collection":[{"href":"https:\/\/braplastic.com\/de\/wp-json\/wp\/v2\/pages"}],"about":[{"href":"https:\/\/braplastic.com\/de\/wp-json\/wp\/v2\/types\/page"}],"author":[{"embeddable":true,"href":"https:\/\/braplastic.com\/de\/wp-json\/wp\/v2\/users\/1"}],"replies":[{"embeddable":true,"href":"https:\/\/braplastic.com\/de\/wp-json\/wp\/v2\/comments?post=9403"}],"version-history":[{"count":5,"href":"https:\/\/braplastic.com\/de\/wp-json\/wp\/v2\/pages\/9403\/revisions"}],"predecessor-version":[{"id":14017,"href":"https:\/\/braplastic.com\/de\/wp-json\/wp\/v2\/pages\/9403\/revisions\/14017"}],"wp:attachment":[{"href":"https:\/\/braplastic.com\/de\/wp-json\/wp\/v2\/media?parent=9403"}],"curies":[{"name":"wp","href":"https:\/\/api.w.org\/{rel}","templated":true}]}}