{"id":9437,"date":"2020-10-14T11:22:49","date_gmt":"2020-10-14T11:22:49","guid":{"rendered":"http:\/\/www.braplastic.com\/servicios\/productos-de-proteccion\/"},"modified":"2021-01-25T12:03:38","modified_gmt":"2021-01-25T12:03:38","slug":"productos-de-proteccion","status":"publish","type":"page","link":"https:\/\/braplastic.com\/de\/servicios\/productos-de-proteccion\/","title":{"rendered":"Produkte f\u00fcr den Schutz"},"content":{"rendered":"<p>[vc_row bg_choice=&#8220;2&#8243; bg_image=&#8220;13978&#8243; bg_image_repeat=&#8220;no-repeat&#8220; bg_image_attachment=&#8220;fixed&#8220; bg_overlay=&#8220;1&#8243; bg_overlay_color=&#8220;rgba(0,0,0,0.75)&#8220; margin_top=&#8220;20px&#8220; margin_bottom=&#8220;20px&#8220; padding_top=&#8220;6%&#8220; padding_bottom=&#8220;4%&#8220; bg_parallax=&#8220;1&#8243; el_class=&#8220;call-to-action&#8220; el_id=&#8220;intro&#8220;][vc_column dark_mode=&#8220;has-dark-mode&#8220; align=&#8220;center&#8220; width=&#8220;5\/6&#8243; animation=&#8220;1&#8243; animation_duration=&#8220;0.8&#8243; animation_delay=&#8220;0.4&#8243; offset=&#8220;vc_col-md-offset-2 vc_col-md-8 vc_col-sm-offset-1&#8243;][vc_custom_heading text=&#8220;Wir verf\u00fcgen \u00fcber einen breiten Katalog von Schutzprodukten f\u00fcr Prozesse und Transport.&#8220; font_container=&#8220;tag:p|font_size:18|text_align:justify&#8220; use_theme_fonts=&#8220;yes&#8220; margin_bottom=&#8220;0px&#8220; custom_heading_font_weight=&#8220;400&#8243;][vc_empty_space][vc_custom_heading text=&#8220;In unserem Stock verf\u00fcgen wir \u00fcber s\u00e4mtliche Standardprodukte sowie Gr\u00f6ssen wie z.B. Rohrschutzkappen oder Stopfen, um so einen z\u00fcgigen und effizienten Service anzubieten.<br \/>\nUnd dadurch, dass wir selbst Hersteller sind, verf\u00fcgen wir \u00fcber die Flexibilit\u00e4t und M\u00f6glichkeit, Ihre pers\u00f6nlichen und auf Ihre Bed\u00fcrfnisse abgestimmte Produkte, problemlos selbst herzustellen.&#8220; font_container=&#8220;tag:p|font_size:18|text_align:justify&#8220; use_theme_fonts=&#8220;yes&#8220; margin_bottom=&#8220;0px&#8220; custom_heading_font_weight=&#8220;400&#8243;][vc_empty_space height=&#8220;16px&#8220;]<div class=\" agni-button  text-center page-scroll\"><a class=\"btn btn-lg btn-white\" target=\"_self\" href=\"\/de\/catalogo\" style=\"margin-top: 20px; margin-bottom: px; margin-left: px; margin-right: px; border-radius:50px;\" >Siehe Katalog<\/a><\/div>[\/vc_column][\/vc_row][vc_row fullwidth=&#8220;has-fullwidth-column&#8220; bg_color=&#8220;#ffffff&#8220; gap=&#8220;30&#8243; equal_height=&#8220;yes&#8220; content_placement=&#8220;middle&#8220; disable_element=&#8220;yes&#8220; el_class=&#8220;features-boxes&#8220;][vc_column dark_mode=&#8220;has-dark-mode&#8220; bg_choice=&#8220;2&#8243; bg_image=&#8220;9201&#8243; bg_overlay=&#8220;1&#8243; bg_overlay_color=&#8220;rgba(0,0,0,0.75)&#8220; animation=&#8220;1&#8243; animation_style=&#8220;fadeInDown&#8220; animation_duration=&#8220;0.8&#8243; animation_delay=&#8220;0.4&#8243; padding_top=&#8220;30px&#8220; padding_right=&#8220;18%&#8220; padding_bottom=&#8220;30px&#8220; padding_left=&#8220;18%&#8220; offset=&#8220;vc_col-md-6&#8243;][vc_empty_space height=&#8220;130px&#8220; height_tab=&#8220;80px&#8220; height_mobile=&#8220;20px&#8220;][vc_custom_heading divide_line=&#8220;yes&#8220; divide_line_width=&#8220;70&#8243; divide_line_color=&#8220;#ffffff&#8220; text=&#8220;Log\u00edstica&#8220; font_container=&#8220;tag:h2|text_align:center|color:%23ffffff&#8220; use_theme_fonts=&#8220;yes&#8220; margin_top=&#8220;0px&#8220;][vc_custom_heading text=&#8220;Servicio internacional&#8220; font_container=&#8220;tag:p|font_size:16|text_align:center|color:%23ffffff&#8220; use_theme_fonts=&#8220;yes&#8220;][vc_custom_heading text=&#8220;Exportamos nuestra producci\u00f3n a diferentes pa\u00edses de cuatro continentes, principalmente europeos.&#8220; font_container=&#8220;tag:p|font_size:16|text_align:justify|color:%23ffffff&#8220; use_theme_fonts=&#8220;yes&#8220;][vc_custom_heading text=&#8220;Enviamos sus piezas a cualquier lugar del mundo, siempre a tiempo. Porque tan importante es la calidad de las piezas, como que estas se entreguen bien y en el momento adecuado.&#8220; font_container=&#8220;tag:p|font_size:16|text_align:justify|color:%23ffffff&#8220; use_theme_fonts=&#8220;yes&#8220;][vc_empty_space height=&#8220;130px&#8220; height_tab=&#8220;80px&#8220; height_mobile=&#8220;20px&#8220;][\/vc_column][vc_column dark_mode=&#8220;has-dark-mode&#8220; bg_color=&#8220;#877f52&#8243; animation=&#8220;1&#8243; animation_duration=&#8220;0.8&#8243; animation_delay=&#8220;0.4&#8243; padding_top=&#8220;30px&#8220; padding_right=&#8220;18%&#8220; padding_bottom=&#8220;30px&#8220; padding_left=&#8220;18%&#8220; offset=&#8220;vc_col-md-6&#8243;][vc_empty_space height=&#8220;130px&#8220; height_tab=&#8220;80px&#8220; height_mobile=&#8220;20px&#8220;][vc_custom_heading divide_line=&#8220;yes&#8220; divide_line_width=&#8220;70&#8243; divide_line_color=&#8220;#ffffff&#8220; text=&#8220;Manipulado y montajes&#8220; font_container=&#8220;tag:h2|text_align:center|color:%23ffffff&#8220; use_theme_fonts=&#8220;yes&#8220; margin_top=&#8220;0px&#8220;][vc_custom_heading text=&#8220;Nos encargamos del manipulado post-inyecci\u00f3n de sus piezas y montaje de conjuntos completos, y nos dise\u00f1amos nuestra propia maquinaria para automatizar procesos.&#8220; font_container=&#8220;tag:p|font_size:16|text_align:justify|color:%23ffffff&#8220; use_theme_fonts=&#8220;yes&#8220; padding_bottom=&#8220;10px&#8220;][vc_custom_heading text=&#8220;Disponemos de soldadura por ultrasonido para colocar insertos met\u00e1licos y soldar componentes pl\u00e1sticos.&#8220; font_container=&#8220;tag:p|font_size:16|text_align:justify|color:%23ffffff&#8220; use_theme_fonts=&#8220;yes&#8220; padding_bottom=&#8220;10px&#8220;][vc_custom_heading text=&#8220;Tambi\u00e9n disponemos de m\u00e1quina con t\u00fanel de retractilado para sus piezas o si lo prefiere podemos entregar las piezas en el embalaje final del cliente&#8220; font_container=&#8220;tag:p|font_size:16|text_align:justify|color:%23ffffff&#8220; use_theme_fonts=&#8220;yes&#8220; padding_bottom=&#8220;10px&#8220;][vc_empty_space height=&#8220;130px&#8220; height_tab=&#8220;80px&#8220; height_mobile=&#8220;20px&#8220;][\/vc_column][\/vc_row]<\/p>\n","protected":false},"excerpt":{"rendered":"<p>[vc_row bg_choice=&#8220;2&#8243; bg_image=&#8220;13978&#8243; bg_image_repeat=&#8220;no-repeat&#8220; bg_image_attachment=&#8220;fixed&#8220; bg_overlay=&#8220;1&#8243; bg_overlay_color=&#8220;rgba(0,0,0,0.75)&#8220; margin_top=&#8220;20px&#8220; margin_bottom=&#8220;20px&#8220; padding_top=&#8220;6%&#8220; padding_bottom=&#8220;4%&#8220; bg_parallax=&#8220;1&#8243; el_class=&#8220;call-to-action&#8220; el_id=&#8220;intro&#8220;][vc_column dark_mode=&#8220;has-dark-mode&#8220; align=&#8220;center&#8220; width=&#8220;5\/6&#8243; animation=&#8220;1&#8243; animation_duration=&#8220;0.8&#8243; animation_delay=&#8220;0.4&#8243; offset=&#8220;vc_col-md-offset-2 vc_col-md-8 vc_col-sm-offset-1&#8243;][vc_custom_heading text=&#8220;Wir verf\u00fcgen \u00fcber einen breiten Katalog von Schutzprodukten f\u00fcr Prozesse und Transport.&#8220; font_container=&#8220;tag:p|font_size:18|text_align:justify&#8220; use_theme_fonts=&#8220;yes&#8220; margin_bottom=&#8220;0px&#8220; custom_heading_font_weight=&#8220;400&#8243;][vc_empty_space][vc_custom_heading text=&#8220;In unserem Stock verf\u00fcgen wir \u00fcber s\u00e4mtliche Standardprodukte sowie Gr\u00f6ssen wie z.B. Rohrschutzkappen oder Stopfen, um [&hellip;]<\/p>\n","protected":false},"author":1,"featured_media":0,"parent":9412,"menu_order":0,"comment_status":"closed","ping_status":"closed","template":"","meta":{"ngg_post_thumbnail":0,"_joinchat":[]},"yoast_head":"<!-- This site is optimized with the Yoast SEO plugin v16.4 - https:\/\/yoast.com\/wordpress\/plugins\/seo\/ -->\n<title>Produkte f\u00fcr den Schutz - Braplastic<\/title>\n<meta name=\"robots\" content=\"index, follow, max-snippet:-1, max-image-preview:large, max-video-preview:-1\" \/>\n<link rel=\"canonical\" href=\"https:\/\/braplastic.com\/de\/servicios\/productos-de-proteccion\/\" \/>\n<meta property=\"og:locale\" content=\"de_DE\" \/>\n<meta property=\"og:type\" content=\"article\" \/>\n<meta property=\"og:title\" content=\"Produkte f\u00fcr den Schutz - Braplastic\" \/>\n<meta property=\"og:description\" content=\"[vc_row bg_choice=&#8220;2&#8243; bg_image=&#8220;13978&#8243; bg_image_repeat=&#8220;no-repeat&#8220; bg_image_attachment=&#8220;fixed&#8220; bg_overlay=&#8220;1&#8243; bg_overlay_color=&#8220;rgba(0,0,0,0.75)&#8220; margin_top=&#8220;20px&#8220; margin_bottom=&#8220;20px&#8220; padding_top=&#8220;6%&#8220; padding_bottom=&#8220;4%&#8220; bg_parallax=&#8220;1&#8243; el_class=&#8220;call-to-action&#8220; el_id=&#8220;intro&#8220;][vc_column dark_mode=&#8220;has-dark-mode&#8220; align=&#8220;center&#8220; width=&#8220;5\/6&#8243; animation=&#8220;1&#8243; animation_duration=&#8220;0.8&#8243; animation_delay=&#8220;0.4&#8243; offset=&#8220;vc_col-md-offset-2 vc_col-md-8 vc_col-sm-offset-1&#8243;][vc_custom_heading text=&#8220;Wir verf\u00fcgen \u00fcber einen breiten Katalog von Schutzprodukten f\u00fcr Prozesse und Transport.&#8220; font_container=&#8220;tag:p|font_size:18|text_align:justify&#8220; use_theme_fonts=&#8220;yes&#8220; margin_bottom=&#8220;0px&#8220; custom_heading_font_weight=&#8220;400&#8243;][vc_empty_space][vc_custom_heading text=&#8220;In unserem Stock verf\u00fcgen wir \u00fcber s\u00e4mtliche Standardprodukte sowie Gr\u00f6ssen wie z.B. Rohrschutzkappen oder Stopfen, um [&hellip;]\" \/>\n<meta property=\"og:url\" content=\"https:\/\/braplastic.com\/de\/servicios\/productos-de-proteccion\/\" \/>\n<meta property=\"og:site_name\" content=\"Braplastic\" \/>\n<meta property=\"article:modified_time\" content=\"2021-01-25T12:03:38+00:00\" \/>\n<meta name=\"twitter:card\" content=\"summary_large_image\" \/>\n<meta name=\"twitter:label1\" content=\"Gesch\u00e4tzte Lesezeit\" \/>\n\t<meta name=\"twitter:data1\" content=\"3\u00a0Minuten\" \/>\n<script type=\"application\/ld+json\" class=\"yoast-schema-graph\">{\"@context\":\"https:\/\/schema.org\",\"@graph\":[{\"@type\":\"WebSite\",\"@id\":\"https:\/\/braplastic.com\/#website\",\"url\":\"https:\/\/braplastic.com\/\",\"name\":\"Braplastic\",\"description\":\"Empresa de inyecci\\u00f3n de pl\\u00e1stico\",\"potentialAction\":[{\"@type\":\"SearchAction\",\"target\":\"https:\/\/braplastic.com\/?s={search_term_string}\",\"query-input\":\"required name=search_term_string\"}],\"inLanguage\":\"de\"},{\"@type\":\"WebPage\",\"@id\":\"https:\/\/braplastic.com\/de\/servicios\/productos-de-proteccion\/#webpage\",\"url\":\"https:\/\/braplastic.com\/de\/servicios\/productos-de-proteccion\/\",\"name\":\"Produkte f\\u00fcr den Schutz - Braplastic\",\"isPartOf\":{\"@id\":\"https:\/\/braplastic.com\/#website\"},\"datePublished\":\"2020-10-14T11:22:49+00:00\",\"dateModified\":\"2021-01-25T12:03:38+00:00\",\"breadcrumb\":{\"@id\":\"https:\/\/braplastic.com\/de\/servicios\/productos-de-proteccion\/#breadcrumb\"},\"inLanguage\":\"de\",\"potentialAction\":[{\"@type\":\"ReadAction\",\"target\":[\"https:\/\/braplastic.com\/de\/servicios\/productos-de-proteccion\/\"]}]},{\"@type\":\"BreadcrumbList\",\"@id\":\"https:\/\/braplastic.com\/de\/servicios\/productos-de-proteccion\/#breadcrumb\",\"itemListElement\":[{\"@type\":\"ListItem\",\"position\":1,\"item\":{\"@type\":\"WebPage\",\"@id\":\"https:\/\/braplastic.com\/de\/\",\"url\":\"https:\/\/braplastic.com\/de\/\",\"name\":\"Portada\"}},{\"@type\":\"ListItem\",\"position\":2,\"item\":{\"@type\":\"WebPage\",\"@id\":\"https:\/\/braplastic.com\/de\/servicios\/\",\"url\":\"https:\/\/braplastic.com\/de\/servicios\/\",\"name\":\"Services\"}},{\"@type\":\"ListItem\",\"position\":3,\"item\":{\"@id\":\"https:\/\/braplastic.com\/de\/servicios\/productos-de-proteccion\/#webpage\"}}]}]}<\/script>\n<!-- \/ Yoast SEO plugin. -->","_links":{"self":[{"href":"https:\/\/braplastic.com\/de\/wp-json\/wp\/v2\/pages\/9437"}],"collection":[{"href":"https:\/\/braplastic.com\/de\/wp-json\/wp\/v2\/pages"}],"about":[{"href":"https:\/\/braplastic.com\/de\/wp-json\/wp\/v2\/types\/page"}],"author":[{"embeddable":true,"href":"https:\/\/braplastic.com\/de\/wp-json\/wp\/v2\/users\/1"}],"replies":[{"embeddable":true,"href":"https:\/\/braplastic.com\/de\/wp-json\/wp\/v2\/comments?post=9437"}],"version-history":[{"count":7,"href":"https:\/\/braplastic.com\/de\/wp-json\/wp\/v2\/pages\/9437\/revisions"}],"predecessor-version":[{"id":13982,"href":"https:\/\/braplastic.com\/de\/wp-json\/wp\/v2\/pages\/9437\/revisions\/13982"}],"up":[{"embeddable":true,"href":"https:\/\/braplastic.com\/de\/wp-json\/wp\/v2\/pages\/9412"}],"wp:attachment":[{"href":"https:\/\/braplastic.com\/de\/wp-json\/wp\/v2\/media?parent=9437"}],"curies":[{"name":"wp","href":"https:\/\/api.w.org\/{rel}","templated":true}]}}