{"id":11125,"date":"2020-09-18T09:43:30","date_gmt":"2020-09-18T09:43:30","guid":{"rendered":"http:\/\/www.braplastic.com\/producto\/s107-tapon-conico-hueco\/"},"modified":"2020-09-18T09:43:30","modified_gmt":"2020-09-18T09:43:30","slug":"s107-tapon-conico-hueco","status":"publish","type":"product","link":"https:\/\/braplastic.com\/de\/producto\/s107-tapon-conico-hueco\/","title":{"rendered":"S107 &#8211; Tap\u00f3n c\u00f3nico hueco"},"content":{"rendered":"<p>Recomendado para: pintura en polvo, E-coating, chapado, anodizaci\u00f3n, pintura a pistola.Temperatura m\u00e1x.:315\u00b0 C (600 \u00b0 F)<\/p>\n<p>Dise\u00f1ado para tapar agujeroslisos y con rosca. Para agujeros ciegos o pasantes. C\u00f3nico, flexible, ligero, reutilizable.<\/p>\n<\/p>\n<table border=\"0\" cellpadding=\"0\" cellspacing=\"0\" style=\"width: 964px height: 805px\" width=\"964\">\n<colgroup>\n<col \/>\n<col span=\"4\" \/>\t<\/colgroup>\n<tbody>\n<tr height=\"20\">\n<td align=\"left\" height=\"20\" style=\"width: 109px height: 20px\"><strong>Referencia<\/strong><\/td>\n<td style=\"width: 81px\"><strong>A mm<\/strong><\/td>\n<td style=\"width: 81px\"><strong>B mm<\/strong><\/td>\n<td style=\"width: 81px\"><strong>L mm<\/strong><\/td>\n<td style=\"width: 81px\"><strong>Packing<\/strong><\/td>\n<\/tr>\n<tr height=\"21\">\n<td align=\"left\" height=\"21\" style=\"height: 21px\">S107-1063<\/td>\n<td>27,00<\/td>\n<td>23,01<\/td>\n<td>25,40<\/td>\n<td>100<\/td>\n<\/tr>\n<tr height=\"21\">\n<td align=\"left\" height=\"21\" style=\"height: 21px\">S107-1100<\/td>\n<td>27,94<\/td>\n<td>24,00<\/td>\n<td>25,40<\/td>\n<td>100<\/td>\n<\/tr>\n<tr height=\"21\">\n<td align=\"left\" height=\"21\" style=\"height: 21px\">S107-1181<\/td>\n<td>30,00<\/td>\n<td>27,79<\/td>\n<td>25,40<\/td>\n<td>100<\/td>\n<\/tr>\n<tr height=\"21\">\n<td align=\"left\" height=\"21\" style=\"height: 21px\">S107-1260<\/td>\n<td>32,00<\/td>\n<td>26,19<\/td>\n<td>25,40<\/td>\n<td>100<\/td>\n<\/tr>\n<tr height=\"21\">\n<td align=\"left\" height=\"21\" style=\"height: 21px\">S107-1338<\/td>\n<td>33,99<\/td>\n<td>27,00<\/td>\n<td>25,40<\/td>\n<td>100<\/td>\n<\/tr>\n<tr height=\"21\">\n<td align=\"left\" height=\"21\" style=\"height: 21px\">S107-1345<\/td>\n<td>34,16<\/td>\n<td>30,94<\/td>\n<td>25,40<\/td>\n<td>100<\/td>\n<\/tr>\n<tr height=\"21\">\n<td align=\"left\" height=\"21\" style=\"height: 21px\">S107-1438<\/td>\n<td>36,53<\/td>\n<td>30,18<\/td>\n<td>25,40<\/td>\n<td>100<\/td>\n<\/tr>\n<tr height=\"21\">\n<td align=\"left\" height=\"21\" style=\"height: 21px\">S107-1456<\/td>\n<td>36,98<\/td>\n<td>29,97<\/td>\n<td>25,40<\/td>\n<td>100<\/td>\n<\/tr>\n<tr height=\"21\">\n<td align=\"left\" height=\"21\" style=\"height: 21px\">S107-1535<\/td>\n<td>38,99<\/td>\n<td>30,99<\/td>\n<td>25,40<\/td>\n<td>100<\/td>\n<\/tr>\n<tr height=\"21\">\n<td align=\"left\" height=\"21\" style=\"height: 21px\">S107-1614<\/td>\n<td>41,00<\/td>\n<td>33,02<\/td>\n<td>25,40<\/td>\n<td>100<\/td>\n<\/tr>\n<tr height=\"21\">\n<td align=\"left\" height=\"21\" style=\"height: 21px\">S107-1625<\/td>\n<td>41,28<\/td>\n<td>33,35<\/td>\n<td>25,40<\/td>\n<td>100<\/td>\n<\/tr>\n<tr height=\"21\">\n<td align=\"left\" height=\"21\" style=\"height: 21px\">S107-1693<\/td>\n<td>43,00<\/td>\n<td>35,99<\/td>\n<td>25,40<\/td>\n<td>50<\/td>\n<\/tr>\n<tr height=\"21\">\n<td align=\"left\" height=\"21\" style=\"height: 21px\">S107-1750<\/td>\n<td>44,45<\/td>\n<td>37,31<\/td>\n<td>25,40<\/td>\n<td>50<\/td>\n<\/tr>\n<tr height=\"21\">\n<td align=\"left\" height=\"21\" style=\"height: 21px\">S107-1772<\/td>\n<td>45,01<\/td>\n<td>37,01<\/td>\n<td>25,40<\/td>\n<td>50<\/td>\n<\/tr>\n<tr height=\"21\">\n<td align=\"left\" height=\"21\" style=\"height: 21px\">S107-1810<\/td>\n<td>45,97<\/td>\n<td>38,00<\/td>\n<td>25,40<\/td>\n<td>50<\/td>\n<\/tr>\n<tr height=\"21\">\n<td align=\"left\" height=\"21\" style=\"height: 21px\">S107-1968<\/td>\n<td>49,99<\/td>\n<td>41,99<\/td>\n<td>25,40<\/td>\n<td>50<\/td>\n<\/tr>\n<tr height=\"21\">\n<td align=\"left\" height=\"21\" style=\"height: 21px\">S107-2086<\/td>\n<td>52,98<\/td>\n<td>44,96<\/td>\n<td>25,40<\/td>\n<td>50<\/td>\n<\/tr>\n<tr height=\"21\">\n<td align=\"left\" height=\"21\" style=\"height: 21px\">S107-2203<\/td>\n<td>55,96<\/td>\n<td>48,01<\/td>\n<td>25,40<\/td>\n<td>25<\/td>\n<\/tr>\n<tr height=\"21\">\n<td align=\"left\" height=\"21\" style=\"height: 21px\">S107-2469<\/td>\n<td>62,71<\/td>\n<td>50,01<\/td>\n<td>25,40<\/td>\n<td>25<\/td>\n<\/tr>\n<tr height=\"21\">\n<td align=\"left\" height=\"21\" style=\"height: 21px\">S107-2480<\/td>\n<td>62,99<\/td>\n<td>50,01<\/td>\n<td>25,40<\/td>\n<td>25<\/td>\n<\/tr>\n<tr height=\"21\">\n<td align=\"left\" height=\"21\" style=\"height: 21px\">S107-2500<\/td>\n<td>63,50<\/td>\n<td>53,98<\/td>\n<td>25,40<\/td>\n<td>25<\/td>\n<\/tr>\n<tr height=\"21\">\n<td align=\"left\" height=\"21\" style=\"height: 21px\">S107-2520<\/td>\n<td>64,01<\/td>\n<td>53,98<\/td>\n<td>25,40<\/td>\n<td>25<\/td>\n<\/tr>\n<tr height=\"21\">\n<td align=\"left\" height=\"21\" style=\"height: 21px\">S107-2677<\/td>\n<td>68,00<\/td>\n<td>57,99<\/td>\n<td>25,40<\/td>\n<td>25<\/td>\n<\/tr>\n<tr height=\"21\">\n<td align=\"left\" height=\"21\" style=\"height: 21px\">S107-2688<\/td>\n<td>68,28<\/td>\n<td>57,94<\/td>\n<td>25,40<\/td>\n<td>25<\/td>\n<\/tr>\n<tr height=\"21\">\n<td align=\"left\" height=\"21\" style=\"height: 21px\">S107-2953<\/td>\n<td>75,01<\/td>\n<td>61,93<\/td>\n<td>25,40<\/td>\n<td>25<\/td>\n<\/tr>\n<tr height=\"21\">\n<td align=\"left\" height=\"21\" style=\"height: 21px\">S107-2953-1375<\/td>\n<td>75,01<\/td>\n<td>61,93<\/td>\n<td>34,93<\/td>\n<td>25<\/td>\n<\/tr>\n<tr height=\"21\">\n<td align=\"left\" height=\"21\" style=\"height: 21px\">S107-3010<\/td>\n<td>76,45<\/td>\n<td>72,64<\/td>\n<td>25,40<\/td>\n<td>10<\/td>\n<\/tr>\n<tr height=\"21\">\n<td align=\"left\" height=\"21\" style=\"height: 21px\">S107-3228-1500<\/td>\n<td>81,99<\/td>\n<td>68,00<\/td>\n<td>38,10<\/td>\n<td>10<\/td>\n<\/tr>\n<tr height=\"21\">\n<td align=\"left\" height=\"21\" style=\"height: 21px\">S107-3500-1500<\/td>\n<td>88,90<\/td>\n<td>76,20<\/td>\n<td>38,10<\/td>\n<td>10<\/td>\n<\/tr>\n<tr height=\"21\">\n<td align=\"left\" height=\"21\" style=\"height: 21px\">S107-3543<\/td>\n<td>89,99<\/td>\n<td>75,01<\/td>\n<td>25,40<\/td>\n<td>10<\/td>\n<\/tr>\n<tr height=\"21\">\n<td align=\"left\" height=\"21\" style=\"height: 21px\">S107-3543-1535<\/td>\n<td>89,99<\/td>\n<td>75,01<\/td>\n<td>38,99<\/td>\n<td>10<\/td>\n<\/tr>\n<tr height=\"21\">\n<td align=\"left\" height=\"21\" style=\"height: 21px\">S107-4000-1500<\/td>\n<td>101,60<\/td>\n<td>82,55<\/td>\n<td>38,10<\/td>\n<td>10<\/td>\n<\/tr>\n<tr height=\"21\">\n<td align=\"left\" height=\"21\" style=\"height: 21px\">S107-4055-1535<\/td>\n<td>103,00<\/td>\n<td>82,98<\/td>\n<td>38,99<\/td>\n<td>10<\/td>\n<\/tr>\n<tr height=\"21\">\n<td align=\"left\" height=\"21\" style=\"height: 21px\">S107-5000-2000<\/td>\n<td>127,00<\/td>\n<td>88,90<\/td>\n<td>50,80<\/td>\n<td>5<\/td>\n<\/tr>\n<\/tbody>\n<\/table><\/p>\n","protected":false},"excerpt":{"rendered":"<p>Material: Silicona  &#8211;   Color: varios   &#8211;   Temperatura m\u00e1x: 315\u00b0C<\/p>\n","protected":false},"featured_media":11126,"template":"","meta":{"ngg_post_thumbnail":0,"_joinchat":[]},"yoast_head":"<!-- This site is optimized with the Yoast SEO plugin v16.4 - https:\/\/yoast.com\/wordpress\/plugins\/seo\/ -->\n<title>S107 - Tap\u00f3n c\u00f3nico hueco - Braplastic<\/title>\n<meta name=\"robots\" content=\"index, follow, max-snippet:-1, max-image-preview:large, max-video-preview:-1\" \/>\n<link rel=\"canonical\" href=\"https:\/\/braplastic.com\/de\/producto\/s107-tapon-conico-hueco\/\" \/>\n<meta property=\"og:locale\" content=\"de_DE\" \/>\n<meta property=\"og:type\" content=\"article\" \/>\n<meta property=\"og:title\" content=\"S107 - Tap\u00f3n c\u00f3nico hueco - Braplastic\" \/>\n<meta property=\"og:description\" content=\"Material: Silicona -  Color: varios  -  Temperatura m\u00e1x: 315\u00b0C\" \/>\n<meta property=\"og:url\" content=\"https:\/\/braplastic.com\/de\/producto\/s107-tapon-conico-hueco\/\" \/>\n<meta property=\"og:site_name\" content=\"Braplastic\" \/>\n<meta property=\"og:image\" content=\"https:\/\/braplastic.com\/wp-content\/uploads\/2020\/09\/s107-tapon-conico-hueco-171-1.jpg\" \/>\n\t<meta property=\"og:image:width\" content=\"347\" \/>\n\t<meta property=\"og:image:height\" content=\"347\" \/>\n<meta name=\"twitter:card\" content=\"summary_large_image\" \/>\n<meta name=\"twitter:label1\" content=\"Gesch\u00e4tzte Lesezeit\" \/>\n\t<meta name=\"twitter:data1\" content=\"1\u00a0Minute\" \/>\n<script type=\"application\/ld+json\" class=\"yoast-schema-graph\">{\"@context\":\"https:\/\/schema.org\",\"@graph\":[{\"@type\":\"WebSite\",\"@id\":\"https:\/\/braplastic.com\/#website\",\"url\":\"https:\/\/braplastic.com\/\",\"name\":\"Braplastic\",\"description\":\"Empresa de inyecci\\u00f3n de pl\\u00e1stico\",\"potentialAction\":[{\"@type\":\"SearchAction\",\"target\":\"https:\/\/braplastic.com\/?s={search_term_string}\",\"query-input\":\"required name=search_term_string\"}],\"inLanguage\":\"de\"},{\"@type\":\"ImageObject\",\"@id\":\"https:\/\/braplastic.com\/de\/producto\/s107-tapon-conico-hueco\/#primaryimage\",\"inLanguage\":\"de\",\"url\":\"https:\/\/braplastic.com\/wp-content\/uploads\/2020\/09\/s107-tapon-conico-hueco-171-1.jpg\",\"contentUrl\":\"https:\/\/braplastic.com\/wp-content\/uploads\/2020\/09\/s107-tapon-conico-hueco-171-1.jpg\",\"width\":347,\"height\":347},{\"@type\":\"WebPage\",\"@id\":\"https:\/\/braplastic.com\/de\/producto\/s107-tapon-conico-hueco\/#webpage\",\"url\":\"https:\/\/braplastic.com\/de\/producto\/s107-tapon-conico-hueco\/\",\"name\":\"S107 - Tap\\u00f3n c\\u00f3nico hueco - Braplastic\",\"isPartOf\":{\"@id\":\"https:\/\/braplastic.com\/#website\"},\"primaryImageOfPage\":{\"@id\":\"https:\/\/braplastic.com\/de\/producto\/s107-tapon-conico-hueco\/#primaryimage\"},\"datePublished\":\"2020-09-18T09:43:30+00:00\",\"dateModified\":\"2020-09-18T09:43:30+00:00\",\"breadcrumb\":{\"@id\":\"https:\/\/braplastic.com\/de\/producto\/s107-tapon-conico-hueco\/#breadcrumb\"},\"inLanguage\":\"de\",\"potentialAction\":[{\"@type\":\"ReadAction\",\"target\":[\"https:\/\/braplastic.com\/de\/producto\/s107-tapon-conico-hueco\/\"]}]},{\"@type\":\"BreadcrumbList\",\"@id\":\"https:\/\/braplastic.com\/de\/producto\/s107-tapon-conico-hueco\/#breadcrumb\",\"itemListElement\":[{\"@type\":\"ListItem\",\"position\":1,\"item\":{\"@type\":\"WebPage\",\"@id\":\"https:\/\/braplastic.com\/de\/\",\"url\":\"https:\/\/braplastic.com\/de\/\",\"name\":\"Portada\"}},{\"@type\":\"ListItem\",\"position\":2,\"item\":{\"@type\":\"WebPage\",\"@id\":\"https:\/\/braplastic.com\/de\/catalogo\/\",\"url\":\"https:\/\/braplastic.com\/de\/catalogo\/\",\"name\":\"Katalog\"}},{\"@type\":\"ListItem\",\"position\":3,\"item\":{\"@id\":\"https:\/\/braplastic.com\/de\/producto\/s107-tapon-conico-hueco\/#webpage\"}}]}]}<\/script>\n<!-- \/ Yoast SEO plugin. -->","_links":{"self":[{"href":"https:\/\/braplastic.com\/de\/wp-json\/wp\/v2\/product\/11125"}],"collection":[{"href":"https:\/\/braplastic.com\/de\/wp-json\/wp\/v2\/product"}],"about":[{"href":"https:\/\/braplastic.com\/de\/wp-json\/wp\/v2\/types\/product"}],"wp:featuredmedia":[{"embeddable":true,"href":"https:\/\/braplastic.com\/de\/wp-json\/wp\/v2\/media\/11126"}],"wp:attachment":[{"href":"https:\/\/braplastic.com\/de\/wp-json\/wp\/v2\/media?parent=11125"}],"curies":[{"name":"wp","href":"https:\/\/api.w.org\/{rel}","templated":true}]}}