{"id":11290,"date":"2020-09-18T09:43:30","date_gmt":"2020-09-18T09:43:30","guid":{"rendered":"http:\/\/www.braplastic.com\/producto\/s410-tapon-conico-dual-en-epdm\/"},"modified":"2020-09-18T09:43:30","modified_gmt":"2020-09-18T09:43:30","slug":"s410-tapon-conico-dual-en-epdm","status":"publish","type":"product","link":"https:\/\/braplastic.com\/de\/producto\/s410-tapon-conico-dual-en-epdm\/","title":{"rendered":"S410 &#8211; Tap\u00f3n c\u00f3nico dual en EPDM"},"content":{"rendered":"<p>Recomendado para: Recubrimiento en polvo, galvanizado, anodizado, pintura en spray. Temperatura m\u00e1xima: 149\u00b0C (300\u00b0F)<\/p>\n<p>Dise\u00f1ado para enmascarar agujeros lisos o con rosca y protecci\u00f3n del \u00e1rea alrededor. Uso dual. C\u00f3nico, tirador, visible, reutilizable.<\/p>\n<table id=\"myTable\" >\n<colgroup>\n<col \/>\n<col span=\"10\" \/> <\/colgroup>\n<tbody>\n<tr>\n<td style=\"width: 144px height: 20px;\" height=\"20\"><strong>Referencia<\/strong><\/td>\n<td style=\"width: 59px;\"><strong>A<\/strong><\/td>\n<td style=\"width: 59px;\"><strong>B mm<\/strong><\/td>\n<td style=\"width: 59px;\"><strong>C m<\/strong><\/td>\n<td style=\"width: 59px;\"><strong>D mm<\/strong><\/td>\n<td style=\"width: 59px;\"><strong>E mm<\/strong><\/td>\n<td style=\"width: 59px;\"><strong>F mm<\/strong><\/td>\n<td style=\"width: 59px;\"><strong>G mm<\/strong><\/td>\n<td style=\"width: 59px;\"><strong>H mm<\/strong><\/td>\n<td style=\"width: 59px;\"><strong>J mm<\/strong><\/td>\n<td style=\"width: 59px;\"><strong>K mm<\/strong><\/td>\n<\/tr>\n<tr>\n<td style=\"height: 20px;\" height=\"20\">S410-0103<\/td>\n<td>6,35<\/td>\n<td>2,62<\/td>\n<td>3,30<\/td>\n<td>5,80<\/td>\n<td>5,00<\/td>\n<td>7,24<\/td>\n<td>1,40<\/td>\n<td>1,80<\/td>\n<td>2,00<\/td>\n<td>2,00<\/td>\n<\/tr>\n<tr>\n<td style=\"height: 20px;\" height=\"20\">S410- M3<\/td>\n<td>7,00<\/td>\n<td>2,80<\/td>\n<td>3,70<\/td>\n<td>5,80<\/td>\n<td>5,00<\/td>\n<td>7,40<\/td>\n<td>1,40<\/td>\n<td>1,90<\/td>\n<td>2,00<\/td>\n<td>2,00<\/td>\n<\/tr>\n<tr>\n<td style=\"height: 20px;\" height=\"20\">S410-0130<\/td>\n<td>12,70<\/td>\n<td>3,30<\/td>\n<td>5,30<\/td>\n<td>7,50<\/td>\n<td>5,00<\/td>\n<td>10,00<\/td>\n<td>2,00<\/td>\n<td>3,00<\/td>\n<td>2,50<\/td>\n<td>3,00<\/td>\n<\/tr>\n<tr>\n<td style=\"height: 20px;\" height=\"20\">S410-0130-0250-0200<\/td>\n<td>6,40<\/td>\n<td>3,30<\/td>\n<td>5,10<\/td>\n<td>12,70<\/td>\n<td>5,00<\/td>\n<td>12,70<\/td>\n<td>1,60<\/td>\n<td>3,30<\/td>\n<td>5,00<\/td>\n<td>5,00<\/td>\n<\/tr>\n<tr>\n<td style=\"height: 20px;\" height=\"20\">S410-0130-0312-0180<\/td>\n<td>7,90<\/td>\n<td>3,30<\/td>\n<td>4,60<\/td>\n<td>12,70<\/td>\n<td>5,00<\/td>\n<td>12,70<\/td>\n<td>1,60<\/td>\n<td>2,50<\/td>\n<td>3,00<\/td>\n<td>3,80<\/td>\n<\/tr>\n<tr>\n<td style=\"height: 20px;\" height=\"20\">S410-0130-0375-0140<\/td>\n<td>9,52<\/td>\n<td>3,30<\/td>\n<td>3,56<\/td>\n<td>12,70<\/td>\n<td>5,00<\/td>\n<td>12,70<\/td>\n<td>1,80<\/td>\n<td>2,00<\/td>\n<td>3,00<\/td>\n<td>3,00<\/td>\n<\/tr>\n<tr>\n<td style=\"height: 20px;\" height=\"20\">S410-0130-0500-0375<\/td>\n<td>12,70<\/td>\n<td>3,30<\/td>\n<td>9,53<\/td>\n<td>12,70<\/td>\n<td>4,75<\/td>\n<td>12,70<\/td>\n<td>1,60<\/td>\n<td>7,20<\/td>\n<td>4,55<\/td>\n<td>4,55<\/td>\n<\/tr>\n<tr>\n<td style=\"height: 20px;\" height=\"20\">S410-0140-0500-0180<\/td>\n<td>12,70<\/td>\n<td>3,56<\/td>\n<td>4,57<\/td>\n<td>12,70<\/td>\n<td>4,80<\/td>\n<td>12,70<\/td>\n<td>2,00<\/td>\n<td>2,50<\/td>\n<td>3,81<\/td>\n<td>3,80<\/td>\n<\/tr>\n<tr>\n<td style=\"height: 20px;\" height=\"20\">S410-0142<\/td>\n<td>7,90<\/td>\n<td>3,60<\/td>\n<td>4,60<\/td>\n<td>12,70<\/td>\n<td>5,00<\/td>\n<td>12,70<\/td>\n<td>2,30<\/td>\n<td>3,00<\/td>\n<td>2,50<\/td>\n<td>2,50<\/td>\n<\/tr>\n<tr>\n<td style=\"height: 20px;\" height=\"20\">S410-0142-0250-0180<\/td>\n<td>6,35<\/td>\n<td>3,61<\/td>\n<td>4,57<\/td>\n<td>12,70<\/td>\n<td>4,80<\/td>\n<td>12,70<\/td>\n<td>2,30<\/td>\n<td>3,00<\/td>\n<td>2,50<\/td>\n<td>2,50<\/td>\n<\/tr>\n<tr>\n<td style=\"height: 20px;\" height=\"20\">S410- M4<\/td>\n<td>9,00<\/td>\n<td>3,60<\/td>\n<td>4,70<\/td>\n<td>7,20<\/td>\n<td>5,00<\/td>\n<td>9,40<\/td>\n<td>1,80<\/td>\n<td>2,40<\/td>\n<td>2,00<\/td>\n<td>2,40<\/td>\n<\/tr>\n<tr>\n<td style=\"height: 20px;\" height=\"20\">S410-0155-0250-0200<\/td>\n<td>6,35<\/td>\n<td>3,90<\/td>\n<td>5,08<\/td>\n<td>12,70<\/td>\n<td>4,00<\/td>\n<td>12,70<\/td>\n<td>1,80<\/td>\n<td>2,60<\/td>\n<td>3,50<\/td>\n<td>3,50<\/td>\n<\/tr>\n<tr>\n<td style=\"height: 20px;\" height=\"20\">S410-0155-0312-0238<\/td>\n<td>7,90<\/td>\n<td>3,94<\/td>\n<td>6,05<\/td>\n<td>12,70<\/td>\n<td>5,00<\/td>\n<td>12,70<\/td>\n<td>1,61<\/td>\n<td>3,65<\/td>\n<td>5,00<\/td>\n<td>5,00<\/td>\n<\/tr>\n<tr>\n<td style=\"height: 20px;\" height=\"20\">S410-0155-0375-0238<\/td>\n<td>9,53<\/td>\n<td>3,94<\/td>\n<td>6,05<\/td>\n<td>12,70<\/td>\n<td>4,80<\/td>\n<td>12,70<\/td>\n<td>1,61<\/td>\n<td>3,65<\/td>\n<td>5,00<\/td>\n<td>5,00<\/td>\n<\/tr>\n<tr>\n<td style=\"height: 20px;\" height=\"20\">S410- M5<\/td>\n<td>9,50<\/td>\n<td>4,50<\/td>\n<td>5,70<\/td>\n<td>9,00<\/td>\n<td>5,00<\/td>\n<td>11,40<\/td>\n<td>2,30<\/td>\n<td>2,80<\/td>\n<td>2,30<\/td>\n<td>2,80<\/td>\n<\/tr>\n<tr>\n<td style=\"height: 20px;\" height=\"20\">S410-0180-0250-0180<\/td>\n<td>6,35<\/td>\n<td>4,57<\/td>\n<td>4,57<\/td>\n<td>12,70<\/td>\n<td>4,80<\/td>\n<td>12,70<\/td>\n<td>2,50<\/td>\n<td>2,50<\/td>\n<td>3,80<\/td>\n<td>3,80<\/td>\n<\/tr>\n<tr>\n<td style=\"height: 20px;\" height=\"20\">S410-0180-0250-0238<\/td>\n<td>6,35<\/td>\n<td>4,57<\/td>\n<td>6,05<\/td>\n<td>12,70<\/td>\n<td>5,00<\/td>\n<td>12,70<\/td>\n<td>2,30<\/td>\n<td>3,70<\/td>\n<td>3,50<\/td>\n<td>3,50<\/td>\n<\/tr>\n<tr>\n<td style=\"height: 20px;\" height=\"20\">S410-0180-0275-0200<\/td>\n<td>6,99<\/td>\n<td>4,57<\/td>\n<td>5,08<\/td>\n<td>12,70<\/td>\n<td>4,80<\/td>\n<td>12,70<\/td>\n<td>2,50<\/td>\n<td>2,80<\/td>\n<td>2,50<\/td>\n<td>3,00<\/td>\n<\/tr>\n<tr>\n<td style=\"height: 20px;\" height=\"20\">S410-0180-0350-0225<\/td>\n<td>8,89<\/td>\n<td>4,57<\/td>\n<td>5,72<\/td>\n<td>12,70<\/td>\n<td>4,80<\/td>\n<td>12,70<\/td>\n<td>2,50<\/td>\n<td>3,00<\/td>\n<td>2,50<\/td>\n<td>3,00<\/td>\n<\/tr>\n<tr>\n<td style=\"height: 20px;\" height=\"20\">S410-0180-0375-0250<\/td>\n<td>9,53<\/td>\n<td>4,57<\/td>\n<td>6,35<\/td>\n<td>12,70<\/td>\n<td>4,80<\/td>\n<td>12,70<\/td>\n<td>2,75<\/td>\n<td>4,00<\/td>\n<td>3,81<\/td>\n<td>3,81<\/td>\n<\/tr>\n<tr>\n<td style=\"height: 20px;\" height=\"20\">S410-0180-0500-0200<\/td>\n<td>12,70<\/td>\n<td>4,60<\/td>\n<td>5,10<\/td>\n<td>12,70<\/td>\n<td>4,80<\/td>\n<td>12,70<\/td>\n<td>2,50<\/td>\n<td>3,00<\/td>\n<td>2,50<\/td>\n<td>3,00<\/td>\n<\/tr>\n<tr>\n<td style=\"height: 20px;\" height=\"20\">S410-0200-0312<\/td>\n<td>7,90<\/td>\n<td>5,10<\/td>\n<td>6,00<\/td>\n<td>12,70<\/td>\n<td>5,00<\/td>\n<td>12,70<\/td>\n<td>3,00<\/td>\n<td>3,50<\/td>\n<td>2,50<\/td>\n<td>3,00<\/td>\n<\/tr>\n<tr>\n<td style=\"height: 20px;\" height=\"20\">S410-0200-0500-0238<\/td>\n<td>12,70<\/td>\n<td>5,08<\/td>\n<td>6,05<\/td>\n<td>13,34<\/td>\n<td>4,83<\/td>\n<td>13,30<\/td>\n<td>4,06<\/td>\n<td>4,57<\/td>\n<td>3,18<\/td>\n<td>3,18<\/td>\n<\/tr>\n<tr>\n<td style=\"height: 20px;\" height=\"20\">S410-0200<\/td>\n<td>9,53<\/td>\n<td>5,08<\/td>\n<td>6,96<\/td>\n<td>10,60<\/td>\n<td>5,00<\/td>\n<td>13,40<\/td>\n<td>2,50<\/td>\n<td>3,50<\/td>\n<td>2,60<\/td>\n<td>3,40<\/td>\n<\/tr>\n<tr>\n<td style=\"height: 20px;\" height=\"20\">S410-0209<\/td>\n<td>9,50<\/td>\n<td>5,30<\/td>\n<td>7,00<\/td>\n<td>12,70<\/td>\n<td>5,00<\/td>\n<td>12,70<\/td>\n<td>3,50<\/td>\n<td>4,50<\/td>\n<td>3,00<\/td>\n<td>3,00<\/td>\n<\/tr>\n<tr>\n<td style=\"height: 20px;\" height=\"20\">S410- M6<\/td>\n<td>12,50<\/td>\n<td>5,30<\/td>\n<td>6,70<\/td>\n<td>10,60<\/td>\n<td>5,00<\/td>\n<td>13,40<\/td>\n<td>2,60<\/td>\n<td>3,40<\/td>\n<td>2,60<\/td>\n<td>3,40<\/td>\n<\/tr>\n<tr>\n<td style=\"height: 20px;\" height=\"20\">S410-0250-0375-0250<\/td>\n<td>9,50<\/td>\n<td>6,40<\/td>\n<td>6,40<\/td>\n<td>12,70<\/td>\n<td>5,00<\/td>\n<td>12,70<\/td>\n<td>3,75<\/td>\n<td>3,75<\/td>\n<td>5,00<\/td>\n<td>5,00<\/td>\n<\/tr>\n<tr>\n<td style=\"height: 20px;\" height=\"20\">S410-0265-1180-0765<\/td>\n<td>29,97<\/td>\n<td>6,73<\/td>\n<td>19,43<\/td>\n<td>12,70<\/td>\n<td>5,00<\/td>\n<td>12,70<\/td>\n<td>4,00<\/td>\n<td>15,50<\/td>\n<td>3,50<\/td>\n<td>5,00<\/td>\n<\/tr>\n<tr>\n<td style=\"height: 20px;\" height=\"20\">S410-0275<\/td>\n<td>9,53<\/td>\n<td>6,99<\/td>\n<td>9,53<\/td>\n<td>12,70<\/td>\n<td>0,00<\/td>\n<td>17,78<\/td>\n<td>4,45<\/td>\n<td>6,99<\/td>\n<td>3,18<\/td>\n<td>4,75<\/td>\n<\/tr>\n<tr>\n<td style=\"height: 20px;\" height=\"20\">S410-0275-0500-0375<\/td>\n<td>12,70<\/td>\n<td>6,99<\/td>\n<td>9,53<\/td>\n<td>12,70<\/td>\n<td>5,10<\/td>\n<td>12,70<\/td>\n<td>5,69<\/td>\n<td>7,21<\/td>\n<td>5,08<\/td>\n<td>5,10<\/td>\n<\/tr>\n<tr>\n<td style=\"height: 20px;\" height=\"20\">S410- M8<\/td>\n<td>17,00<\/td>\n<td>7,10<\/td>\n<td>8,70<\/td>\n<td>14,20<\/td>\n<td>5,00<\/td>\n<td>17,40<\/td>\n<td>3,60<\/td>\n<td>4,30<\/td>\n<td>3,60<\/td>\n<td>4,30<\/td>\n<\/tr>\n<tr>\n<td style=\"height: 20px;\" height=\"20\">S410-0331<\/td>\n<td>20,00<\/td>\n<td>8,40<\/td>\n<td>8,40<\/td>\n<td>12,70<\/td>\n<td>5,00<\/td>\n<td>12,70<\/td>\n<td>5,00<\/td>\n<td>5,00<\/td>\n<td>4,20<\/td>\n<td>4,20<\/td>\n<\/tr>\n<tr>\n<td style=\"height: 20px;\" height=\"20\">S410-0346<\/td>\n<td>15,88<\/td>\n<td>8,79<\/td>\n<td>10,49<\/td>\n<td>12,70<\/td>\n<td>5,00<\/td>\n<td>12,70<\/td>\n<td>7,30<\/td>\n<td>8,90<\/td>\n<td>4,50<\/td>\n<td>4,50<\/td>\n<\/tr>\n<tr>\n<td style=\"height: 20px;\" height=\"20\">S410-0375-0500-0455<\/td>\n<td>12,70<\/td>\n<td>9,52<\/td>\n<td>11,55<\/td>\n<td>12,70<\/td>\n<td>5,00<\/td>\n<td>12,70<\/td>\n<td>7,21<\/td>\n<td>9,90<\/td>\n<td>5,00<\/td>\n<td>5,00<\/td>\n<\/tr>\n<tr>\n<td style=\"height: 20px;\" height=\"20\">S410-0375-0787-0512<\/td>\n<td>20,00<\/td>\n<td>9,53<\/td>\n<td>13,00<\/td>\n<td>12,70<\/td>\n<td>5,00<\/td>\n<td>12,70<\/td>\n<td>7,20<\/td>\n<td>10,00<\/td>\n<td>5,00<\/td>\n<td>5,00<\/td>\n<\/tr>\n<tr>\n<td style=\"height: 20px;\" height=\"20\">S410-0375-1100-0455<\/td>\n<td>27,90<\/td>\n<td>9,50<\/td>\n<td>11,60<\/td>\n<td>12,70<\/td>\n<td>5,00<\/td>\n<td>12,70<\/td>\n<td>7,20<\/td>\n<td>9,90<\/td>\n<td>4,50<\/td>\n<td>5,00<\/td>\n<\/tr>\n<tr>\n<td style=\"height: 20px;\" height=\"20\">S410- M10<\/td>\n<td>21,00<\/td>\n<td>9,60<\/td>\n<td>10,70<\/td>\n<td>19,20<\/td>\n<td>5,00<\/td>\n<td>21,40<\/td>\n<td>4,80<\/td>\n<td>5,40<\/td>\n<td>4,80<\/td>\n<td>5,40<\/td>\n<\/tr>\n<tr>\n<td style=\"height: 20px;\" height=\"20\">S410- M12<\/td>\n<td>24,00<\/td>\n<td>10,90<\/td>\n<td>12,70<\/td>\n<td>21,80<\/td>\n<td>5,00<\/td>\n<td>25,40<\/td>\n<td>5,50<\/td>\n<td>6,40<\/td>\n<td>5,50<\/td>\n<td>6,40<\/td>\n<\/tr>\n<tr>\n<td style=\"height: 20px;\" height=\"20\">S410-0551<\/td>\n<td>20,00<\/td>\n<td>14,00<\/td>\n<td>17,50<\/td>\n<td>12,70<\/td>\n<td>5,00<\/td>\n<td>12,70<\/td>\n<td>11,50<\/td>\n<td>14,00<\/td>\n<td>3,50<\/td>\n<td>3,50<\/td>\n<\/tr>\n<\/tbody>\n<\/table>\n","protected":false},"excerpt":{"rendered":"<p>Material: EPDM &#8211; Color: Negro &#8211; Temperatura m\u00e1x: 149\u00b0C<\/p>\n","protected":false},"featured_media":11291,"template":"","meta":{"ngg_post_thumbnail":0,"_joinchat":[]},"yoast_head":"<!-- This site is optimized with the Yoast SEO plugin v16.4 - https:\/\/yoast.com\/wordpress\/plugins\/seo\/ -->\n<title>S410 - Tap\u00f3n c\u00f3nico dual en EPDM - Braplastic<\/title>\n<meta name=\"robots\" content=\"index, follow, max-snippet:-1, max-image-preview:large, max-video-preview:-1\" \/>\n<link rel=\"canonical\" href=\"https:\/\/braplastic.com\/de\/producto\/s410-tapon-conico-dual-en-epdm\/\" \/>\n<meta property=\"og:locale\" content=\"de_DE\" \/>\n<meta property=\"og:type\" content=\"article\" \/>\n<meta property=\"og:title\" content=\"S410 - Tap\u00f3n c\u00f3nico dual en EPDM - Braplastic\" \/>\n<meta property=\"og:description\" content=\"Material: EPDM - Color: Negro - Temperatura m\u00e1x: 149\u00b0C\" \/>\n<meta property=\"og:url\" content=\"https:\/\/braplastic.com\/de\/producto\/s410-tapon-conico-dual-en-epdm\/\" \/>\n<meta property=\"og:site_name\" content=\"Braplastic\" \/>\n<meta property=\"og:image\" content=\"https:\/\/braplastic.com\/wp-content\/uploads\/2020\/09\/s410-tapon-conico-dual-en-epdm-172-1.jpg\" \/>\n\t<meta property=\"og:image:width\" content=\"327\" \/>\n\t<meta property=\"og:image:height\" content=\"339\" \/>\n<meta name=\"twitter:card\" content=\"summary_large_image\" \/>\n<meta name=\"twitter:label1\" content=\"Gesch\u00e4tzte Lesezeit\" \/>\n\t<meta name=\"twitter:data1\" content=\"1\u00a0Minute\" \/>\n<script type=\"application\/ld+json\" class=\"yoast-schema-graph\">{\"@context\":\"https:\/\/schema.org\",\"@graph\":[{\"@type\":\"WebSite\",\"@id\":\"https:\/\/braplastic.com\/#website\",\"url\":\"https:\/\/braplastic.com\/\",\"name\":\"Braplastic\",\"description\":\"Empresa de inyecci\\u00f3n de pl\\u00e1stico\",\"potentialAction\":[{\"@type\":\"SearchAction\",\"target\":\"https:\/\/braplastic.com\/?s={search_term_string}\",\"query-input\":\"required name=search_term_string\"}],\"inLanguage\":\"de\"},{\"@type\":\"ImageObject\",\"@id\":\"https:\/\/braplastic.com\/de\/producto\/s410-tapon-conico-dual-en-epdm\/#primaryimage\",\"inLanguage\":\"de\",\"url\":\"https:\/\/braplastic.com\/wp-content\/uploads\/2020\/09\/s410-tapon-conico-dual-en-epdm-172-1.jpg\",\"contentUrl\":\"https:\/\/braplastic.com\/wp-content\/uploads\/2020\/09\/s410-tapon-conico-dual-en-epdm-172-1.jpg\",\"width\":327,\"height\":339},{\"@type\":\"WebPage\",\"@id\":\"https:\/\/braplastic.com\/de\/producto\/s410-tapon-conico-dual-en-epdm\/#webpage\",\"url\":\"https:\/\/braplastic.com\/de\/producto\/s410-tapon-conico-dual-en-epdm\/\",\"name\":\"S410 - Tap\\u00f3n c\\u00f3nico dual en EPDM - Braplastic\",\"isPartOf\":{\"@id\":\"https:\/\/braplastic.com\/#website\"},\"primaryImageOfPage\":{\"@id\":\"https:\/\/braplastic.com\/de\/producto\/s410-tapon-conico-dual-en-epdm\/#primaryimage\"},\"datePublished\":\"2020-09-18T09:43:30+00:00\",\"dateModified\":\"2020-09-18T09:43:30+00:00\",\"breadcrumb\":{\"@id\":\"https:\/\/braplastic.com\/de\/producto\/s410-tapon-conico-dual-en-epdm\/#breadcrumb\"},\"inLanguage\":\"de\",\"potentialAction\":[{\"@type\":\"ReadAction\",\"target\":[\"https:\/\/braplastic.com\/de\/producto\/s410-tapon-conico-dual-en-epdm\/\"]}]},{\"@type\":\"BreadcrumbList\",\"@id\":\"https:\/\/braplastic.com\/de\/producto\/s410-tapon-conico-dual-en-epdm\/#breadcrumb\",\"itemListElement\":[{\"@type\":\"ListItem\",\"position\":1,\"item\":{\"@type\":\"WebPage\",\"@id\":\"https:\/\/braplastic.com\/de\/\",\"url\":\"https:\/\/braplastic.com\/de\/\",\"name\":\"Portada\"}},{\"@type\":\"ListItem\",\"position\":2,\"item\":{\"@type\":\"WebPage\",\"@id\":\"https:\/\/braplastic.com\/de\/catalogo\/\",\"url\":\"https:\/\/braplastic.com\/de\/catalogo\/\",\"name\":\"Katalog\"}},{\"@type\":\"ListItem\",\"position\":3,\"item\":{\"@id\":\"https:\/\/braplastic.com\/de\/producto\/s410-tapon-conico-dual-en-epdm\/#webpage\"}}]}]}<\/script>\n<!-- \/ Yoast SEO plugin. -->","_links":{"self":[{"href":"https:\/\/braplastic.com\/de\/wp-json\/wp\/v2\/product\/11290"}],"collection":[{"href":"https:\/\/braplastic.com\/de\/wp-json\/wp\/v2\/product"}],"about":[{"href":"https:\/\/braplastic.com\/de\/wp-json\/wp\/v2\/types\/product"}],"wp:featuredmedia":[{"embeddable":true,"href":"https:\/\/braplastic.com\/de\/wp-json\/wp\/v2\/media\/11291"}],"wp:attachment":[{"href":"https:\/\/braplastic.com\/de\/wp-json\/wp\/v2\/media?parent=11290"}],"curies":[{"name":"wp","href":"https:\/\/api.w.org\/{rel}","templated":true}]}}