{"id":11855,"date":"2020-09-18T09:43:19","date_gmt":"2020-09-18T09:43:19","guid":{"rendered":"http:\/\/www.braplastic.com\/producto\/s605-discos-de-poliimida\/"},"modified":"2020-09-18T09:43:19","modified_gmt":"2020-09-18T09:43:19","slug":"s605-discos-de-poliimida","status":"publish","type":"product","link":"https:\/\/braplastic.com\/de\/producto\/s605-discos-de-poliimida\/","title":{"rendered":"S605 &#8211; Discos de Poliimida"},"content":{"rendered":"<p>Recomendada para recubrimiento en polvo, electrost\u00e1tico y anodizaci\u00f3na altas temperaturas. Alta resistencia qu\u00edmica. Aislante el\u00e9ctrico.<\/p>\n<\/p>\n<table border=\"0\" cellpadding=\"0\" cellspacing=\"0\" width=\"369\">\n<colgroup>\n<col width=\"123\" \/>\n<col width=\"123\" \/>\n<col width=\"123\" \/>\t<\/colgroup>\n<tbody>\n<tr height=\"20\">\n<td height=\"20\" width=\"123\"><font size=\"2\">Referencia<\/font><\/td>\n<td width=\"123\"><font size=\"2\">Diametro mm<\/font><\/td>\n<td width=\"123\"><font size=\"2\">Discos\/rollo<\/font><\/td>\n<\/tr>\n<tr height=\"20\">\n<td height=\"20\" width=\"123\"><font size=\"2\">S605-003MM<\/font><\/td>\n<td width=\"123\"><font size=\"2\">3.0<\/font><\/td>\n<td width=\"123\"><font size=\"2\">2000<\/font><\/td>\n<\/tr>\n<tr height=\"20\">\n<td height=\"20\" width=\"123\"><font size=\"2\">S605-004MM<\/font><\/td>\n<td width=\"123\"><font size=\"2\">4.0<\/font><\/td>\n<td width=\"123\"><font size=\"2\">2000<\/font><\/td>\n<\/tr>\n<tr height=\"20\">\n<td height=\"20\" width=\"123\"><font size=\"2\">S605-005MM<\/font><\/td>\n<td width=\"123\"><font size=\"2\">5.0<\/font><\/td>\n<td width=\"123\"><font size=\"2\">2000<\/font><\/td>\n<\/tr>\n<tr height=\"20\">\n<td height=\"20\" width=\"123\"><font size=\"2\">S605-006MM<\/font><\/td>\n<td width=\"123\"><font size=\"2\">6.0<\/font><\/td>\n<td width=\"123\"><font size=\"2\">2000<\/font><\/td>\n<\/tr>\n<tr height=\"20\">\n<td height=\"20\" width=\"123\"><font size=\"2\">S605-007MM<\/font><\/td>\n<td width=\"123\"><font size=\"2\">7.0<\/font><\/td>\n<td width=\"123\"><font size=\"2\">2000<\/font><\/td>\n<\/tr>\n<tr height=\"20\">\n<td height=\"20\" width=\"123\"><font size=\"2\">S605-008MM<\/font><\/td>\n<td width=\"123\"><font size=\"2\">8.0<\/font><\/td>\n<td width=\"123\"><font size=\"2\">2000<\/font><\/td>\n<\/tr>\n<tr height=\"20\">\n<td height=\"20\" width=\"123\"><font size=\"2\">S605-009MM<\/font><\/td>\n<td width=\"123\"><font size=\"2\">9.0<\/font><\/td>\n<td width=\"123\"><font size=\"2\">2000<\/font><\/td>\n<\/tr>\n<tr height=\"20\">\n<td height=\"20\" width=\"123\"><font size=\"2\">S605-010MM<\/font><\/td>\n<td width=\"123\"><font size=\"2\">10.0<\/font><\/td>\n<td width=\"123\"><font size=\"2\">2000<\/font><\/td>\n<\/tr>\n<tr height=\"20\">\n<td height=\"20\" width=\"123\"><font size=\"2\">S605-011MM<\/font><\/td>\n<td width=\"123\"><font size=\"2\">11.0<\/font><\/td>\n<td width=\"123\"><font size=\"2\">2000<\/font><\/td>\n<\/tr>\n<tr height=\"20\">\n<td height=\"20\" width=\"123\"><font size=\"2\">S605-012MM<\/font><\/td>\n<td width=\"123\"><font size=\"2\">12.0<\/font><\/td>\n<td width=\"123\"><font size=\"2\">2000<\/font><\/td>\n<\/tr>\n<tr height=\"20\">\n<td height=\"20\" width=\"123\"><font size=\"2\">S605-013MM<\/font><\/td>\n<td width=\"123\"><font size=\"2\">13.0<\/font><\/td>\n<td width=\"123\"><font size=\"2\">2000<\/font><\/td>\n<\/tr>\n<tr height=\"20\">\n<td height=\"20\" width=\"123\"><font size=\"2\">S605-014MM<\/font><\/td>\n<td width=\"123\"><font size=\"2\">14.0<\/font><\/td>\n<td width=\"123\"><font size=\"2\">2000<\/font><\/td>\n<\/tr>\n<tr height=\"20\">\n<td height=\"20\" width=\"123\"><font size=\"2\">S605-015MM<\/font><\/td>\n<td width=\"123\"><font size=\"2\">15.0<\/font><\/td>\n<td width=\"123\"><font size=\"2\">2000<\/font><\/td>\n<\/tr>\n<tr height=\"20\">\n<td height=\"20\" width=\"123\"><font size=\"2\">S605-016MM<\/font><\/td>\n<td width=\"123\"><font size=\"2\">16.0<\/font><\/td>\n<td width=\"123\"><font size=\"2\">2000<\/font><\/td>\n<\/tr>\n<tr height=\"20\">\n<td height=\"20\" width=\"123\"><font size=\"2\">S605-017MM<\/font><\/td>\n<td width=\"123\"><font size=\"2\">17.0<\/font><\/td>\n<td width=\"123\"><font size=\"2\">1000<\/font><\/td>\n<\/tr>\n<tr height=\"20\">\n<td height=\"20\" width=\"123\"><font size=\"2\">S605-018MM<\/font><\/td>\n<td width=\"123\"><font size=\"2\">18.0<\/font><\/td>\n<td width=\"123\"><font size=\"2\">1000<\/font><\/td>\n<\/tr>\n<tr height=\"20\">\n<td height=\"20\" width=\"123\"><font size=\"2\">S605-019MM<\/font><\/td>\n<td width=\"123\"><font size=\"2\">19.0<\/font><\/td>\n<td width=\"123\"><font size=\"2\">1000<\/font><\/td>\n<\/tr>\n<tr height=\"20\">\n<td height=\"20\" width=\"123\"><font size=\"2\">S605-020MM<\/font><\/td>\n<td width=\"123\"><font size=\"2\">20.0<\/font><\/td>\n<td width=\"123\"><font size=\"2\">1000<\/font><\/td>\n<\/tr>\n<tr height=\"20\">\n<td height=\"20\" width=\"123\"><font size=\"2\">S605-021MM<\/font><\/td>\n<td width=\"123\"><font size=\"2\">21.0<\/font><\/td>\n<td width=\"123\"><font size=\"2\">1000<\/font><\/td>\n<\/tr>\n<tr height=\"20\">\n<td height=\"20\" width=\"123\"><font size=\"2\">S605-022MM<\/font><\/td>\n<td width=\"123\"><font size=\"2\">22.0<\/font><\/td>\n<td width=\"123\"><font size=\"2\">500<\/font><\/td>\n<\/tr>\n<tr height=\"20\">\n<td height=\"20\" width=\"123\"><font size=\"2\">S605-023MM<\/font><\/td>\n<td width=\"123\"><font size=\"2\">23.0<\/font><\/td>\n<td width=\"123\"><font size=\"2\">500<\/font><\/td>\n<\/tr>\n<tr height=\"20\">\n<td height=\"20\" width=\"123\"><font size=\"2\">S605-024MM<\/font><\/td>\n<td width=\"123\"><font size=\"2\">24.0<\/font><\/td>\n<td width=\"123\"><font size=\"2\">500<\/font><\/td>\n<\/tr>\n<tr height=\"20\">\n<td height=\"20\" width=\"123\"><font size=\"2\">S605-025MM<\/font><\/td>\n<td width=\"123\"><font size=\"2\">25.0<\/font><\/td>\n<td width=\"123\"><font size=\"2\">500<\/font><\/td>\n<\/tr>\n<tr height=\"20\">\n<td height=\"20\" width=\"123\"><font size=\"2\">S605-030MM<\/font><\/td>\n<td width=\"123\"><font size=\"2\">30.0<\/font><\/td>\n<td width=\"123\"><font size=\"2\">500<\/font><\/td>\n<\/tr>\n<tr height=\"20\">\n<td height=\"20\" width=\"123\"><font size=\"2\">S605-035MM<\/font><\/td>\n<td width=\"123\"><font size=\"2\">35.0<\/font><\/td>\n<td width=\"123\"><font size=\"2\">250<\/font><\/td>\n<\/tr>\n<tr height=\"20\">\n<td height=\"20\" width=\"123\"><font size=\"2\">S605-040MM<\/font><\/td>\n<td width=\"123\"><font size=\"2\">40.0<\/font><\/td>\n<td width=\"123\"><font size=\"2\">250<\/font><\/td>\n<\/tr>\n<tr height=\"20\">\n<td height=\"20\" width=\"123\"><font size=\"2\">S605-045MM<\/font><\/td>\n<td width=\"123\"><font size=\"2\">45.0<\/font><\/td>\n<td width=\"123\"><font size=\"2\">250<\/font><\/td>\n<\/tr>\n<tr height=\"20\">\n<td height=\"20\" width=\"123\"><font size=\"2\">S605-050MM<\/font><\/td>\n<td width=\"123\"><font size=\"2\">50.0<\/font><\/td>\n<td width=\"123\"><font size=\"2\">250<\/font><\/td>\n<\/tr>\n<tr height=\"20\">\n<td height=\"20\" width=\"123\"><font size=\"2\">S605-055MM<\/font><\/td>\n<td width=\"123\"><font size=\"2\">55.0<\/font><\/td>\n<td width=\"123\"><font size=\"2\">250<\/font><\/td>\n<\/tr>\n<tr height=\"20\">\n<td height=\"20\" width=\"123\"><font size=\"2\">S605-060MM<\/font><\/td>\n<td width=\"123\"><font size=\"2\">60.0<\/font><\/td>\n<td width=\"123\"><font size=\"2\">250<\/font><\/td>\n<\/tr>\n<tr height=\"20\">\n<td height=\"20\" width=\"123\"><font size=\"2\">S605-065MM<\/font><\/td>\n<td width=\"123\"><font size=\"2\">65.0<\/font><\/td>\n<td width=\"123\"><font size=\"2\">250<\/font><\/td>\n<\/tr>\n<tr height=\"20\">\n<td height=\"20\" width=\"123\"><font size=\"2\">S605-070MM<\/font><\/td>\n<td width=\"123\"><font size=\"2\">70.0<\/font><\/td>\n<td width=\"123\"><font size=\"2\">250<\/font><\/td>\n<\/tr>\n<tr height=\"20\">\n<td height=\"20\" width=\"123\"><font size=\"2\">S605-075MM<\/font><\/td>\n<td width=\"123\"><font size=\"2\">75.0<\/font><\/td>\n<td width=\"123\"><font size=\"2\">100<\/font><\/td>\n<\/tr>\n<tr height=\"20\">\n<td height=\"20\" width=\"123\"><font size=\"2\">S605-080MM<\/font><\/td>\n<td width=\"123\"><font size=\"2\">80.0<\/font><\/td>\n<td width=\"123\"><font size=\"2\">100<\/font><\/td>\n<\/tr>\n<tr height=\"20\">\n<td height=\"20\" width=\"123\"><font size=\"2\">S605-085MM<\/font><\/td>\n<td width=\"123\"><font size=\"2\">85.0<\/font><\/td>\n<td width=\"123\"><font size=\"2\">100<\/font><\/td>\n<\/tr>\n<tr height=\"20\">\n<td height=\"20\" width=\"123\"><font size=\"2\">S605-090MM<\/font><\/td>\n<td width=\"123\"><font size=\"2\">90.0<\/font><\/td>\n<td width=\"123\"><font size=\"2\">100<\/font><\/td>\n<\/tr>\n<tr height=\"20\">\n<td height=\"20\" width=\"123\"><font size=\"2\">S605-095MM<\/font><\/td>\n<td width=\"123\"><font size=\"2\">95.0<\/font><\/td>\n<td width=\"123\"><font size=\"2\">100<\/font><\/td>\n<\/tr>\n<tr height=\"20\">\n<td height=\"20\" width=\"123\"><font size=\"2\">S605-100MM<\/font><\/td>\n<td width=\"123\"><font size=\"2\">100.0<\/font><\/td>\n<td width=\"123\"><font size=\"2\">100<\/font><\/td>\n<\/tr>\n<tr height=\"20\">\n<td height=\"20\" width=\"123\"><font size=\"2\">S605-110MM<\/font><\/td>\n<td width=\"123\"><font size=\"2\">110.0<\/font><\/td>\n<td width=\"123\"><font size=\"2\">100<\/font><\/td>\n<\/tr>\n<tr height=\"20\">\n<td height=\"20\" width=\"123\"><font size=\"2\">S605-120MM<\/font><\/td>\n<td width=\"123\"><font size=\"2\">120.0<\/font><\/td>\n<td width=\"123\"><font size=\"2\">100<\/font><\/td>\n<\/tr>\n<tr height=\"20\">\n<td height=\"20\" width=\"123\"><font size=\"2\">S605-130MM<\/font><\/td>\n<td width=\"123\"><font size=\"2\">130.0<\/font><\/td>\n<td width=\"123\"><font size=\"2\">100<\/font><\/td>\n<\/tr>\n<tr height=\"20\">\n<td height=\"20\" width=\"123\"><font size=\"2\">S605-140MM<\/font><\/td>\n<td width=\"123\"><font size=\"2\">140.0<\/font><\/td>\n<td width=\"123\"><font size=\"2\">100<\/font><\/td>\n<\/tr>\n<tr height=\"20\">\n<td height=\"20\" width=\"123\"><font size=\"2\">S605-150MM<\/font><\/td>\n<td width=\"123\"><font size=\"2\">150.0<\/font><\/td>\n<td width=\"123\"><font size=\"2\">100<\/font><\/td>\n<\/tr>\n<\/tbody>\n<\/table>\n","protected":false},"excerpt":{"rendered":"<p>Material: Poliimida    &#8211;    Color: Ambar   &#8211; Temperatura max: 260\u00b0C<\/p>\n","protected":false},"featured_media":11856,"template":"","meta":{"ngg_post_thumbnail":0,"_joinchat":[]},"yoast_head":"<!-- This site is optimized with the Yoast SEO plugin v16.4 - https:\/\/yoast.com\/wordpress\/plugins\/seo\/ -->\n<title>S605 - Discos de Poliimida - Braplastic<\/title>\n<meta name=\"robots\" content=\"index, follow, max-snippet:-1, max-image-preview:large, max-video-preview:-1\" \/>\n<link rel=\"canonical\" href=\"https:\/\/braplastic.com\/de\/producto\/s605-discos-de-poliimida\/\" \/>\n<meta property=\"og:locale\" content=\"de_DE\" \/>\n<meta property=\"og:type\" content=\"article\" \/>\n<meta property=\"og:title\" content=\"S605 - Discos de Poliimida - Braplastic\" \/>\n<meta property=\"og:description\" content=\"Material: Poliimida  -  Color: Ambar  - Temperatura max: 260\u00b0C\" \/>\n<meta property=\"og:url\" content=\"https:\/\/braplastic.com\/de\/producto\/s605-discos-de-poliimida\/\" \/>\n<meta property=\"og:site_name\" content=\"Braplastic\" \/>\n<meta property=\"og:image\" content=\"https:\/\/braplastic.com\/wp-content\/uploads\/2020\/09\/58201195752551262.jpg\" \/>\n\t<meta property=\"og:image:width\" content=\"266\" \/>\n\t<meta property=\"og:image:height\" content=\"274\" \/>\n<meta name=\"twitter:card\" content=\"summary_large_image\" \/>\n<meta name=\"twitter:label1\" content=\"Gesch\u00e4tzte Lesezeit\" \/>\n\t<meta name=\"twitter:data1\" content=\"1\u00a0Minute\" \/>\n<script type=\"application\/ld+json\" class=\"yoast-schema-graph\">{\"@context\":\"https:\/\/schema.org\",\"@graph\":[{\"@type\":\"WebSite\",\"@id\":\"https:\/\/braplastic.com\/#website\",\"url\":\"https:\/\/braplastic.com\/\",\"name\":\"Braplastic\",\"description\":\"Empresa de inyecci\\u00f3n de pl\\u00e1stico\",\"potentialAction\":[{\"@type\":\"SearchAction\",\"target\":\"https:\/\/braplastic.com\/?s={search_term_string}\",\"query-input\":\"required name=search_term_string\"}],\"inLanguage\":\"de\"},{\"@type\":\"ImageObject\",\"@id\":\"https:\/\/braplastic.com\/de\/producto\/s605-discos-de-poliimida\/#primaryimage\",\"inLanguage\":\"de\",\"url\":\"https:\/\/braplastic.com\/wp-content\/uploads\/2020\/09\/58201195752551262.jpg\",\"contentUrl\":\"https:\/\/braplastic.com\/wp-content\/uploads\/2020\/09\/58201195752551262.jpg\",\"width\":266,\"height\":274},{\"@type\":\"WebPage\",\"@id\":\"https:\/\/braplastic.com\/de\/producto\/s605-discos-de-poliimida\/#webpage\",\"url\":\"https:\/\/braplastic.com\/de\/producto\/s605-discos-de-poliimida\/\",\"name\":\"S605 - Discos de Poliimida - Braplastic\",\"isPartOf\":{\"@id\":\"https:\/\/braplastic.com\/#website\"},\"primaryImageOfPage\":{\"@id\":\"https:\/\/braplastic.com\/de\/producto\/s605-discos-de-poliimida\/#primaryimage\"},\"datePublished\":\"2020-09-18T09:43:19+00:00\",\"dateModified\":\"2020-09-18T09:43:19+00:00\",\"breadcrumb\":{\"@id\":\"https:\/\/braplastic.com\/de\/producto\/s605-discos-de-poliimida\/#breadcrumb\"},\"inLanguage\":\"de\",\"potentialAction\":[{\"@type\":\"ReadAction\",\"target\":[\"https:\/\/braplastic.com\/de\/producto\/s605-discos-de-poliimida\/\"]}]},{\"@type\":\"BreadcrumbList\",\"@id\":\"https:\/\/braplastic.com\/de\/producto\/s605-discos-de-poliimida\/#breadcrumb\",\"itemListElement\":[{\"@type\":\"ListItem\",\"position\":1,\"item\":{\"@type\":\"WebPage\",\"@id\":\"https:\/\/braplastic.com\/de\/\",\"url\":\"https:\/\/braplastic.com\/de\/\",\"name\":\"Portada\"}},{\"@type\":\"ListItem\",\"position\":2,\"item\":{\"@type\":\"WebPage\",\"@id\":\"https:\/\/braplastic.com\/catalogo\/\",\"url\":\"https:\/\/braplastic.com\/catalogo\/\",\"name\":\"Cat\\u00e1logo\"}},{\"@type\":\"ListItem\",\"position\":3,\"item\":{\"@id\":\"https:\/\/braplastic.com\/de\/producto\/s605-discos-de-poliimida\/#webpage\"}}]}]}<\/script>\n<!-- \/ Yoast SEO plugin. -->","_links":{"self":[{"href":"https:\/\/braplastic.com\/de\/wp-json\/wp\/v2\/product\/11855"}],"collection":[{"href":"https:\/\/braplastic.com\/de\/wp-json\/wp\/v2\/product"}],"about":[{"href":"https:\/\/braplastic.com\/de\/wp-json\/wp\/v2\/types\/product"}],"wp:featuredmedia":[{"embeddable":true,"href":"https:\/\/braplastic.com\/de\/wp-json\/wp\/v2\/media\/11856"}],"wp:attachment":[{"href":"https:\/\/braplastic.com\/de\/wp-json\/wp\/v2\/media?parent=11855"}],"curies":[{"name":"wp","href":"https:\/\/api.w.org\/{rel}","templated":true}]}}