{"id":12446,"date":"2020-09-18T09:43:07","date_gmt":"2020-09-18T09:43:07","guid":{"rendered":"http:\/\/www.braplastic.com\/producto\/a611-tapon-hidraulico-de-colocacion-rapida\/"},"modified":"2020-09-18T09:43:07","modified_gmt":"2020-09-18T09:43:07","slug":"a611-tapon-hidraulico-de-colocacion-rapida","status":"publish","type":"product","link":"https:\/\/braplastic.com\/de\/producto\/a611-tapon-hidraulico-de-colocacion-rapida\/","title":{"rendered":"A611 &#8211; Tap\u00f3n hidr\u00e1ulico de colocaci\u00f3n r\u00e1pida"},"content":{"rendered":"<\/p>\n<table border=\"0\" cellpadding=\"0\" cellspacing=\"0\" style=\"width: 982px height: 112px\" width=\"982\">\n<colgroup>\n<col \/>\n<col \/>\n<col span=\"3\" \/>\t<\/colgroup>\n<tbody>\n<tr height=\"20\">\n<td height=\"20\" style=\"width: 80px height: 20px\">\t\t\t\t<strong>Referencia<\/strong><\/td>\n<td style=\"width: 263px\">\t\t\t\t<strong>Descripci\u00f3n<\/strong><\/td>\n<td style=\"width: 80px\">\t\t\t\t<strong>D1 mm<\/strong><\/td>\n<td style=\"width: 80px\">\t\t\t\t<strong>D2 mm<\/strong><\/td>\n<td style=\"width: 80px\">\t\t\t\t<strong>L mm<\/strong><\/td>\n<\/tr>\n<tr height=\"20\">\n<td height=\"20\" style=\"height: 20px\">\t\t\t\tA611-08<\/td>\n<td>\t\t\t\tTap\u00f3n hidr\u00e1ulico de colocaci\u00f3n r\u00e1pida<\/td>\n<td>\t\t\t\t18<\/td>\n<td>\t\t\t\t22<\/td>\n<td>\t\t\t\t125<\/td>\n<\/tr>\n<tr height=\"20\">\n<td height=\"20\" style=\"height: 20px\">\t\t\t\tA611-10<\/td>\n<td>\t\t\t\tTap\u00f3n hidr\u00e1ulico de colocaci\u00f3n r\u00e1pida<\/td>\n<td>\t\t\t\t24<\/td>\n<td>\t\t\t\t27<\/td>\n<td>\t\t\t\t135<\/td>\n<\/tr>\n<tr height=\"20\">\n<td height=\"20\" style=\"height: 20px\">\t\t\t\tA611-12<\/td>\n<td>\t\t\t\tTap\u00f3n hidr\u00e1ulico de colocaci\u00f3n r\u00e1pida<\/td>\n<td>\t\t\t\t30<\/td>\n<td>\t\t\t\t37<\/td>\n<td>\t\t\t\t190<\/td>\n<\/tr>\n<tr height=\"20\">\n<td height=\"20\" style=\"height: 20px\">\t\t\t\tA611-20<\/td>\n<td>\t\t\t\tTap\u00f3n hidr\u00e1ulico de colocaci\u00f3n r\u00e1pida<\/td>\n<td>\t\t\t\t36<\/td>\n<td>\t\t\t\t41<\/td>\n<td>\t\t\t\t190<\/td>\n<\/tr>\n<\/tbody>\n<\/table>\n","protected":false},"excerpt":{"rendered":"<p>Material: PP   &#8211;  Colores: rojo, negro, verde, azul, amarillo<\/p>\n","protected":false},"featured_media":12447,"template":"","meta":{"ngg_post_thumbnail":0,"_joinchat":[]},"yoast_head":"<!-- This site is optimized with the Yoast SEO plugin v16.4 - https:\/\/yoast.com\/wordpress\/plugins\/seo\/ -->\n<title>A611 - Tap\u00f3n hidr\u00e1ulico de colocaci\u00f3n r\u00e1pida - Braplastic<\/title>\n<meta name=\"robots\" content=\"index, follow, max-snippet:-1, max-image-preview:large, max-video-preview:-1\" \/>\n<link rel=\"canonical\" href=\"https:\/\/braplastic.com\/de\/producto\/a611-tapon-hidraulico-de-colocacion-rapida\/\" \/>\n<meta property=\"og:locale\" content=\"de_DE\" \/>\n<meta property=\"og:type\" content=\"article\" \/>\n<meta property=\"og:title\" content=\"A611 - Tap\u00f3n hidr\u00e1ulico de colocaci\u00f3n r\u00e1pida - Braplastic\" \/>\n<meta property=\"og:description\" content=\"Material: PP  - Colores: rojo, negro, verde, azul, amarillo\" \/>\n<meta property=\"og:url\" content=\"https:\/\/braplastic.com\/de\/producto\/a611-tapon-hidraulico-de-colocacion-rapida\/\" \/>\n<meta property=\"og:site_name\" content=\"Braplastic\" \/>\n<meta property=\"og:image\" content=\"https:\/\/braplastic.com\/wp-content\/uploads\/2020\/09\/2122012131140281511.jpg\" \/>\n\t<meta property=\"og:image:width\" content=\"600\" \/>\n\t<meta property=\"og:image:height\" content=\"557\" \/>\n<meta name=\"twitter:card\" content=\"summary_large_image\" \/>\n<script type=\"application\/ld+json\" class=\"yoast-schema-graph\">{\"@context\":\"https:\/\/schema.org\",\"@graph\":[{\"@type\":\"WebSite\",\"@id\":\"https:\/\/braplastic.com\/#website\",\"url\":\"https:\/\/braplastic.com\/\",\"name\":\"Braplastic\",\"description\":\"Empresa de inyecci\\u00f3n de pl\\u00e1stico\",\"potentialAction\":[{\"@type\":\"SearchAction\",\"target\":\"https:\/\/braplastic.com\/?s={search_term_string}\",\"query-input\":\"required name=search_term_string\"}],\"inLanguage\":\"de\"},{\"@type\":\"ImageObject\",\"@id\":\"https:\/\/braplastic.com\/de\/producto\/a611-tapon-hidraulico-de-colocacion-rapida\/#primaryimage\",\"inLanguage\":\"de\",\"url\":\"https:\/\/braplastic.com\/wp-content\/uploads\/2020\/09\/2122012131140281511.jpg\",\"contentUrl\":\"https:\/\/braplastic.com\/wp-content\/uploads\/2020\/09\/2122012131140281511.jpg\",\"width\":600,\"height\":557},{\"@type\":\"WebPage\",\"@id\":\"https:\/\/braplastic.com\/de\/producto\/a611-tapon-hidraulico-de-colocacion-rapida\/#webpage\",\"url\":\"https:\/\/braplastic.com\/de\/producto\/a611-tapon-hidraulico-de-colocacion-rapida\/\",\"name\":\"A611 - Tap\\u00f3n hidr\\u00e1ulico de colocaci\\u00f3n r\\u00e1pida - Braplastic\",\"isPartOf\":{\"@id\":\"https:\/\/braplastic.com\/#website\"},\"primaryImageOfPage\":{\"@id\":\"https:\/\/braplastic.com\/de\/producto\/a611-tapon-hidraulico-de-colocacion-rapida\/#primaryimage\"},\"datePublished\":\"2020-09-18T09:43:07+00:00\",\"dateModified\":\"2020-09-18T09:43:07+00:00\",\"breadcrumb\":{\"@id\":\"https:\/\/braplastic.com\/de\/producto\/a611-tapon-hidraulico-de-colocacion-rapida\/#breadcrumb\"},\"inLanguage\":\"de\",\"potentialAction\":[{\"@type\":\"ReadAction\",\"target\":[\"https:\/\/braplastic.com\/de\/producto\/a611-tapon-hidraulico-de-colocacion-rapida\/\"]}]},{\"@type\":\"BreadcrumbList\",\"@id\":\"https:\/\/braplastic.com\/de\/producto\/a611-tapon-hidraulico-de-colocacion-rapida\/#breadcrumb\",\"itemListElement\":[{\"@type\":\"ListItem\",\"position\":1,\"item\":{\"@type\":\"WebPage\",\"@id\":\"https:\/\/braplastic.com\/de\/\",\"url\":\"https:\/\/braplastic.com\/de\/\",\"name\":\"Portada\"}},{\"@type\":\"ListItem\",\"position\":2,\"item\":{\"@type\":\"WebPage\",\"@id\":\"https:\/\/braplastic.com\/de\/catalogo\/\",\"url\":\"https:\/\/braplastic.com\/de\/catalogo\/\",\"name\":\"Katalog\"}},{\"@type\":\"ListItem\",\"position\":3,\"item\":{\"@id\":\"https:\/\/braplastic.com\/de\/producto\/a611-tapon-hidraulico-de-colocacion-rapida\/#webpage\"}}]}]}<\/script>\n<!-- \/ Yoast SEO plugin. -->","_links":{"self":[{"href":"https:\/\/braplastic.com\/de\/wp-json\/wp\/v2\/product\/12446"}],"collection":[{"href":"https:\/\/braplastic.com\/de\/wp-json\/wp\/v2\/product"}],"about":[{"href":"https:\/\/braplastic.com\/de\/wp-json\/wp\/v2\/types\/product"}],"wp:featuredmedia":[{"embeddable":true,"href":"https:\/\/braplastic.com\/de\/wp-json\/wp\/v2\/media\/12447"}],"wp:attachment":[{"href":"https:\/\/braplastic.com\/de\/wp-json\/wp\/v2\/media?parent=12446"}],"curies":[{"name":"wp","href":"https:\/\/api.w.org\/{rel}","templated":true}]}}