{"id":12742,"date":"2020-09-18T09:43:04","date_gmt":"2020-09-18T09:43:04","guid":{"rendered":"http:\/\/www.braplastic.com\/producto\/a295-tapon-de-rosca-hermetico-con-junta-torica\/"},"modified":"2020-12-18T09:57:46","modified_gmt":"2020-12-18T09:57:46","slug":"a295-tapon-de-rosca-hermetico-con-junta-torica","status":"publish","type":"product","link":"https:\/\/braplastic.com\/de\/producto\/a295-tapon-de-rosca-hermetico-con-junta-torica\/","title":{"rendered":"A295 &#8211; Tap\u00f3n de rosca herm\u00e9tico con junta t\u00f3rica"},"content":{"rendered":"<table border=\"0\" cellpadding=\"0\" cellspacing=\"0\" width=\"521\">\n<colgroup>\n<col \/>\n<col \/>\n<col \/>\n<col span=\"4\" \/>\t<\/colgroup>\n<tbody>\n<tr height=\"20\">\n<td height=\"20\" style=\"height:20pxwidth:136px\">Referencia<\/td>\n<td style=\"width:99px\">Rosca<\/td>\n<td style=\"width:43px\">D mm<\/td>\n<td style=\"width:61px\">H mm<\/td>\n<td style=\"width:61px\">h1 mm<\/td>\n<td style=\"width:61px\">S mm<\/td>\n<td style=\"width:61px\">Packing<\/td>\n<\/tr>\n<tr height=\"20\">\n<td height=\"20\" style=\"height:20px\">GAS<\/td>\n<td style=\"width:99px\"><\/td>\n<td style=\"width:43px\"><\/td>\n<td style=\"width:61px\"><\/td>\n<td style=\"width:61px\"><\/td>\n<td style=\"width:61px\"><\/td>\n<td style=\"width:61px\"><\/td>\n<\/tr>\n<tr height=\"20\">\n<td height=\"20\" style=\"height:20px\">A295 &#8211; 1\/8&#8243;<\/td>\n<td style=\"width:99px\">1\/8&#8243; x 28<\/td>\n<td style=\"width:43px\">16.0<\/td>\n<td style=\"width:61px\">17.2<\/td>\n<td style=\"width:61px\">10.0<\/td>\n<td style=\"width:61px\">7.0<\/td>\n<td>500<\/td>\n<\/tr>\n<tr height=\"20\">\n<td height=\"20\" style=\"height:20px\">A295 &#8211; 1\/4&#8243;<\/td>\n<td style=\"width:99px\">1\/4&#8243; x 19<\/td>\n<td style=\"width:43px\">19.0<\/td>\n<td style=\"width:61px\">19.7<\/td>\n<td style=\"width:61px\">12.5<\/td>\n<td style=\"width:61px\">10.0<\/td>\n<td>500<\/td>\n<\/tr>\n<tr height=\"20\">\n<td height=\"20\" style=\"height:20px\">A295 &#8211; 3\/8&#8243;<\/td>\n<td style=\"width:99px\">3\/8&#8243; x 19<\/td>\n<td style=\"width:43px\">22.0<\/td>\n<td style=\"width:61px\">20.9<\/td>\n<td style=\"width:61px\">12.5<\/td>\n<td style=\"width:61px\">13.0<\/td>\n<td>500<\/td>\n<\/tr>\n<tr height=\"20\">\n<td height=\"20\" style=\"height:20px\">A295 &#8211; 1\/2&#8243;<\/td>\n<td style=\"width:99px\">1\/2&#8243; x 14<\/td>\n<td style=\"width:43px\">27.0<\/td>\n<td style=\"width:61px\">21.9<\/td>\n<td style=\"width:61px\">13.5<\/td>\n<td style=\"width:61px\">15.0<\/td>\n<td>500<\/td>\n<\/tr>\n<tr height=\"20\">\n<td height=\"20\" style=\"height:20px\">A295 &#8211; 5\/8&#8243;<\/td>\n<td style=\"width:99px\">5\/8&#8243; x 14<\/td>\n<td style=\"width:43px\">29.5<\/td>\n<td style=\"width:61px\">21.9<\/td>\n<td style=\"width:61px\">13.5<\/td>\n<td style=\"width:61px\">17.0<\/td>\n<td>500<\/td>\n<\/tr>\n<tr height=\"20\">\n<td height=\"20\" style=\"height:20px\">A295 &#8211; 3\/4&#8243;<\/td>\n<td style=\"width:99px\">3\/4&#8243; x 14<\/td>\n<td style=\"width:43px\">32.0<\/td>\n<td style=\"width:61px\">21.9<\/td>\n<td style=\"width:61px\">13.5<\/td>\n<td style=\"width:61px\">19.0<\/td>\n<td>250<\/td>\n<\/tr>\n<tr height=\"20\">\n<td height=\"20\" style=\"height:20px\">A295 &#8211; 7\/8&#8243;<\/td>\n<td style=\"width:99px\">7\/8&#8243; x 14<\/td>\n<td style=\"width:43px\">37.0<\/td>\n<td style=\"width:61px\">21.9<\/td>\n<td style=\"width:61px\">13.5<\/td>\n<td style=\"width:61px\">22.0<\/td>\n<td>250<\/td>\n<\/tr>\n<tr height=\"20\">\n<td height=\"20\" style=\"height:20px\">A295 &#8211; 1&#8243;<\/td>\n<td style=\"width:99px\">1&#8243; x 11<\/td>\n<td style=\"width:43px\">40.0<\/td>\n<td style=\"width:61px\">23.6<\/td>\n<td style=\"width:61px\">15.0<\/td>\n<td style=\"width:61px\">24.0<\/td>\n<td>250<\/td>\n<\/tr>\n<tr height=\"20\">\n<td height=\"20\" style=\"height:20px\">A295 &#8211; 1.1\/4&#8243;<\/td>\n<td style=\"width:99px\">1,1\/4&#8243; x 11<\/td>\n<td style=\"width:43px\">50.0<\/td>\n<td style=\"width:61px\">23.6<\/td>\n<td style=\"width:61px\">15.0<\/td>\n<td style=\"width:61px\">24.0<\/td>\n<td>250<\/td>\n<\/tr>\n<tr height=\"20\">\n<td height=\"20\" style=\"height:20px\">A295 &#8211; 1.1\/2&#8243;<\/td>\n<td style=\"width:99px\">1,1\/2&#8243; x 11<\/td>\n<td style=\"width:43px\">56.0<\/td>\n<td style=\"width:61px\">25.0<\/td>\n<td style=\"width:61px\">15.0<\/td>\n<td style=\"width:61px\">30.0<\/td>\n<td>100<\/td>\n<\/tr>\n<tr height=\"20\">\n<td height=\"20\" style=\"height:20px\">A295 &#8211; 1.3\/4&#8243;<\/td>\n<td style=\"width:99px\">1,3\/4&#8243; x 11<\/td>\n<td style=\"width:43px\">62.0<\/td>\n<td style=\"width:61px\">25.0<\/td>\n<td style=\"width:61px\">15.0<\/td>\n<td style=\"width:61px\">36.0<\/td>\n<td>100<\/td>\n<\/tr>\n<tr height=\"20\">\n<td height=\"20\" style=\"height:20px\">A295 &#8211; 2&#8243;<\/td>\n<td style=\"width:99px\">2&#8243; x 11<\/td>\n<td style=\"width:43px\">68.0<\/td>\n<td style=\"width:61px\">25.0<\/td>\n<td style=\"width:61px\">15.0<\/td>\n<td style=\"width:61px\">36.0<\/td>\n<td>100<\/td>\n<\/tr>\n<tr height=\"20\">\n<td height=\"20\" style=\"height:20px\">UNF<\/td>\n<td style=\"width:99px\"><\/td>\n<td style=\"width:43px\"><\/td>\n<td style=\"width:61px\"><\/td>\n<td style=\"width:61px\"><\/td>\n<td style=\"width:61px\"><\/td>\n<td><\/td>\n<\/tr>\n<tr height=\"20\">\n<td height=\"20\" style=\"height:20px\">A295 &#8211; 3\/8U<\/td>\n<td style=\"width:99px\">3\/8&#8243; x 24<\/td>\n<td style=\"width:43px\">14.0<\/td>\n<td style=\"width:61px\">17.2<\/td>\n<td style=\"width:61px\">10.0<\/td>\n<td style=\"width:61px\">7.0<\/td>\n<td>500<\/td>\n<\/tr>\n<tr height=\"20\">\n<td height=\"20\" style=\"height:20px\">A295 &#8211; 7\/16U<\/td>\n<td style=\"width:99px\">1\/16&#8243; x 20<\/td>\n<td style=\"width:43px\">16.0<\/td>\n<td style=\"width:61px\">19.7<\/td>\n<td style=\"width:61px\">12.5<\/td>\n<td style=\"width:61px\">10.0<\/td>\n<td>500<\/td>\n<\/tr>\n<tr height=\"20\">\n<td height=\"20\" style=\"height:20px\">A295 &#8211; 1\/2U<\/td>\n<td style=\"width:99px\">1\/2&#8243; x 20<\/td>\n<td style=\"width:43px\">19.0<\/td>\n<td style=\"width:61px\">20.9<\/td>\n<td style=\"width:61px\">12.5<\/td>\n<td style=\"width:61px\">10.0<\/td>\n<td>500<\/td>\n<\/tr>\n<tr height=\"20\">\n<td height=\"20\" style=\"height:20px\">A295 &#8211; 9\/16U<\/td>\n<td style=\"width:99px\">9\/16&#8243; x 18<\/td>\n<td style=\"width:43px\">21.0<\/td>\n<td style=\"width:61px\">20.9<\/td>\n<td style=\"width:61px\">12.5<\/td>\n<td style=\"width:61px\">10.0<\/td>\n<td>500<\/td>\n<\/tr>\n<tr height=\"20\">\n<td height=\"20\" style=\"height:20px\">A295 &#8211; 5\/8U<\/td>\n<td style=\"width:99px\">5\/8&#8243; x 18<\/td>\n<td style=\"width:43px\">22.0<\/td>\n<td style=\"width:61px\">20.9<\/td>\n<td style=\"width:61px\">12.5<\/td>\n<td style=\"width:61px\">13.0<\/td>\n<td>500<\/td>\n<\/tr>\n<tr height=\"20\">\n<td height=\"20\" style=\"height:20px\">A295 &#8211; 3\/4U<\/td>\n<td style=\"width:99px\">3\/4&#8243; x 16<\/td>\n<td style=\"width:43px\">27.0<\/td>\n<td style=\"width:61px\">21.9<\/td>\n<td style=\"width:61px\">13.5<\/td>\n<td style=\"width:61px\">13.0<\/td>\n<td>250<\/td>\n<\/tr>\n<tr height=\"20\">\n<td height=\"20\" style=\"height:20px\">A295 &#8211; 7\/8U<\/td>\n<td style=\"width:99px\">7\/8&#8243; x 14<\/td>\n<td style=\"width:43px\">28.0<\/td>\n<td style=\"width:61px\">21.9<\/td>\n<td style=\"width:61px\">13.5<\/td>\n<td style=\"width:61px\">15.0<\/td>\n<td>250<\/td>\n<\/tr>\n<tr height=\"20\">\n<td height=\"20\" style=\"height:20px\">A295 &#8211; 1U<\/td>\n<td style=\"width:99px\">1&#8243; x 14<\/td>\n<td style=\"width:43px\">31.0<\/td>\n<td style=\"width:61px\">22.1<\/td>\n<td style=\"width:61px\">13.5<\/td>\n<td style=\"width:61px\">17.0<\/td>\n<td>250<\/td>\n<\/tr>\n<tr height=\"20\">\n<td height=\"20\" style=\"height:20px\">A295 &#8211; 1.1\/16U<\/td>\n<td style=\"width:99px\">1.1\/16&#8243; x 12<\/td>\n<td style=\"width:43px\">35.0<\/td>\n<td style=\"width:61px\">22.6<\/td>\n<td style=\"width:61px\">14.0<\/td>\n<td style=\"width:61px\">19.0<\/td>\n<td>250<\/td>\n<\/tr>\n<tr height=\"20\">\n<td height=\"20\" style=\"height:20px\">A295 &#8211; 1.3\/16U<\/td>\n<td style=\"width:99px\">1.3\/16&#8243; x 12<\/td>\n<td style=\"width:43px\">38.0<\/td>\n<td style=\"width:61px\">22.6<\/td>\n<td style=\"width:61px\">14.0<\/td>\n<td style=\"width:61px\">22.0<\/td>\n<td>250<\/td>\n<\/tr>\n<tr height=\"20\">\n<td height=\"20\" style=\"height:20px\">A295 &#8211; 1.5\/16U<\/td>\n<td style=\"width:99px\">1.5\/16&#8243; x 12<\/td>\n<td style=\"width:43px\">42.0<\/td>\n<td style=\"width:61px\">24.0<\/td>\n<td style=\"width:61px\">14.0<\/td>\n<td style=\"width:61px\">24.0<\/td>\n<td>250<\/td>\n<\/tr>\n<tr height=\"20\">\n<td height=\"20\" style=\"height:20px\">A295 &#8211; 1.5\/8U<\/td>\n<td style=\"width:99px\">1.5\/8&#8243; x 12<\/td>\n<td style=\"width:43px\">50.0<\/td>\n<td style=\"width:61px\">24.0<\/td>\n<td style=\"width:61px\">14.0<\/td>\n<td style=\"width:61px\">24.0<\/td>\n<td>100<\/td>\n<\/tr>\n<tr height=\"20\">\n<td height=\"20\" style=\"height:20px\">A295 &#8211; 1.7\/8U<\/td>\n<td style=\"width:99px\">1.7\/8&#8243; x 12<\/td>\n<td style=\"width:43px\">55.0<\/td>\n<td style=\"width:61px\">24.0<\/td>\n<td style=\"width:61px\">14.0<\/td>\n<td style=\"width:61px\">30.0<\/td>\n<td>100<\/td>\n<\/tr>\n<tr height=\"20\">\n<td height=\"20\" style=\"height:20px\">M\u00e9trico<\/td>\n<td style=\"width:99px\"><\/td>\n<td style=\"width:43px\"><\/td>\n<td style=\"width:61px\"><\/td>\n<td style=\"width:61px\"><\/td>\n<td style=\"width:61px\"><\/td>\n<td><\/td>\n<\/tr>\n<tr height=\"20\">\n<td height=\"20\" style=\"height:20px\">A295 &#8211; M8x1<\/td>\n<td style=\"width:99px\">M8 x 1<\/td>\n<td style=\"width:43px\">12.5<\/td>\n<td style=\"width:61px\">17.0<\/td>\n<td style=\"width:61px\">10.0<\/td>\n<td style=\"width:61px\">6.0<\/td>\n<td>500<\/td>\n<\/tr>\n<tr height=\"20\">\n<td height=\"20\" style=\"height:20px\">A295 &#8211; M10x1<\/td>\n<td style=\"width:99px\">M10 x 1<\/td>\n<td style=\"width:43px\">14.5<\/td>\n<td style=\"width:61px\">17.2<\/td>\n<td style=\"width:61px\">10.0<\/td>\n<td style=\"width:61px\">7.0<\/td>\n<td>500<\/td>\n<\/tr>\n<tr height=\"20\">\n<td height=\"20\" style=\"height:20px\">A295 &#8211; M10x1.5<\/td>\n<td style=\"width:99px\">M10 x 1.5<\/td>\n<td style=\"width:43px\">14.5<\/td>\n<td style=\"width:61px\">19.2<\/td>\n<td style=\"width:61px\">12.0<\/td>\n<td style=\"width:61px\">7.0<\/td>\n<td>500<\/td>\n<\/tr>\n<tr height=\"20\">\n<td height=\"20\" style=\"height:20px\">A295 &#8211; M12x1<\/td>\n<td style=\"width:99px\">M12 x 1<\/td>\n<td style=\"width:43px\">17.0<\/td>\n<td style=\"width:61px\">17.2<\/td>\n<td style=\"width:61px\">10.0<\/td>\n<td style=\"width:61px\">10.0<\/td>\n<td>500<\/td>\n<\/tr>\n<tr height=\"20\">\n<td height=\"20\" style=\"height:20px\">A295 &#8211; M12x1.5<\/td>\n<td style=\"width:99px\">M12 x 1.5<\/td>\n<td style=\"width:43px\">17.0<\/td>\n<td style=\"width:61px\">19.2<\/td>\n<td style=\"width:61px\">12.0<\/td>\n<td style=\"width:61px\">10.0<\/td>\n<td>500<\/td>\n<\/tr>\n<tr height=\"20\">\n<td height=\"20\" style=\"height:20px\">A295 &#8211; M14x1.5<\/td>\n<td style=\"width:99px\">M14 x 1.5<\/td>\n<td style=\"width:43px\">22.0<\/td>\n<td style=\"width:61px\">19.2<\/td>\n<td style=\"width:61px\">12.0<\/td>\n<td style=\"width:61px\">10.0<\/td>\n<td>500<\/td>\n<\/tr>\n<tr height=\"20\">\n<td height=\"20\" style=\"height:20px\">A295 &#8211; M16x1.5<\/td>\n<td style=\"width:99px\">M16 x 1.5<\/td>\n<td style=\"width:43px\">24.0<\/td>\n<td style=\"width:61px\">20.4<\/td>\n<td style=\"width:61px\">12.0<\/td>\n<td style=\"width:61px\">13.0<\/td>\n<td>500<\/td>\n<\/tr>\n<tr height=\"20\">\n<td height=\"20\" style=\"height:20px\">A295 &#8211; M18x1.5<\/td>\n<td style=\"width:99px\">M18 x 1.5<\/td>\n<td style=\"width:43px\">24.0<\/td>\n<td style=\"width:61px\">20.4<\/td>\n<td style=\"width:61px\">12.0<\/td>\n<td style=\"width:61px\">13.0<\/td>\n<td>500<\/td>\n<\/tr>\n<tr height=\"20\">\n<td height=\"20\" style=\"height:20px\">A295 &#8211; M20x1.5<\/td>\n<td style=\"width:99px\">M20 x 1.5<\/td>\n<td style=\"width:43px\">26.0<\/td>\n<td style=\"width:61px\">20.4<\/td>\n<td style=\"width:61px\">12.0<\/td>\n<td style=\"width:61px\">15.0<\/td>\n<td>250<\/td>\n<\/tr>\n<tr height=\"20\">\n<td height=\"20\" style=\"height:20px\">A295 &#8211; M22x1.5<\/td>\n<td style=\"width:99px\">M22 x 1.5<\/td>\n<td style=\"width:43px\">28.0<\/td>\n<td style=\"width:61px\">20.4<\/td>\n<td style=\"width:61px\">12.0<\/td>\n<td style=\"width:61px\">15.0<\/td>\n<td>250<\/td>\n<\/tr>\n<tr height=\"20\">\n<td height=\"20\" style=\"height:20px\">A295 &#8211; M24x1.5<\/td>\n<td style=\"width:99px\">M24 x 1.5<\/td>\n<td style=\"width:43px\">30.0<\/td>\n<td style=\"width:61px\">20.4<\/td>\n<td style=\"width:61px\">12.0<\/td>\n<td style=\"width:61px\">17.0<\/td>\n<td>250<\/td>\n<\/tr>\n<tr height=\"20\">\n<td height=\"20\" style=\"height:20px\">A295 &#8211; M26x1.5<\/td>\n<td style=\"width:99px\">M26 x 1.5<\/td>\n<td style=\"width:43px\">32.0<\/td>\n<td style=\"width:61px\">20.4<\/td>\n<td style=\"width:61px\">12.0<\/td>\n<td style=\"width:61px\">19.0<\/td>\n<td>250<\/td>\n<\/tr>\n<tr height=\"20\">\n<td height=\"20\" style=\"height:20px\">A295 &#8211; M27x2<\/td>\n<td style=\"width:99px\">M27 x 2.0<\/td>\n<td style=\"width:43px\">33.0<\/td>\n<td style=\"width:61px\">24.6<\/td>\n<td style=\"width:61px\">15.0<\/td>\n<td style=\"width:61px\">19.0<\/td>\n<td>250<\/td>\n<\/tr>\n<tr height=\"20\">\n<td height=\"20\" style=\"height:20px\">A295 &#8211; M28x1.5<\/td>\n<td style=\"width:99px\">M28 x 1.5<\/td>\n<td style=\"width:43px\">34.0<\/td>\n<td style=\"width:61px\">20.4<\/td>\n<td style=\"width:61px\">12.0<\/td>\n<td style=\"width:61px\">19.0<\/td>\n<td>250<\/td>\n<\/tr>\n<tr height=\"20\">\n<td height=\"20\" style=\"height:20px\">A295 &#8211; M30x1.5<\/td>\n<td style=\"width:99px\">M30 x 1.5<\/td>\n<td style=\"width:43px\">38.0<\/td>\n<td style=\"width:61px\">20.6<\/td>\n<td style=\"width:61px\">12.0<\/td>\n<td style=\"width:61px\">22.0<\/td>\n<td>250<\/td>\n<\/tr>\n<tr height=\"20\">\n<td height=\"20\" style=\"height:20px\">A295 &#8211; M30x2<\/td>\n<td style=\"width:99px\">M30 x 2.0<\/td>\n<td style=\"width:43px\">38.0<\/td>\n<td style=\"width:61px\">24.6<\/td>\n<td style=\"width:61px\">15.0<\/td>\n<td style=\"width:61px\">22.0<\/td>\n<td>250<\/td>\n<\/tr>\n<tr height=\"20\">\n<td height=\"20\" style=\"height:20px\">A295 &#8211; M32x1.5<\/td>\n<td style=\"width:99px\">M32 x 1.5<\/td>\n<td style=\"width:43px\">40.0<\/td>\n<td style=\"width:61px\">20.6<\/td>\n<td style=\"width:61px\">12.0<\/td>\n<td style=\"width:61px\">24.0<\/td>\n<td>250<\/td>\n<\/tr>\n<tr height=\"20\">\n<td height=\"20\" style=\"height:20px\">A295 &#8211; M33x2<\/td>\n<td style=\"width:99px\">M33 x 2.0<\/td>\n<td style=\"width:43px\">40.0<\/td>\n<td style=\"width:61px\">24.6<\/td>\n<td style=\"width:61px\">15.0<\/td>\n<td style=\"width:61px\">24.0<\/td>\n<td>250<\/td>\n<\/tr>\n<tr height=\"20\">\n<td height=\"20\" style=\"height:20px\">A295 &#8211; M36x1.5<\/td>\n<td style=\"width:99px\">M36 x 1.5<\/td>\n<td style=\"width:43px\">45.0<\/td>\n<td style=\"width:61px\">20.6<\/td>\n<td style=\"width:61px\">12.0<\/td>\n<td style=\"width:61px\">24.0<\/td>\n<td>100<\/td>\n<\/tr>\n<tr height=\"20\">\n<td height=\"20\" style=\"height:20px\">A295 &#8211; M36x2<\/td>\n<td style=\"width:99px\">M36 x 2.0<\/td>\n<td style=\"width:43px\">45.0<\/td>\n<td style=\"width:61px\">24.6<\/td>\n<td style=\"width:61px\">15.0<\/td>\n<td style=\"width:61px\">24.0<\/td>\n<td>100<\/td>\n<\/tr>\n<tr height=\"20\">\n<td height=\"20\" style=\"height:20px\">A295 &#8211; M38x1.5<\/td>\n<td style=\"width:99px\">M38 x 1.5<\/td>\n<td style=\"width:43px\">48.0<\/td>\n<td style=\"width:61px\">20.6<\/td>\n<td style=\"width:61px\">12.0<\/td>\n<td style=\"width:61px\">24.0<\/td>\n<td>100<\/td>\n<\/tr>\n<tr height=\"20\">\n<td height=\"20\" style=\"height:20px\">A295 &#8211; M42x2<\/td>\n<td style=\"width:99px\">M42 x 2.0<\/td>\n<td style=\"width:43px\">50.0<\/td>\n<td style=\"width:61px\">24.6<\/td>\n<td style=\"width:61px\">15.0<\/td>\n<td style=\"width:61px\">24.0<\/td>\n<td>100<\/td>\n<\/tr>\n<tr height=\"20\">\n<td height=\"20\" style=\"height:20px\">A295 &#8211; M45x1.5<\/td>\n<td style=\"width:99px\">M45 x 1.5<\/td>\n<td style=\"width:43px\">52.0<\/td>\n<td style=\"width:61px\">22.0<\/td>\n<td style=\"width:61px\">12.0<\/td>\n<td style=\"width:61px\">24.0<\/td>\n<td>100<\/td>\n<\/tr>\n<tr height=\"20\">\n<td height=\"20\" style=\"height:20px\">A295 &#8211; M45x2<\/td>\n<td style=\"width:99px\">M45 x 2.0<\/td>\n<td style=\"width:43px\">52.0<\/td>\n<td style=\"width:61px\">25.0<\/td>\n<td style=\"width:61px\">15.0<\/td>\n<td style=\"width:61px\">30.0<\/td>\n<td>100<\/td>\n<\/tr>\n<tr height=\"20\">\n<td height=\"20\" style=\"height:20px\">A295 &#8211; M48x2<\/td>\n<td style=\"width:99px\">M48 x 2.0<\/td>\n<td style=\"width:43px\">55.0<\/td>\n<td style=\"width:61px\">25.0<\/td>\n<td style=\"width:61px\">15.0<\/td>\n<td style=\"width:61px\">30.0<\/td>\n<td>100<\/td>\n<\/tr>\n<tr height=\"20\">\n<td height=\"20\" style=\"height:20px\">A295 &#8211; M52x1.5<\/td>\n<td style=\"width:99px\">M52 x 1.5<\/td>\n<td style=\"width:43px\">60.0<\/td>\n<td style=\"width:61px\">22.0<\/td>\n<td style=\"width:61px\">12.0<\/td>\n<td style=\"width:61px\">30.0<\/td>\n<td>100<\/td>\n<\/tr>\n<tr height=\"20\">\n<td height=\"20\" style=\"height:20px\">A295 &#8211; M52x2<\/td>\n<td style=\"width:99px\">M52 x 2.0<\/td>\n<td style=\"width:43px\">60.0<\/td>\n<td style=\"width:61px\">25.0<\/td>\n<td style=\"width:61px\">15.0<\/td>\n<td style=\"width:61px\">7.0<\/td>\n<td>100<\/td>\n<\/tr>\n<\/tbody>\n<\/table>\n","protected":false},"excerpt":{"rendered":"<p>Material: PA6      &#8211;     Color: Amarillo<\/p>\n","protected":false},"featured_media":12743,"template":"","meta":{"ngg_post_thumbnail":0,"_joinchat":[]},"yoast_head":"<!-- This site is optimized with the Yoast SEO plugin v16.4 - https:\/\/yoast.com\/wordpress\/plugins\/seo\/ -->\n<title>A295 - Tap\u00f3n de rosca herm\u00e9tico con junta t\u00f3rica - Braplastic<\/title>\n<meta name=\"robots\" content=\"index, follow, max-snippet:-1, max-image-preview:large, max-video-preview:-1\" \/>\n<link rel=\"canonical\" href=\"https:\/\/braplastic.com\/de\/producto\/a295-tapon-de-rosca-hermetico-con-junta-torica\/\" \/>\n<meta property=\"og:locale\" content=\"de_DE\" \/>\n<meta property=\"og:type\" content=\"article\" \/>\n<meta property=\"og:title\" content=\"A295 - Tap\u00f3n de rosca herm\u00e9tico con junta t\u00f3rica - Braplastic\" \/>\n<meta property=\"og:description\" content=\"Material: PA6   -   Color: Amarillo\" \/>\n<meta property=\"og:url\" content=\"https:\/\/braplastic.com\/de\/producto\/a295-tapon-de-rosca-hermetico-con-junta-torica\/\" \/>\n<meta property=\"og:site_name\" content=\"Braplastic\" \/>\n<meta property=\"article:modified_time\" content=\"2020-12-18T09:57:46+00:00\" \/>\n<meta property=\"og:image\" content=\"https:\/\/braplastic.com\/wp-content\/uploads\/2020\/09\/1142013174015849845.jpg\" \/>\n\t<meta property=\"og:image:width\" content=\"270\" \/>\n\t<meta property=\"og:image:height\" content=\"240\" \/>\n<meta name=\"twitter:card\" content=\"summary_large_image\" \/>\n<meta name=\"twitter:label1\" content=\"Gesch\u00e4tzte Lesezeit\" \/>\n\t<meta name=\"twitter:data1\" content=\"1\u00a0Minute\" \/>\n<script type=\"application\/ld+json\" class=\"yoast-schema-graph\">{\"@context\":\"https:\/\/schema.org\",\"@graph\":[{\"@type\":\"WebSite\",\"@id\":\"https:\/\/braplastic.com\/#website\",\"url\":\"https:\/\/braplastic.com\/\",\"name\":\"Braplastic\",\"description\":\"Empresa de inyecci\\u00f3n de pl\\u00e1stico\",\"potentialAction\":[{\"@type\":\"SearchAction\",\"target\":\"https:\/\/braplastic.com\/?s={search_term_string}\",\"query-input\":\"required name=search_term_string\"}],\"inLanguage\":\"de\"},{\"@type\":\"ImageObject\",\"@id\":\"https:\/\/braplastic.com\/de\/producto\/a295-tapon-de-rosca-hermetico-con-junta-torica\/#primaryimage\",\"inLanguage\":\"de\",\"url\":\"https:\/\/braplastic.com\/wp-content\/uploads\/2020\/09\/1142013174015849845.jpg\",\"contentUrl\":\"https:\/\/braplastic.com\/wp-content\/uploads\/2020\/09\/1142013174015849845.jpg\",\"width\":270,\"height\":240},{\"@type\":\"WebPage\",\"@id\":\"https:\/\/braplastic.com\/de\/producto\/a295-tapon-de-rosca-hermetico-con-junta-torica\/#webpage\",\"url\":\"https:\/\/braplastic.com\/de\/producto\/a295-tapon-de-rosca-hermetico-con-junta-torica\/\",\"name\":\"A295 - Tap\\u00f3n de rosca herm\\u00e9tico con junta t\\u00f3rica - Braplastic\",\"isPartOf\":{\"@id\":\"https:\/\/braplastic.com\/#website\"},\"primaryImageOfPage\":{\"@id\":\"https:\/\/braplastic.com\/de\/producto\/a295-tapon-de-rosca-hermetico-con-junta-torica\/#primaryimage\"},\"datePublished\":\"2020-09-18T09:43:04+00:00\",\"dateModified\":\"2020-12-18T09:57:46+00:00\",\"breadcrumb\":{\"@id\":\"https:\/\/braplastic.com\/de\/producto\/a295-tapon-de-rosca-hermetico-con-junta-torica\/#breadcrumb\"},\"inLanguage\":\"de\",\"potentialAction\":[{\"@type\":\"ReadAction\",\"target\":[\"https:\/\/braplastic.com\/de\/producto\/a295-tapon-de-rosca-hermetico-con-junta-torica\/\"]}]},{\"@type\":\"BreadcrumbList\",\"@id\":\"https:\/\/braplastic.com\/de\/producto\/a295-tapon-de-rosca-hermetico-con-junta-torica\/#breadcrumb\",\"itemListElement\":[{\"@type\":\"ListItem\",\"position\":1,\"item\":{\"@type\":\"WebPage\",\"@id\":\"https:\/\/braplastic.com\/de\/\",\"url\":\"https:\/\/braplastic.com\/de\/\",\"name\":\"Portada\"}},{\"@type\":\"ListItem\",\"position\":2,\"item\":{\"@type\":\"WebPage\",\"@id\":\"https:\/\/braplastic.com\/de\/catalogo\/\",\"url\":\"https:\/\/braplastic.com\/de\/catalogo\/\",\"name\":\"Katalog\"}},{\"@type\":\"ListItem\",\"position\":3,\"item\":{\"@id\":\"https:\/\/braplastic.com\/de\/producto\/a295-tapon-de-rosca-hermetico-con-junta-torica\/#webpage\"}}]}]}<\/script>\n<!-- \/ Yoast SEO plugin. -->","_links":{"self":[{"href":"https:\/\/braplastic.com\/de\/wp-json\/wp\/v2\/product\/12742"}],"collection":[{"href":"https:\/\/braplastic.com\/de\/wp-json\/wp\/v2\/product"}],"about":[{"href":"https:\/\/braplastic.com\/de\/wp-json\/wp\/v2\/types\/product"}],"wp:featuredmedia":[{"embeddable":true,"href":"https:\/\/braplastic.com\/de\/wp-json\/wp\/v2\/media\/12743"}],"wp:attachment":[{"href":"https:\/\/braplastic.com\/de\/wp-json\/wp\/v2\/media?parent=12742"}],"curies":[{"name":"wp","href":"https:\/\/api.w.org\/{rel}","templated":true}]}}