{"id":13683,"date":"2020-09-18T09:43:12","date_gmt":"2020-09-18T09:43:12","guid":{"rendered":"http:\/\/www.braplastic.com\/producto\/a472-capuchon-para-pernos-y-tuercas\/"},"modified":"2020-09-18T09:43:12","modified_gmt":"2020-09-18T09:43:12","slug":"a472-capuchon-para-pernos-y-tuercas","status":"publish","type":"product","link":"https:\/\/braplastic.com\/en\/producto\/a472-capuchon-para-pernos-y-tuercas\/","title":{"rendered":"A472 &#8211; Capuch\u00f3n para pernos y tuercas"},"content":{"rendered":"<p>Para uso en zonas de juego al aire libre, se\u00f1alizaci\u00f3n en madera y tuercas protuberantes.<\/p>\n<\/p>\n<table border=\"0\" cellpadding=\"0\" cellspacing=\"0\" width=\"411\">\n<colgroup>\n<col \/>\n<col \/>\n<col \/>\n<col \/>\n<col span=\"2\" \/>\t<\/colgroup>\n<tbody>\n<tr height=\"20\">\n<td align=\"left\" height=\"20\" style=\"height:20pxwidth:107px\">Referencia<\/td>\n<td style=\"width:73px\">d mm<\/td>\n<td style=\"width:81px\">d1 mm<\/td>\n<td style=\"width:53px\">D mm<\/td>\n<td style=\"width:49px\">H mm<\/td>\n<td style=\"width:49px\">L mm<\/td>\n<\/tr>\n<tr height=\"20\">\n<td align=\"left\" height=\"20\" style=\"height:20px\">A472 \/ M6 F1<\/td>\n<td>6.3<\/td>\n<td>13.5<\/td>\n<td>25<\/td>\n<td>12<\/td>\n<td>9.5<\/td>\n<\/tr>\n<tr height=\"20\">\n<td align=\"left\" height=\"20\" style=\"height:20px\">A472 \/ M6 F2<\/td>\n<td>6.3<\/td>\n<td>13.5<\/td>\n<td>25<\/td>\n<td><\/td>\n<td><\/td>\n<\/tr>\n<tr height=\"20\">\n<td align=\"left\" height=\"20\" style=\"height:20px\">A472 \/ M8 F1<\/td>\n<td>8.3<\/td>\n<td>17<\/td>\n<td>32<\/td>\n<td>14<\/td>\n<td>11.5<\/td>\n<\/tr>\n<tr height=\"20\">\n<td align=\"left\" height=\"20\" style=\"height:20px\">A472 \/ M8 F2<\/td>\n<td>8.3<\/td>\n<td>17<\/td>\n<td>32<\/td>\n<td><\/td>\n<td><\/td>\n<\/tr>\n<tr height=\"20\">\n<td align=\"left\" height=\"20\" style=\"height:20px\">A472 \/ M10 F1<\/td>\n<td>10.3<\/td>\n<td>21.4<\/td>\n<td>38<\/td>\n<td>17<\/td>\n<td>14<\/td>\n<\/tr>\n<tr height=\"20\">\n<td align=\"left\" height=\"20\" style=\"height:20px\">A472 \/ M10 F2<\/td>\n<td>10.3<\/td>\n<td>21.4<\/td>\n<td>38<\/td>\n<td><\/td>\n<td><\/td>\n<\/tr>\n<tr height=\"20\">\n<td align=\"left\" height=\"20\" style=\"height:20px\">A472 \/ M10 F3<\/td>\n<td>10.3<\/td>\n<td>21.4<\/td>\n<td>38<\/td>\n<td>21<\/td>\n<td>18<\/td>\n<\/tr>\n<tr height=\"20\">\n<td align=\"left\" height=\"20\" style=\"height:20px\">A472 \/ M12 F1<\/td>\n<td>12.4<\/td>\n<td>23.6<\/td>\n<td>43<\/td>\n<td>20.5<\/td>\n<td>16.5<\/td>\n<\/tr>\n<tr height=\"20\">\n<td align=\"left\" height=\"20\" style=\"height:20px\">A472 \/ M12 F2<\/td>\n<td>12.4<\/td>\n<td>23.6<\/td>\n<td><\/td>\n<td><\/td>\n<td><\/td>\n<\/tr>\n<tr height=\"20\">\n<td align=\"left\" height=\"20\" style=\"height:20px\">A472 \/ M12 F3<\/td>\n<td>12.4<\/td>\n<td>23.6<\/td>\n<td>44<\/td>\n<td>25.5<\/td>\n<td>22<\/td>\n<\/tr>\n<\/tbody>\n<\/table><\/p>\n","protected":false},"excerpt":{"rendered":"<p>Material: PP       &#8211;     Color: Negro y blanco<\/p>\n","protected":false},"featured_media":12260,"template":"","meta":{"ngg_post_thumbnail":0,"_joinchat":[]},"yoast_head":"<!-- This site is optimized with the Yoast SEO plugin v16.4 - https:\/\/yoast.com\/wordpress\/plugins\/seo\/ -->\n<title>A472 - Capuch\u00f3n para pernos y tuercas - Braplastic<\/title>\n<meta name=\"robots\" content=\"index, follow, max-snippet:-1, max-image-preview:large, max-video-preview:-1\" \/>\n<link rel=\"canonical\" href=\"https:\/\/braplastic.com\/en\/producto\/a472-capuchon-para-pernos-y-tuercas\/\" \/>\n<meta property=\"og:locale\" content=\"en_US\" \/>\n<meta property=\"og:type\" content=\"article\" \/>\n<meta property=\"og:title\" content=\"A472 - Capuch\u00f3n para pernos y tuercas - Braplastic\" \/>\n<meta property=\"og:description\" content=\"Material: PP    -   Color: Negro y blanco\" \/>\n<meta property=\"og:url\" content=\"https:\/\/braplastic.com\/en\/producto\/a472-capuchon-para-pernos-y-tuercas\/\" \/>\n<meta property=\"og:site_name\" content=\"Braplastic\" \/>\n<meta property=\"og:image\" content=\"https:\/\/braplastic.com\/wp-content\/uploads\/2020\/09\/a472-capuchon-para-pernos-y-tuercas-393-1.jpg\" \/>\n\t<meta property=\"og:image:width\" content=\"349\" \/>\n\t<meta property=\"og:image:height\" content=\"323\" \/>\n<meta name=\"twitter:card\" content=\"summary_large_image\" \/>\n<script type=\"application\/ld+json\" class=\"yoast-schema-graph\">{\"@context\":\"https:\/\/schema.org\",\"@graph\":[{\"@type\":\"WebSite\",\"@id\":\"https:\/\/braplastic.com\/#website\",\"url\":\"https:\/\/braplastic.com\/\",\"name\":\"Braplastic\",\"description\":\"Empresa de inyecci\\u00f3n de pl\\u00e1stico\",\"potentialAction\":[{\"@type\":\"SearchAction\",\"target\":\"https:\/\/braplastic.com\/?s={search_term_string}\",\"query-input\":\"required name=search_term_string\"}],\"inLanguage\":\"en-US\"},{\"@type\":\"ImageObject\",\"@id\":\"https:\/\/braplastic.com\/en\/producto\/a472-capuchon-para-pernos-y-tuercas\/#primaryimage\",\"inLanguage\":\"en-US\",\"url\":\"https:\/\/braplastic.com\/wp-content\/uploads\/2020\/09\/a472-capuchon-para-pernos-y-tuercas-393-1.jpg\",\"contentUrl\":\"https:\/\/braplastic.com\/wp-content\/uploads\/2020\/09\/a472-capuchon-para-pernos-y-tuercas-393-1.jpg\",\"width\":349,\"height\":323},{\"@type\":\"WebPage\",\"@id\":\"https:\/\/braplastic.com\/en\/producto\/a472-capuchon-para-pernos-y-tuercas\/#webpage\",\"url\":\"https:\/\/braplastic.com\/en\/producto\/a472-capuchon-para-pernos-y-tuercas\/\",\"name\":\"A472 - Capuch\\u00f3n para pernos y tuercas - Braplastic\",\"isPartOf\":{\"@id\":\"https:\/\/braplastic.com\/#website\"},\"primaryImageOfPage\":{\"@id\":\"https:\/\/braplastic.com\/en\/producto\/a472-capuchon-para-pernos-y-tuercas\/#primaryimage\"},\"datePublished\":\"2020-09-18T09:43:12+00:00\",\"dateModified\":\"2020-09-18T09:43:12+00:00\",\"breadcrumb\":{\"@id\":\"https:\/\/braplastic.com\/en\/producto\/a472-capuchon-para-pernos-y-tuercas\/#breadcrumb\"},\"inLanguage\":\"en-US\",\"potentialAction\":[{\"@type\":\"ReadAction\",\"target\":[\"https:\/\/braplastic.com\/en\/producto\/a472-capuchon-para-pernos-y-tuercas\/\"]}]},{\"@type\":\"BreadcrumbList\",\"@id\":\"https:\/\/braplastic.com\/en\/producto\/a472-capuchon-para-pernos-y-tuercas\/#breadcrumb\",\"itemListElement\":[{\"@type\":\"ListItem\",\"position\":1,\"item\":{\"@type\":\"WebPage\",\"@id\":\"https:\/\/braplastic.com\/en\/\",\"url\":\"https:\/\/braplastic.com\/en\/\",\"name\":\"Portada\"}},{\"@type\":\"ListItem\",\"position\":2,\"item\":{\"@type\":\"WebPage\",\"@id\":\"https:\/\/braplastic.com\/en\/catalogo\/\",\"url\":\"https:\/\/braplastic.com\/en\/catalogo\/\",\"name\":\"Catalog\"}},{\"@type\":\"ListItem\",\"position\":3,\"item\":{\"@id\":\"https:\/\/braplastic.com\/en\/producto\/a472-capuchon-para-pernos-y-tuercas\/#webpage\"}}]}]}<\/script>\n<!-- \/ Yoast SEO plugin. -->","_links":{"self":[{"href":"https:\/\/braplastic.com\/en\/wp-json\/wp\/v2\/product\/13683"}],"collection":[{"href":"https:\/\/braplastic.com\/en\/wp-json\/wp\/v2\/product"}],"about":[{"href":"https:\/\/braplastic.com\/en\/wp-json\/wp\/v2\/types\/product"}],"wp:featuredmedia":[{"embeddable":true,"href":"https:\/\/braplastic.com\/en\/wp-json\/wp\/v2\/media\/12260"}],"wp:attachment":[{"href":"https:\/\/braplastic.com\/en\/wp-json\/wp\/v2\/media?parent=13683"}],"curies":[{"name":"wp","href":"https:\/\/api.w.org\/{rel}","templated":true}]}}