{"id":13693,"date":"2020-09-18T09:43:07","date_gmt":"2020-09-18T09:43:07","guid":{"rendered":"http:\/\/www.braplastic.com\/producto\/a621-tapon-hidraulico-de-colocacion-rapida\/"},"modified":"2020-09-18T09:43:07","modified_gmt":"2020-09-18T09:43:07","slug":"a621-tapon-hidraulico-de-colocacion-rapida","status":"publish","type":"product","link":"https:\/\/braplastic.com\/en\/producto\/a621-tapon-hidraulico-de-colocacion-rapida\/","title":{"rendered":"A621 &#8211; Tap\u00f3n hidr\u00e1ulico de colocaci\u00f3n r\u00e1pida"},"content":{"rendered":"<\/p>\n<table border=\"0\" cellpadding=\"0\" cellspacing=\"0\" style=\"width: 980px height: 90px\" width=\"980\">\n<colgroup>\n<col \/>\n<col \/>\n<col span=\"3\" \/>\t<\/colgroup>\n<tbody>\n<tr height=\"20\">\n<td height=\"20\" style=\"width: 80px height: 20px\">\t\t\t\t<strong>Referencia<\/strong><\/td>\n<td style=\"width: 275px\">\t\t\t\t<strong>Descripci\u00f3n<\/strong><\/td>\n<td style=\"width: 80px\">\t\t\t\t<strong>D1 mm<\/strong><\/td>\n<td style=\"width: 80px\">\t\t\t\t<strong>D2 mm<\/strong><\/td>\n<td style=\"width: 80px\">\t\t\t\t<strong>L mm<\/strong><\/td>\n<\/tr>\n<tr height=\"20\">\n<td height=\"20\" style=\"height: 20px\">\t\t\t\tA621-10<\/td>\n<td>\t\t\t\tTap\u00f3n hidr\u00e1ulico de colocaci\u00f3n r\u00e1pida<\/td>\n<td>\t\t\t\t32<\/td>\n<td>\t\t\t\t30<\/td>\n<td>\t\t\t\t115<\/td>\n<\/tr>\n<tr height=\"20\">\n<td height=\"20\" style=\"height: 20px\">\t\t\t\tA621-12<\/td>\n<td>\t\t\t\tTap\u00f3n hidr\u00e1ulico de colocaci\u00f3n r\u00e1pida<\/td>\n<td>\t\t\t\t38<\/td>\n<td>\t\t\t\t35,5<\/td>\n<td>\t\t\t\t135<\/td>\n<\/tr>\n<tr height=\"20\">\n<td height=\"20\" style=\"height: 20px\">\t\t\t\tA621-19<\/td>\n<td>\t\t\t\tTap\u00f3n hidr\u00e1ulico de colocaci\u00f3n r\u00e1pida<\/td>\n<td>\t\t\t\t48<\/td>\n<td>\t\t\t\t45,5<\/td>\n<td>\t\t\t\t150<\/td>\n<\/tr>\n<\/tbody>\n<\/table>\n","protected":false},"excerpt":{"rendered":"<p>Material: PVC   &#8211;  Colores: rojo, negro, verde, azul, amarillo<\/p>\n","protected":false},"featured_media":12455,"template":"","meta":{"ngg_post_thumbnail":0,"_joinchat":[]},"yoast_head":"<!-- This site is optimized with the Yoast SEO plugin v16.4 - https:\/\/yoast.com\/wordpress\/plugins\/seo\/ -->\n<title>A621 - Tap\u00f3n hidr\u00e1ulico de colocaci\u00f3n r\u00e1pida - Braplastic<\/title>\n<meta name=\"robots\" content=\"index, follow, max-snippet:-1, max-image-preview:large, max-video-preview:-1\" \/>\n<link rel=\"canonical\" href=\"https:\/\/braplastic.com\/en\/producto\/a621-tapon-hidraulico-de-colocacion-rapida\/\" \/>\n<meta property=\"og:locale\" content=\"en_US\" \/>\n<meta property=\"og:type\" content=\"article\" \/>\n<meta property=\"og:title\" content=\"A621 - Tap\u00f3n hidr\u00e1ulico de colocaci\u00f3n r\u00e1pida - Braplastic\" \/>\n<meta property=\"og:description\" content=\"Material: PVC  - Colores: rojo, negro, verde, azul, amarillo\" \/>\n<meta property=\"og:url\" content=\"https:\/\/braplastic.com\/en\/producto\/a621-tapon-hidraulico-de-colocacion-rapida\/\" \/>\n<meta property=\"og:site_name\" content=\"Braplastic\" \/>\n<meta property=\"og:image\" content=\"https:\/\/braplastic.com\/wp-content\/uploads\/2020\/09\/2122012133654623225.jpg\" \/>\n\t<meta property=\"og:image:width\" content=\"600\" \/>\n\t<meta property=\"og:image:height\" content=\"434\" \/>\n<meta name=\"twitter:card\" content=\"summary_large_image\" \/>\n<script type=\"application\/ld+json\" class=\"yoast-schema-graph\">{\"@context\":\"https:\/\/schema.org\",\"@graph\":[{\"@type\":\"WebSite\",\"@id\":\"https:\/\/braplastic.com\/#website\",\"url\":\"https:\/\/braplastic.com\/\",\"name\":\"Braplastic\",\"description\":\"Empresa de inyecci\\u00f3n de pl\\u00e1stico\",\"potentialAction\":[{\"@type\":\"SearchAction\",\"target\":\"https:\/\/braplastic.com\/?s={search_term_string}\",\"query-input\":\"required name=search_term_string\"}],\"inLanguage\":\"en-US\"},{\"@type\":\"ImageObject\",\"@id\":\"https:\/\/braplastic.com\/en\/producto\/a621-tapon-hidraulico-de-colocacion-rapida\/#primaryimage\",\"inLanguage\":\"en-US\",\"url\":\"https:\/\/braplastic.com\/wp-content\/uploads\/2020\/09\/2122012133654623225.jpg\",\"contentUrl\":\"https:\/\/braplastic.com\/wp-content\/uploads\/2020\/09\/2122012133654623225.jpg\",\"width\":600,\"height\":434},{\"@type\":\"WebPage\",\"@id\":\"https:\/\/braplastic.com\/en\/producto\/a621-tapon-hidraulico-de-colocacion-rapida\/#webpage\",\"url\":\"https:\/\/braplastic.com\/en\/producto\/a621-tapon-hidraulico-de-colocacion-rapida\/\",\"name\":\"A621 - Tap\\u00f3n hidr\\u00e1ulico de colocaci\\u00f3n r\\u00e1pida - Braplastic\",\"isPartOf\":{\"@id\":\"https:\/\/braplastic.com\/#website\"},\"primaryImageOfPage\":{\"@id\":\"https:\/\/braplastic.com\/en\/producto\/a621-tapon-hidraulico-de-colocacion-rapida\/#primaryimage\"},\"datePublished\":\"2020-09-18T09:43:07+00:00\",\"dateModified\":\"2020-09-18T09:43:07+00:00\",\"breadcrumb\":{\"@id\":\"https:\/\/braplastic.com\/en\/producto\/a621-tapon-hidraulico-de-colocacion-rapida\/#breadcrumb\"},\"inLanguage\":\"en-US\",\"potentialAction\":[{\"@type\":\"ReadAction\",\"target\":[\"https:\/\/braplastic.com\/en\/producto\/a621-tapon-hidraulico-de-colocacion-rapida\/\"]}]},{\"@type\":\"BreadcrumbList\",\"@id\":\"https:\/\/braplastic.com\/en\/producto\/a621-tapon-hidraulico-de-colocacion-rapida\/#breadcrumb\",\"itemListElement\":[{\"@type\":\"ListItem\",\"position\":1,\"item\":{\"@type\":\"WebPage\",\"@id\":\"https:\/\/braplastic.com\/en\/\",\"url\":\"https:\/\/braplastic.com\/en\/\",\"name\":\"Portada\"}},{\"@type\":\"ListItem\",\"position\":2,\"item\":{\"@type\":\"WebPage\",\"@id\":\"https:\/\/braplastic.com\/en\/catalogo\/\",\"url\":\"https:\/\/braplastic.com\/en\/catalogo\/\",\"name\":\"Catalog\"}},{\"@type\":\"ListItem\",\"position\":3,\"item\":{\"@id\":\"https:\/\/braplastic.com\/en\/producto\/a621-tapon-hidraulico-de-colocacion-rapida\/#webpage\"}}]}]}<\/script>\n<!-- \/ Yoast SEO plugin. -->","_links":{"self":[{"href":"https:\/\/braplastic.com\/en\/wp-json\/wp\/v2\/product\/13693"}],"collection":[{"href":"https:\/\/braplastic.com\/en\/wp-json\/wp\/v2\/product"}],"about":[{"href":"https:\/\/braplastic.com\/en\/wp-json\/wp\/v2\/types\/product"}],"wp:featuredmedia":[{"embeddable":true,"href":"https:\/\/braplastic.com\/en\/wp-json\/wp\/v2\/media\/12455"}],"wp:attachment":[{"href":"https:\/\/braplastic.com\/en\/wp-json\/wp\/v2\/media?parent=13693"}],"curies":[{"name":"wp","href":"https:\/\/api.w.org\/{rel}","templated":true}]}}