{"id":9401,"date":"2016-08-04T16:46:48","date_gmt":"2016-08-04T16:46:48","guid":{"rendered":"http:\/\/www.braplastic.com\/contacto\/"},"modified":"2021-01-25T11:48:07","modified_gmt":"2021-01-25T11:48:07","slug":"contacto","status":"publish","type":"page","link":"https:\/\/braplastic.com\/fr\/contacto\/","title":{"rendered":"Contact"},"content":{"rendered":"<p>[vc_row fullwidth=\u00a0\u00bbhas-fullwidth-column\u00a0\u00bb bg_color=\u00a0\u00bb#ffffff\u00a0\u00bb gap=\u00a0\u00bb30&Prime; equal_height=\u00a0\u00bbyes\u00a0\u00bb content_placement=\u00a0\u00bbmiddle\u00a0\u00bb margin_right=\u00a0\u00bb-15&Prime; margin_left=\u00a0\u00bb-15&Prime; padding_top=\u00a0\u00bb15&Prime; padding_bottom=\u00a0\u00bb15&Prime; el_class=\u00a0\u00bbcontact-form\u00a0\u00bb el_id=\u00a0\u00bbcontact-form\u00a0\u00bb][vc_column dark_mode=\u00a0\u00bbhas-dark-mode\u00a0\u00bb bg_color=\u00a0\u00bb#877f52&Prime; animation=\u00a0\u00bb1&Prime; animation_style=\u00a0\u00bbslideInLeft\u00a0\u00bb animation_duration=\u00a0\u00bb0.8&Prime; animation_delay=\u00a0\u00bb0.4&Prime; padding_top=\u00a0\u00bb10%\u00a0\u00bb padding_bottom=\u00a0\u00bb10%\u00a0\u00bb offset=\u00a0\u00bbvc_col-md-6&Prime;][vc_custom_heading text=\u00a0\u00bbO\u00f9 en sommes-nous?\u00a0\u00bb font_container=\u00a0\u00bbtag:h2|font_size:42|text_align:center|color:%23ffffff\u00a0\u00bb use_theme_fonts=\u00a0\u00bbyes\u00a0\u00bb margin_top=\u00a0\u00bb0px\u00a0\u00bb margin_bottom=\u00a0\u00bb5px\u00a0\u00bb][vc_custom_heading text=\u00a0\u00bbCan Mauri, 40-42<br \/>\nPol. Ind. Can Roqueta II<br \/>\n08202 Sabadell\u00a0\u00bb font_container=\u00a0\u00bbtag:p|font_size:18|text_align:center|color:%23ffffff\u00a0\u00bb use_theme_fonts=\u00a0\u00bbyes\u00a0\u00bb][vc_empty_space][vc_custom_heading text=\u00a0\u00bbComment nous contacter?\u00a0\u00bb font_container=\u00a0\u00bbtag:h2|font_size:42|text_align:center|color:%23ffffff\u00a0\u00bb use_theme_fonts=\u00a0\u00bbyes\u00a0\u00bb margin_top=\u00a0\u00bb0px\u00a0\u00bb margin_bottom=\u00a0\u00bb5px\u00a0\u00bb][vc_custom_heading text=\u00a0\u00bbT. +34 93 746 61 56<br \/>\ninfo@braplastic.com\u00a0\u00bb font_container=\u00a0\u00bbtag:p|font_size:18|text_align:center|color:%23ffffff\u00a0\u00bb use_theme_fonts=\u00a0\u00bbyes\u00a0\u00bb][\/vc_column][vc_column bg_color=\u00a0\u00bb#ffffff\u00a0\u00bb animation=\u00a0\u00bb1&Prime; animation_style=\u00a0\u00bbfadeInRight\u00a0\u00bb animation_duration=\u00a0\u00bb0.8&Prime; animation_delay=\u00a0\u00bb0.4&Prime; padding_top=\u00a0\u00bb0px\u00a0\u00bb padding_right=\u00a0\u00bb13%\u00a0\u00bb padding_bottom=\u00a0\u00bb0px\u00a0\u00bb padding_left=\u00a0\u00bb13%\u00a0\u00bb offset=\u00a0\u00bbvc_col-md-6&Prime;][vc_custom_heading text=\u00a0\u00bbSi vous pr\u00e9f\u00e9rez, vous pouvez remplir le formulaire suivant et nous vous contacterons d\u00e8s que possible.\u00a0\u00bb font_container=\u00a0\u00bbtag:h5|text_align:center|color:%23877f52|line_height:1.7&Prime; use_theme_fonts=\u00a0\u00bbyes\u00a0\u00bb]<div class=\" separator separator_center\" style=\"width:100%; \">\r\n\t\t\t\t\t<span class=\"sep_holder sep_holder_l\"><span style=\"border-top-style:solid; border-color:#877f52\" class=\"sep_line\"><\/span><\/span>\r\n\t\t\t\t\t\r\n\t\t\t\t\t<span class=\"sep_holder sep_holder_r\"><span style=\"border-top-style:solid; border-color:#877f52\" class=\"sep_line\"><\/span><\/span>\r\n\t\t\t\t<\/div>[vc_empty_space]<div role=\"form\" class=\"wpcf7\" id=\"wpcf7-f12994-o1\" lang=\"en-US\" dir=\"ltr\">\n<div class=\"screen-reader-response\"><p role=\"status\" aria-live=\"polite\" aria-atomic=\"true\"><\/p> <ul><\/ul><\/div>\n<form action=\"\/fr\/wp-json\/wp\/v2\/pages\/9401#wpcf7-f12994-o1\" method=\"post\" class=\"wpcf7-form init\" novalidate=\"novalidate\" data-status=\"init\">\n<div style=\"display: none;\">\n<input type=\"hidden\" name=\"_wpcf7\" value=\"12994\" \/>\n<input type=\"hidden\" name=\"_wpcf7_version\" value=\"5.3.2\" \/>\n<input type=\"hidden\" name=\"_wpcf7_locale\" value=\"en_US\" \/>\n<input type=\"hidden\" name=\"_wpcf7_unit_tag\" value=\"wpcf7-f12994-o1\" \/>\n<input type=\"hidden\" name=\"_wpcf7_container_post\" value=\"0\" \/>\n<input type=\"hidden\" name=\"_wpcf7_posted_data_hash\" value=\"\" \/>\n<\/div>\n<div class=\"row fortune-contact-form-style-3\">\n<div class=\"col-sm-12 col-md-6\">\n<div class=\"row\">\n<div class=\"col-sm-12 col-md-12\"><span class=\"wpcf7-form-control-wrap nombre\"><input type=\"text\" name=\"nombre\" value=\"\" size=\"40\" class=\"wpcf7-form-control wpcf7-text wpcf7-validates-as-required\" aria-required=\"true\" aria-invalid=\"false\" placeholder=\"Nom*\" \/><\/span><\/div>\n<div class=\"col-sm-12 col-md-12\"><span class=\"wpcf7-form-control-wrap empresa\"><input type=\"text\" name=\"empresa\" value=\"\" size=\"40\" class=\"wpcf7-form-control wpcf7-text\" aria-invalid=\"false\" placeholder=\"Enterprise\" \/><\/span><\/div>\n<div class=\"col-sm-12 col-md-12\"><span class=\"wpcf7-form-control-wrap email\"><input type=\"email\" name=\"email\" value=\"\" size=\"40\" class=\"wpcf7-form-control wpcf7-text wpcf7-email wpcf7-validates-as-required wpcf7-validates-as-email\" aria-required=\"true\" aria-invalid=\"false\" placeholder=\"Email*\" \/><\/span><\/div>\n<div class=\"col-sm-12 col-md-12\"><span class=\"wpcf7-form-control-wrap telefono\"><input type=\"text\" name=\"telefono\" value=\"\" size=\"40\" class=\"wpcf7-form-control wpcf7-text wpcf7-validates-as-required\" aria-required=\"true\" aria-invalid=\"false\" placeholder=\"T\u00e9l\u00e9phone*\" \/><\/span><\/div><\/div><\/div>\n<div class=\"col-sm-12 col-md-6\">\n<div class=\"row\">\n<div class=\"col-sm-12 col-md-12\"><span class=\"wpcf7-form-control-wrap asunto\"><input type=\"text\" name=\"asunto\" value=\"\" size=\"40\" class=\"wpcf7-form-control wpcf7-text\" aria-invalid=\"false\" placeholder=\"Affaire\" \/><\/span><\/div>\n<div class=\"col-sm-12 col-md-12\"><span class=\"wpcf7-form-control-wrap mensaje\"><textarea name=\"mensaje\" cols=\"40\" rows=\"7\" class=\"wpcf7-form-control wpcf7-textarea wpcf7-validates-as-required\" aria-required=\"true\" aria-invalid=\"false\" placeholder=\"Message*\"><\/textarea><\/span><\/div><\/div><\/div>\n<div class=\"col-sm-12 col-md-12\"><span class=\"wpcf7-form-control-wrap acceptance-364\"><span class=\"wpcf7-form-control wpcf7-acceptance\"><span class=\"wpcf7-list-item\"><label><input type=\"checkbox\" name=\"acceptance-364\" value=\"1\" aria-invalid=\"false\" \/><span class=\"wpcf7-list-item-label\">J'accepte les <a rel=\"nofollow\" href=\"\/fr\/politica-de-privacidad\/\" \n         target=\"_blank\">Politiques de Confidentialit\u00e9<\/a> de Braplastic<\/span><\/label><\/span><\/span><\/span>\n    <\/div>\n<div class=\"col-sm-12 col-md-12\"><div id=\"cf7sr-6a04500b947bc\" class=\"cf7sr-g-recaptcha\" data-sitekey=\"6LcZ5cwZAAAAADn3FwTqSRmLCJEj4PWymWzq0Aau\"><\/div><span class=\"wpcf7-form-control-wrap cf7sr-g-recaptcha-invalid\"><\/span><\/div>\n<div class=\"col-sm-12 col-md-12\"><span id=\"wpcf7-6a04500b946a1\" class=\"wpcf7-form-control-wrap honeypot-braplastic-wrap\" style=\"display:none !important; visibility:hidden !important;\"><label  class=\"hp-message\">Veuillez laisser ce champ vide.<\/label><input class=\"wpcf7-form-control wpcf7-text\"  type=\"text\" name=\"honeypot-braplastic\" value=\"\" size=\"40\" tabindex=\"-1\" autocomplete=\"nope\" \/><\/span><\/div>\n<div class=\"col-sm-12 col-md-12 text-center\"><input type=\"submit\" value=\"Envoyer\" class=\"wpcf7-form-control wpcf7-submit btn-accent\" \/><\/div>\n<\/div>\n<div class=\"wpcf7-response-output\" aria-hidden=\"true\"><\/div><\/form><\/div>[\/vc_column][\/vc_row][vc_row fullwidth=\u00a0\u00bbhas-fullwidth-column-no-padding\u00a0\u00bb margin_bottom=\u00a0\u00bb20px\u00a0\u00bb el_id=\u00a0\u00bbcontact-map\u00a0\u00bb el_class=\u00a0\u00bbcontact-map\u00a0\u00bb][vc_column animation=\u00a0\u00bb1&Prime; animation_style=\u00a0\u00bbzoomIn\u00a0\u00bb animation_duration=\u00a0\u00bb0.8&Prime; animation_delay=\u00a0\u00bb0.4&Prime;][vc_column_text el_class=\u00a0\u00bbact-maps\u00a0\u00bb]<iframe style=\"border: 0;\" tabindex=\"0\" src=\"https:\/\/www.google.com\/maps\/embed?pb=!1m14!1m8!1m3!1d95556.89091326651!2d2.111762176612645!3d41.54428782404204!3m2!1i1024!2i768!4f13.1!3m3!1m2!1s0x0%3A0xbeb246ffd9483cfd!2sBraplastic%20Sabadell%2C%20S.L.!5e0!3m2!1ses!2ses!4v1610360669297!5m2!1ses!2ses\" width=\"100%\" height=\"370\" frameborder=\"0\" allowfullscreen=\"allowfullscreen\"><\/iframe>[\/vc_column_text][\/vc_column][\/vc_row]<\/p>\n","protected":false},"excerpt":{"rendered":"<p>[vc_row fullwidth=\u00a0\u00bbhas-fullwidth-column\u00a0\u00bb bg_color=\u00a0\u00bb#ffffff\u00a0\u00bb gap=\u00a0\u00bb30&Prime; equal_height=\u00a0\u00bbyes\u00a0\u00bb content_placement=\u00a0\u00bbmiddle\u00a0\u00bb margin_right=\u00a0\u00bb-15&Prime; margin_left=\u00a0\u00bb-15&Prime; padding_top=\u00a0\u00bb15&Prime; padding_bottom=\u00a0\u00bb15&Prime; el_class=\u00a0\u00bbcontact-form\u00a0\u00bb el_id=\u00a0\u00bbcontact-form\u00a0\u00bb][vc_column dark_mode=\u00a0\u00bbhas-dark-mode\u00a0\u00bb bg_color=\u00a0\u00bb#877f52&Prime; animation=\u00a0\u00bb1&Prime; animation_style=\u00a0\u00bbslideInLeft\u00a0\u00bb animation_duration=\u00a0\u00bb0.8&Prime; animation_delay=\u00a0\u00bb0.4&Prime; padding_top=\u00a0\u00bb10%\u00a0\u00bb padding_bottom=\u00a0\u00bb10%\u00a0\u00bb offset=\u00a0\u00bbvc_col-md-6&Prime;][vc_custom_heading text=\u00a0\u00bbO\u00f9 en sommes-nous?\u00a0\u00bb font_container=\u00a0\u00bbtag:h2|font_size:42|text_align:center|color:%23ffffff\u00a0\u00bb use_theme_fonts=\u00a0\u00bbyes\u00a0\u00bb margin_top=\u00a0\u00bb0px\u00a0\u00bb margin_bottom=\u00a0\u00bb5px\u00a0\u00bb][vc_custom_heading text=\u00a0\u00bbCan Mauri, 40-42 Pol. Ind. Can Roqueta II 08202 Sabadell\u00a0\u00bb font_container=\u00a0\u00bbtag:p|font_size:18|text_align:center|color:%23ffffff\u00a0\u00bb use_theme_fonts=\u00a0\u00bbyes\u00a0\u00bb][vc_empty_space][vc_custom_heading text=\u00a0\u00bbComment nous contacter?\u00a0\u00bb font_container=\u00a0\u00bbtag:h2|font_size:42|text_align:center|color:%23ffffff\u00a0\u00bb use_theme_fonts=\u00a0\u00bbyes\u00a0\u00bb margin_top=\u00a0\u00bb0px\u00a0\u00bb margin_bottom=\u00a0\u00bb5px\u00a0\u00bb][vc_custom_heading text=\u00a0\u00bbT. +34 93 746 61 56 info@braplastic.com\u00a0\u00bb font_container=\u00a0\u00bbtag:p|font_size:18|text_align:center|color:%23ffffff\u00a0\u00bb [&hellip;]<\/p>\n","protected":false},"author":1,"featured_media":0,"parent":0,"menu_order":0,"comment_status":"closed","ping_status":"closed","template":"","meta":{"ngg_post_thumbnail":0,"_joinchat":[]},"yoast_head":"<!-- This site is optimized with the Yoast SEO plugin v16.4 - https:\/\/yoast.com\/wordpress\/plugins\/seo\/ -->\n<title>Contact - Braplastic<\/title>\n<meta name=\"robots\" content=\"index, follow, max-snippet:-1, max-image-preview:large, max-video-preview:-1\" \/>\n<link rel=\"canonical\" href=\"https:\/\/braplastic.com\/fr\/contacto\/\" \/>\n<meta property=\"og:locale\" content=\"fr_FR\" \/>\n<meta property=\"og:type\" content=\"article\" \/>\n<meta property=\"og:title\" content=\"Contact - Braplastic\" \/>\n<meta property=\"og:description\" content=\"[vc_row fullwidth=\u00a0\u00bbhas-fullwidth-column\u00a0\u00bb bg_color=\u00a0\u00bb#ffffff\u00a0\u00bb gap=\u00a0\u00bb30&Prime; equal_height=\u00a0\u00bbyes\u00a0\u00bb content_placement=\u00a0\u00bbmiddle\u00a0\u00bb margin_right=\u00a0\u00bb-15&Prime; margin_left=\u00a0\u00bb-15&Prime; padding_top=\u00a0\u00bb15&Prime; padding_bottom=\u00a0\u00bb15&Prime; el_class=\u00a0\u00bbcontact-form\u00a0\u00bb el_id=\u00a0\u00bbcontact-form\u00a0\u00bb][vc_column dark_mode=\u00a0\u00bbhas-dark-mode\u00a0\u00bb bg_color=\u00a0\u00bb#877f52&Prime; animation=\u00a0\u00bb1&Prime; animation_style=\u00a0\u00bbslideInLeft\u00a0\u00bb animation_duration=\u00a0\u00bb0.8&Prime; animation_delay=\u00a0\u00bb0.4&Prime; padding_top=\u00a0\u00bb10%\u00a0\u00bb padding_bottom=\u00a0\u00bb10%\u00a0\u00bb offset=\u00a0\u00bbvc_col-md-6&Prime;][vc_custom_heading text=\u00a0\u00bbO\u00f9 en sommes-nous?\u00a0\u00bb font_container=\u00a0\u00bbtag:h2|font_size:42|text_align:center|color:%23ffffff\u00a0\u00bb use_theme_fonts=\u00a0\u00bbyes\u00a0\u00bb margin_top=\u00a0\u00bb0px\u00a0\u00bb margin_bottom=\u00a0\u00bb5px\u00a0\u00bb][vc_custom_heading text=\u00a0\u00bbCan Mauri, 40-42 Pol. Ind. Can Roqueta II 08202 Sabadell\u00a0\u00bb font_container=\u00a0\u00bbtag:p|font_size:18|text_align:center|color:%23ffffff\u00a0\u00bb use_theme_fonts=\u00a0\u00bbyes\u00a0\u00bb][vc_empty_space][vc_custom_heading text=\u00a0\u00bbComment nous contacter?\u00a0\u00bb font_container=\u00a0\u00bbtag:h2|font_size:42|text_align:center|color:%23ffffff\u00a0\u00bb use_theme_fonts=\u00a0\u00bbyes\u00a0\u00bb margin_top=\u00a0\u00bb0px\u00a0\u00bb margin_bottom=\u00a0\u00bb5px\u00a0\u00bb][vc_custom_heading text=\u00a0\u00bbT. +34 93 746 61 56 info@braplastic.com\u00a0\u00bb font_container=\u00a0\u00bbtag:p|font_size:18|text_align:center|color:%23ffffff\u00a0\u00bb [&hellip;]\" \/>\n<meta property=\"og:url\" content=\"https:\/\/braplastic.com\/fr\/contacto\/\" \/>\n<meta property=\"og:site_name\" content=\"Braplastic\" \/>\n<meta property=\"article:modified_time\" content=\"2021-01-25T11:48:07+00:00\" \/>\n<meta name=\"twitter:card\" content=\"summary_large_image\" \/>\n<meta name=\"twitter:label1\" content=\"Dur\u00e9e de lecture est.\" \/>\n\t<meta name=\"twitter:data1\" content=\"1 minute\" \/>\n<script type=\"application\/ld+json\" class=\"yoast-schema-graph\">{\"@context\":\"https:\/\/schema.org\",\"@graph\":[{\"@type\":\"WebSite\",\"@id\":\"https:\/\/braplastic.com\/#website\",\"url\":\"https:\/\/braplastic.com\/\",\"name\":\"Braplastic\",\"description\":\"Empresa de inyecci\\u00f3n de pl\\u00e1stico\",\"potentialAction\":[{\"@type\":\"SearchAction\",\"target\":\"https:\/\/braplastic.com\/?s={search_term_string}\",\"query-input\":\"required name=search_term_string\"}],\"inLanguage\":\"fr-FR\"},{\"@type\":\"WebPage\",\"@id\":\"https:\/\/braplastic.com\/fr\/contacto\/#webpage\",\"url\":\"https:\/\/braplastic.com\/fr\/contacto\/\",\"name\":\"Contact - Braplastic\",\"isPartOf\":{\"@id\":\"https:\/\/braplastic.com\/#website\"},\"datePublished\":\"2016-08-04T16:46:48+00:00\",\"dateModified\":\"2021-01-25T11:48:07+00:00\",\"breadcrumb\":{\"@id\":\"https:\/\/braplastic.com\/fr\/contacto\/#breadcrumb\"},\"inLanguage\":\"fr-FR\",\"potentialAction\":[{\"@type\":\"ReadAction\",\"target\":[\"https:\/\/braplastic.com\/fr\/contacto\/\"]}]},{\"@type\":\"BreadcrumbList\",\"@id\":\"https:\/\/braplastic.com\/fr\/contacto\/#breadcrumb\",\"itemListElement\":[{\"@type\":\"ListItem\",\"position\":1,\"item\":{\"@type\":\"WebPage\",\"@id\":\"https:\/\/braplastic.com\/fr\/\",\"url\":\"https:\/\/braplastic.com\/fr\/\",\"name\":\"Portada\"}},{\"@type\":\"ListItem\",\"position\":2,\"item\":{\"@id\":\"https:\/\/braplastic.com\/fr\/contacto\/#webpage\"}}]}]}<\/script>\n<!-- \/ Yoast SEO plugin. -->","_links":{"self":[{"href":"https:\/\/braplastic.com\/fr\/wp-json\/wp\/v2\/pages\/9401"}],"collection":[{"href":"https:\/\/braplastic.com\/fr\/wp-json\/wp\/v2\/pages"}],"about":[{"href":"https:\/\/braplastic.com\/fr\/wp-json\/wp\/v2\/types\/page"}],"author":[{"embeddable":true,"href":"https:\/\/braplastic.com\/fr\/wp-json\/wp\/v2\/users\/1"}],"replies":[{"embeddable":true,"href":"https:\/\/braplastic.com\/fr\/wp-json\/wp\/v2\/comments?post=9401"}],"version-history":[{"count":5,"href":"https:\/\/braplastic.com\/fr\/wp-json\/wp\/v2\/pages\/9401\/revisions"}],"predecessor-version":[{"id":14016,"href":"https:\/\/braplastic.com\/fr\/wp-json\/wp\/v2\/pages\/9401\/revisions\/14016"}],"wp:attachment":[{"href":"https:\/\/braplastic.com\/fr\/wp-json\/wp\/v2\/media?parent=9401"}],"curies":[{"name":"wp","href":"https:\/\/api.w.org\/{rel}","templated":true}]}}