{"id":10923,"date":"2020-09-18T09:43:34","date_gmt":"2020-09-18T09:43:34","guid":{"rendered":"http:\/\/www.braplastic.com\/producto\/s320-capuchon-de-vinilo-con-tirador\/"},"modified":"2020-12-18T09:50:19","modified_gmt":"2020-12-18T09:50:19","slug":"s320-capuchon-de-vinilo-con-tirador","status":"publish","type":"product","link":"https:\/\/braplastic.com\/fr\/producto\/s320-capuchon-de-vinilo-con-tirador\/","title":{"rendered":"S320 &#8211; Capuch\u00f3n de vinilo con tirador"},"content":{"rendered":"<p>\tRecomendado para revestimiento, anodizado, pintura a pistola, protecci\u00f3n durante el transporte.Dise\u00f1ado para enmascarar esp\u00e1rragos roscados y lisos,extremos de tubo, pernos, ejes, roscas macho, etc.<\/p>\n<\/p>\n<table border=\"0\" cellpadding=\"0\" cellspacing=\"0\" style=\"width: 937px height: 860px\" width=\"937\">\n<colgroup>\n<col \/>\n<col \/>\n<col \/>\n<col \/>\n<col \/>\n<col \/>\t<\/colgroup>\n<tbody>\n<tr height=\"20\">\n<td align=\"left\" height=\"20\" style=\"width: 113px height: 20px\">\t\t\t\t<strong>Referencia<\/strong><\/td>\n<td style=\"width: 104px\">\t\t\t\t<strong>d mm<\/strong><\/td>\n<td style=\"width: 80px\">\t\t\t\t<strong>L mm<\/strong><\/td>\n<td style=\"width: 101px\">\t\t\t\t<strong>Rosca m\u00e9trica<\/strong><\/td>\n<td style=\"width: 59px\">\t\t\t\t<strong>Gas\/Bsp<\/strong><\/td>\n<td style=\"width: 57px\">\t\t\t\t<strong>UNF<\/strong><\/td>\n<\/tr>\n<tr height=\"20\">\n<td align=\"left\" height=\"20\" style=\"height: 20px\">\t\t\t\tS320 &#8211; 5,3 x 13<\/td>\n<td>\t\t\t\t5,3<\/td>\n<td>\t\t\t\t13<\/td>\n<td>\t\t\t\tM6<\/td>\n<td>\t\t\t\t<\/td>\n<td>\t\t\t\t7\/32&Prime;<\/td>\n<\/tr>\n<tr height=\"20\">\n<td align=\"left\" height=\"20\" style=\"height: 20px\">\t\t\t\tS320 &#8211; 6,1 x 13<\/td>\n<td>\t\t\t\t6,1<\/td>\n<td>\t\t\t\t13<\/td>\n<td>\t\t\t\t<\/td>\n<td>\t\t\t\t<\/td>\n<td>\t\t\t\t1\/4&Prime;<\/td>\n<\/tr>\n<tr height=\"20\">\n<td align=\"left\" height=\"20\" style=\"height: 20px\">\t\t\t\tS320 &#8211; 7,5 x 13<\/td>\n<td>\t\t\t\t7,5<\/td>\n<td>\t\t\t\t13<\/td>\n<td>\t\t\t\t<\/td>\n<td>\t\t\t\t<\/td>\n<td>\t\t\t\t<\/td>\n<\/tr>\n<tr height=\"20\">\n<td align=\"left\" height=\"20\" style=\"height: 20px\">\t\t\t\tS320 &#8211; 7,5 x 25<\/td>\n<td>\t\t\t\t7,5<\/td>\n<td>\t\t\t\t25<\/td>\n<td>\t\t\t\t<\/td>\n<td>\t\t\t\t<\/td>\n<td>\t\t\t\t<\/td>\n<\/tr>\n<tr height=\"20\">\n<td align=\"left\" height=\"20\" style=\"height: 20px\">\t\t\t\tS320 &#8211; 7,7 x 13<\/td>\n<td>\t\t\t\t7,7<\/td>\n<td>\t\t\t\t13<\/td>\n<td>\t\t\t\tM8<\/td>\n<td>\t\t\t\t<\/td>\n<td>\t\t\t\t5\/16&Prime;<\/td>\n<\/tr>\n<tr height=\"20\">\n<td align=\"left\" height=\"20\" style=\"height: 20px\">\t\t\t\tS320 &#8211; 7,7 x 25<\/td>\n<td>\t\t\t\t7,7<\/td>\n<td>\t\t\t\t25<\/td>\n<td>\t\t\t\t<\/td>\n<td>\t\t\t\t<\/td>\n<td>\t\t\t\t<\/td>\n<\/tr>\n<tr height=\"20\">\n<td align=\"left\" height=\"20\" style=\"height: 20px\">\t\t\t\tS320 &#8211; 9,3 x 13<\/td>\n<td>\t\t\t\t9,3<\/td>\n<td>\t\t\t\t13<\/td>\n<td>\t\t\t\tM10<\/td>\n<td>\t\t\t\t1\/8&Prime;<\/td>\n<td>\t\t\t\t3\/8&Prime;<\/td>\n<\/tr>\n<tr height=\"20\">\n<td align=\"left\" height=\"20\" style=\"height: 20px\">\t\t\t\tS320 &#8211; 9,3 x 25<\/td>\n<td>\t\t\t\t9,3<\/td>\n<td>\t\t\t\t25<\/td>\n<td>\t\t\t\t<\/td>\n<td>\t\t\t\t<\/td>\n<td>\t\t\t\t<\/td>\n<\/tr>\n<tr height=\"20\">\n<td align=\"left\" height=\"20\" style=\"height: 20px\">\t\t\t\tS320 &#8211; 9,7 x 13<\/td>\n<td>\t\t\t\t9,7<\/td>\n<td>\t\t\t\t13<\/td>\n<td>\t\t\t\t<\/td>\n<td>\t\t\t\t<\/td>\n<td>\t\t\t\t<\/td>\n<\/tr>\n<tr height=\"20\">\n<td align=\"left\" height=\"20\" style=\"height: 20px\">\t\t\t\tS320 &#8211; 9,7 x 25<\/td>\n<td>\t\t\t\t9,7<\/td>\n<td>\t\t\t\t25<\/td>\n<td>\t\t\t\t<\/td>\n<td>\t\t\t\t<\/td>\n<td>\t\t\t\t<\/td>\n<\/tr>\n<tr height=\"20\">\n<td align=\"left\" height=\"20\" style=\"height: 20px\">\t\t\t\tS320 &#8211; 10,8 x 13<\/td>\n<td>\t\t\t\t10,8<\/td>\n<td>\t\t\t\t13<\/td>\n<td>\t\t\t\t<\/td>\n<td>\t\t\t\t<\/td>\n<td>\t\t\t\t7\/16&Prime;<\/td>\n<\/tr>\n<tr height=\"20\">\n<td align=\"left\" height=\"20\" style=\"height: 20px\">\t\t\t\tS320 &#8211; 10,8 x 25<\/td>\n<td>\t\t\t\t10,8<\/td>\n<td>\t\t\t\t25<\/td>\n<td>\t\t\t\t<\/td>\n<td>\t\t\t\t<\/td>\n<td>\t\t\t\t<\/td>\n<\/tr>\n<tr height=\"20\">\n<td align=\"left\" height=\"20\" style=\"height: 20px\">\t\t\t\tS320 &#8211; 11,1 x 13<\/td>\n<td>\t\t\t\t11,1<\/td>\n<td>\t\t\t\t13<\/td>\n<td>\t\t\t\t<\/td>\n<td>\t\t\t\t<\/td>\n<td>\t\t\t\t<\/td>\n<\/tr>\n<tr height=\"20\">\n<td align=\"left\" height=\"20\" style=\"height: 20px\">\t\t\t\tS320 &#8211; 11,1 x 25<\/td>\n<td>\t\t\t\t11,1<\/td>\n<td>\t\t\t\t25<\/td>\n<td>\t\t\t\t<\/td>\n<td>\t\t\t\t<\/td>\n<td>\t\t\t\t<\/td>\n<\/tr>\n<tr height=\"20\">\n<td align=\"left\" height=\"20\" style=\"height: 20px\">\t\t\t\tS320 &#8211; 11,9 x 13<\/td>\n<td>\t\t\t\t11,9<\/td>\n<td>\t\t\t\t13<\/td>\n<td>\t\t\t\tM12<\/td>\n<td>\t\t\t\t<\/td>\n<td>\t\t\t\t1\/2&Prime;<\/td>\n<\/tr>\n<tr height=\"20\">\n<td align=\"left\" height=\"20\" style=\"height: 20px\">\t\t\t\tS320 &#8211; 11,9 x 25<\/td>\n<td>\t\t\t\t11,9<\/td>\n<td>\t\t\t\t25<\/td>\n<td>\t\t\t\t<\/td>\n<td>\t\t\t\t<\/td>\n<td>\t\t\t\t<\/td>\n<\/tr>\n<tr height=\"20\">\n<td align=\"left\" height=\"20\" style=\"height: 20px\">\t\t\t\tS320 &#8211; 12,4 x 13<\/td>\n<td>\t\t\t\t12,4<\/td>\n<td>\t\t\t\t13<\/td>\n<td>\t\t\t\t<\/td>\n<td>\t\t\t\t1\/4&Prime;<\/td>\n<td>\t\t\t\t1\/2&Prime;<\/td>\n<\/tr>\n<tr height=\"20\">\n<td align=\"left\" height=\"20\" style=\"height: 20px\">\t\t\t\tS320 &#8211; 13,2 x 13<\/td>\n<td>\t\t\t\t13,2<\/td>\n<td>\t\t\t\t13<\/td>\n<td>\t\t\t\tM14<\/td>\n<td>\t\t\t\t<\/td>\n<td>\t\t\t\t17\/32&Prime;<\/td>\n<\/tr>\n<tr height=\"20\">\n<td align=\"left\" height=\"20\" style=\"height: 20px\">\t\t\t\tS320 &#8211; 13,2 x 25<\/td>\n<td>\t\t\t\t13,2<\/td>\n<td>\t\t\t\t25<\/td>\n<td>\t\t\t\t<\/td>\n<td>\t\t\t\t<\/td>\n<td>\t\t\t\t<\/td>\n<\/tr>\n<tr height=\"20\">\n<td align=\"left\" height=\"20\" style=\"height: 20px\">\t\t\t\tS320 &#8211; 14,3 x 25<\/td>\n<td>\t\t\t\t14,3<\/td>\n<td>\t\t\t\t25<\/td>\n<td>\t\t\t\tM15<\/td>\n<td>\t\t\t\t<\/td>\n<td>\t\t\t\t9\/16&Prime;<\/td>\n<\/tr>\n<tr height=\"20\">\n<td align=\"left\" height=\"20\" style=\"height: 20px\">\t\t\t\tS320 &#8211; 15,3 x 13<\/td>\n<td>\t\t\t\t15,3<\/td>\n<td>\t\t\t\t13<\/td>\n<td>\t\t\t\tM16<\/td>\n<td>\t\t\t\t<\/td>\n<td>\t\t\t\t<\/td>\n<\/tr>\n<tr height=\"20\">\n<td align=\"left\" height=\"20\" style=\"height: 20px\">\t\t\t\tS320 &#8211; 15,3 x 25<\/td>\n<td>\t\t\t\t15,3<\/td>\n<td>\t\t\t\t25<\/td>\n<td>\t\t\t\t<\/td>\n<td>\t\t\t\t<\/td>\n<td>\t\t\t\t<\/td>\n<\/tr>\n<tr height=\"20\">\n<td align=\"left\" height=\"20\" style=\"height: 20px\">\t\t\t\tS320 &#8211; 15,9 x 25<\/td>\n<td>\t\t\t\t15,9<\/td>\n<td>\t\t\t\t25<\/td>\n<td>\t\t\t\t<\/td>\n<td>\t\t\t\t3\/8&Prime;<\/td>\n<td>\t\t\t\t5\/8&Prime;<\/td>\n<\/tr>\n<tr height=\"20\">\n<td align=\"left\" height=\"20\" style=\"height: 20px\">\t\t\t\tS320 &#8211; 16,25 x 13<\/td>\n<td>\t\t\t\t16,25<\/td>\n<td>\t\t\t\t13<\/td>\n<td>\t\t\t\tM18<\/td>\n<td>\t\t\t\t<\/td>\n<td>\t\t\t\t11\/16&Prime;<\/td>\n<\/tr>\n<tr height=\"20\">\n<td align=\"left\" height=\"20\" style=\"height: 20px\">\t\t\t\tS320 &#8211; 16,25 x 25<\/td>\n<td>\t\t\t\t16,25<\/td>\n<td>\t\t\t\t25<\/td>\n<td>\t\t\t\t<\/td>\n<td>\t\t\t\t<\/td>\n<td>\t\t\t\t<\/td>\n<\/tr>\n<tr height=\"20\">\n<td align=\"left\" height=\"20\" style=\"height: 20px\">\t\t\t\tS320 &#8211; 18,8 x 13<\/td>\n<td>\t\t\t\t18,8<\/td>\n<td>\t\t\t\t13<\/td>\n<td>\t\t\t\tM20<\/td>\n<td>\t\t\t\t<\/td>\n<td>\t\t\t\t3\/4&Prime;<\/td>\n<\/tr>\n<tr height=\"20\">\n<td align=\"left\" height=\"20\" style=\"height: 20px\">\t\t\t\tS320 &#8211; 18,8 x 25<\/td>\n<td>\t\t\t\t18,8<\/td>\n<td>\t\t\t\t25<\/td>\n<td>\t\t\t\t<\/td>\n<td>\t\t\t\t<\/td>\n<td>\t\t\t\t<\/td>\n<\/tr>\n<tr height=\"20\">\n<td align=\"left\" height=\"20\" style=\"height: 20px\">\t\t\t\tS320 &#8211; 20 x 13<\/td>\n<td>\t\t\t\t20<\/td>\n<td>\t\t\t\t13<\/td>\n<td>\t\t\t\t<\/td>\n<td>\t\t\t\t<\/td>\n<td>\t\t\t\t<\/td>\n<\/tr>\n<tr height=\"20\">\n<td align=\"left\" height=\"20\" style=\"height: 20px\">\t\t\t\tS320 &#8211; 20 x 25<\/td>\n<td>\t\t\t\t20<\/td>\n<td>\t\t\t\t25<\/td>\n<td>\t\t\t\t<\/td>\n<td>\t\t\t\t<\/td>\n<td>\t\t\t\t<\/td>\n<\/tr>\n<tr height=\"20\">\n<td align=\"left\" height=\"20\" style=\"height: 20px\">\t\t\t\tS320 &#8211; 20,6 x 13<\/td>\n<td>\t\t\t\t20,6<\/td>\n<td>\t\t\t\t13<\/td>\n<td>\t\t\t\tM22<\/td>\n<td>\t\t\t\t1\/2&Prime;<\/td>\n<td>\t\t\t\t13\/16&Prime;<\/td>\n<\/tr>\n<tr height=\"20\">\n<td align=\"left\" height=\"20\" style=\"height: 20px\">\t\t\t\tS320 &#8211; 20,6 x 25<\/td>\n<td>\t\t\t\t20,6<\/td>\n<td>\t\t\t\t25<\/td>\n<td>\t\t\t\t<\/td>\n<td>\t\t\t\t<\/td>\n<td>\t\t\t\t<\/td>\n<\/tr>\n<tr height=\"20\">\n<td align=\"left\" height=\"20\" style=\"height: 20px\">\t\t\t\tS320 &#8211; 22 x 25<\/td>\n<td>\t\t\t\t22<\/td>\n<td>\t\t\t\t25<\/td>\n<td>\t\t\t\t<\/td>\n<td>\t\t\t\t5\/8&Prime;<\/td>\n<td>\t\t\t\t7\/8&Prime;<\/td>\n<\/tr>\n<tr height=\"20\">\n<td align=\"left\" height=\"20\" style=\"height: 20px\">\t\t\t\tS320 &#8211; 23,8 x 13<\/td>\n<td>\t\t\t\t23,8<\/td>\n<td>\t\t\t\t13<\/td>\n<td>\t\t\t\t<\/td>\n<td>\t\t\t\t<\/td>\n<td>\t\t\t\t<\/td>\n<\/tr>\n<tr height=\"20\">\n<td align=\"left\" height=\"20\" style=\"height: 20px\">\t\t\t\tS320 &#8211; 23,8 x 25<\/td>\n<td>\t\t\t\t23,8<\/td>\n<td>\t\t\t\t25<\/td>\n<td>\t\t\t\t<\/td>\n<td>\t\t\t\t<\/td>\n<td>\t\t\t\t<\/td>\n<\/tr>\n<tr height=\"20\">\n<td align=\"left\" height=\"20\" style=\"height: 20px\">\t\t\t\tS320 &#8211; 25,1 x 25<\/td>\n<td>\t\t\t\t25,1<\/td>\n<td>\t\t\t\t25<\/td>\n<td>\t\t\t\tM26<\/td>\n<td>\t\t\t\t<\/td>\n<td>\t\t\t\t1&Prime;<\/td>\n<\/tr>\n<tr height=\"20\">\n<td align=\"left\" height=\"20\" style=\"height: 20px\">\t\t\t\tS320 &#8211; 26,9 x 25<\/td>\n<td>\t\t\t\t26,9<\/td>\n<td>\t\t\t\t25<\/td>\n<td>\t\t\t\t<\/td>\n<td>\t\t\t\t<\/td>\n<td>\t\t\t\t<\/td>\n<\/tr>\n<tr height=\"20\">\n<td align=\"left\" height=\"20\" style=\"height: 20px\">\t\t\t\tS320 &#8211; 31,2 x 38<\/td>\n<td>\t\t\t\t31,2<\/td>\n<td>\t\t\t\t38<\/td>\n<td>\t\t\t\tM32<\/td>\n<td>\t\t\t\t1&Prime;<\/td>\n<td>\t\t\t\t1 1\/4&Prime;<\/td>\n<\/tr>\n<tr height=\"20\">\n<td align=\"left\" height=\"20\" style=\"height: 20px\">\t\t\t\tS320 &#8211; 40,8 x 38<\/td>\n<td>\t\t\t\t40,8<\/td>\n<td>\t\t\t\t38<\/td>\n<td>\t\t\t\t<\/td>\n<td>\t\t\t\t<\/td>\n<td>\t\t\t\t1 5\/8&Prime;<\/td>\n<\/tr>\n<\/tbody>\n<\/table>\n","protected":false},"excerpt":{"rendered":"<p>Material: Vinilo   &#8211;   Color: Varios   &#8211;   Temperatura m\u00e1x: 177\u00b0C<\/p>\n","protected":false},"featured_media":10924,"template":"","meta":{"ngg_post_thumbnail":0,"_joinchat":[]},"yoast_head":"<!-- This site is optimized with the Yoast SEO plugin v16.4 - https:\/\/yoast.com\/wordpress\/plugins\/seo\/ -->\n<title>S320 - Capuch\u00f3n de vinilo con tirador - Braplastic<\/title>\n<meta name=\"robots\" content=\"index, follow, max-snippet:-1, max-image-preview:large, max-video-preview:-1\" \/>\n<link rel=\"canonical\" href=\"https:\/\/braplastic.com\/fr\/producto\/s320-capuchon-de-vinilo-con-tirador\/\" \/>\n<meta property=\"og:locale\" content=\"fr_FR\" \/>\n<meta property=\"og:type\" content=\"article\" \/>\n<meta property=\"og:title\" content=\"S320 - Capuch\u00f3n de vinilo con tirador - Braplastic\" \/>\n<meta property=\"og:description\" content=\"Material: Vinilo  -  Color: Varios  -  Temperatura m\u00e1x: 177\u00b0C\" \/>\n<meta property=\"og:url\" content=\"https:\/\/braplastic.com\/fr\/producto\/s320-capuchon-de-vinilo-con-tirador\/\" \/>\n<meta property=\"og:site_name\" content=\"Braplastic\" \/>\n<meta property=\"article:modified_time\" content=\"2020-12-18T09:50:19+00:00\" \/>\n<meta property=\"og:image\" content=\"https:\/\/braplastic.com\/wp-content\/uploads\/2020\/09\/1232013173038150442.jpg\" \/>\n\t<meta property=\"og:image:width\" content=\"353\" \/>\n\t<meta property=\"og:image:height\" content=\"312\" \/>\n<meta name=\"twitter:card\" content=\"summary_large_image\" \/>\n<meta name=\"twitter:label1\" content=\"Dur\u00e9e de lecture est.\" \/>\n\t<meta name=\"twitter:data1\" content=\"1 minute\" \/>\n<script type=\"application\/ld+json\" class=\"yoast-schema-graph\">{\"@context\":\"https:\/\/schema.org\",\"@graph\":[{\"@type\":\"WebSite\",\"@id\":\"https:\/\/braplastic.com\/#website\",\"url\":\"https:\/\/braplastic.com\/\",\"name\":\"Braplastic\",\"description\":\"Empresa de inyecci\\u00f3n de pl\\u00e1stico\",\"potentialAction\":[{\"@type\":\"SearchAction\",\"target\":\"https:\/\/braplastic.com\/?s={search_term_string}\",\"query-input\":\"required name=search_term_string\"}],\"inLanguage\":\"fr-FR\"},{\"@type\":\"ImageObject\",\"@id\":\"https:\/\/braplastic.com\/fr\/producto\/s320-capuchon-de-vinilo-con-tirador\/#primaryimage\",\"inLanguage\":\"fr-FR\",\"url\":\"https:\/\/braplastic.com\/wp-content\/uploads\/2020\/09\/1232013173038150442.jpg\",\"contentUrl\":\"https:\/\/braplastic.com\/wp-content\/uploads\/2020\/09\/1232013173038150442.jpg\",\"width\":353,\"height\":312},{\"@type\":\"WebPage\",\"@id\":\"https:\/\/braplastic.com\/fr\/producto\/s320-capuchon-de-vinilo-con-tirador\/#webpage\",\"url\":\"https:\/\/braplastic.com\/fr\/producto\/s320-capuchon-de-vinilo-con-tirador\/\",\"name\":\"S320 - Capuch\\u00f3n de vinilo con tirador - Braplastic\",\"isPartOf\":{\"@id\":\"https:\/\/braplastic.com\/#website\"},\"primaryImageOfPage\":{\"@id\":\"https:\/\/braplastic.com\/fr\/producto\/s320-capuchon-de-vinilo-con-tirador\/#primaryimage\"},\"datePublished\":\"2020-09-18T09:43:34+00:00\",\"dateModified\":\"2020-12-18T09:50:19+00:00\",\"breadcrumb\":{\"@id\":\"https:\/\/braplastic.com\/fr\/producto\/s320-capuchon-de-vinilo-con-tirador\/#breadcrumb\"},\"inLanguage\":\"fr-FR\",\"potentialAction\":[{\"@type\":\"ReadAction\",\"target\":[\"https:\/\/braplastic.com\/fr\/producto\/s320-capuchon-de-vinilo-con-tirador\/\"]}]},{\"@type\":\"BreadcrumbList\",\"@id\":\"https:\/\/braplastic.com\/fr\/producto\/s320-capuchon-de-vinilo-con-tirador\/#breadcrumb\",\"itemListElement\":[{\"@type\":\"ListItem\",\"position\":1,\"item\":{\"@type\":\"WebPage\",\"@id\":\"https:\/\/braplastic.com\/fr\/\",\"url\":\"https:\/\/braplastic.com\/fr\/\",\"name\":\"Portada\"}},{\"@type\":\"ListItem\",\"position\":2,\"item\":{\"@type\":\"WebPage\",\"@id\":\"https:\/\/braplastic.com\/fr\/catalogo\/\",\"url\":\"https:\/\/braplastic.com\/fr\/catalogo\/\",\"name\":\"Catalogue\"}},{\"@type\":\"ListItem\",\"position\":3,\"item\":{\"@id\":\"https:\/\/braplastic.com\/fr\/producto\/s320-capuchon-de-vinilo-con-tirador\/#webpage\"}}]}]}<\/script>\n<!-- \/ Yoast SEO plugin. -->","_links":{"self":[{"href":"https:\/\/braplastic.com\/fr\/wp-json\/wp\/v2\/product\/10923"}],"collection":[{"href":"https:\/\/braplastic.com\/fr\/wp-json\/wp\/v2\/product"}],"about":[{"href":"https:\/\/braplastic.com\/fr\/wp-json\/wp\/v2\/types\/product"}],"wp:featuredmedia":[{"embeddable":true,"href":"https:\/\/braplastic.com\/fr\/wp-json\/wp\/v2\/media\/10924"}],"wp:attachment":[{"href":"https:\/\/braplastic.com\/fr\/wp-json\/wp\/v2\/media?parent=10923"}],"curies":[{"name":"wp","href":"https:\/\/api.w.org\/{rel}","templated":true}]}}