{"id":11195,"date":"2020-09-18T09:43:30","date_gmt":"2020-09-18T09:43:30","guid":{"rendered":"http:\/\/www.braplastic.com\/producto\/s111-tapones-con-tirador-y-valona\/"},"modified":"2020-09-18T09:43:30","modified_gmt":"2020-09-18T09:43:30","slug":"s111-tapones-con-tirador-y-valona","status":"publish","type":"product","link":"https:\/\/braplastic.com\/fr\/producto\/s111-tapones-con-tirador-y-valona\/","title":{"rendered":"S111 &#8211; Tapones con tirador y valona"},"content":{"rendered":"<p>Recomendado para: pintura en polvo, E-coating, chapado, anodizaci\u00f3n, pintura a pistola. Temperatura m\u00e1xima de 315 \u00b0 C (600 \u00b0 F)<\/p>\n<p>Doble uso. Dise\u00f1ados paraenmascarar los agujeros lisos y derosca, dejando una base circular alrededor del agujero. C\u00f3nicos, doble uso,tirador, ajuste seguro, visible, un c\u00f3digo de colores, reutilizables.<\/p>\n<\/p>\n<table border=\"0\" cellpadding=\"0\" cellspacing=\"0\" style=\"width: 960px height: 447px\" width=\"960\">\n<colgroup>\n<col \/>\n<col span=\"8\" \/>\t<\/colgroup>\n<tbody>\n<tr height=\"20\">\n<td align=\"left\" height=\"20\" style=\"width: 111px height: 20px\"><strong>Referencia<\/strong><\/td>\n<td style=\"width: 52px\"><strong>A mm<\/strong><\/td>\n<td style=\"width: 52px\"><strong>B mm<\/strong><\/td>\n<td style=\"width: 52px\"><strong>C mm<\/strong><\/td>\n<td style=\"width: 52px\"><strong>D mm<\/strong><\/td>\n<td style=\"width: 52px\"><strong>E mm<\/strong><\/td>\n<td style=\"width: 52px\"><strong>F mm<\/strong><\/td>\n<td style=\"width: 52px\"><strong>G mm<\/strong><\/td>\n<td style=\"width: 52px\"><strong>Packing<\/strong><\/td>\n<\/tr>\n<tr height=\"21\">\n<td align=\"left\" height=\"21\" style=\"height: 21px\">S111-0114<\/td>\n<td>10,00<\/td>\n<td>2,90<\/td>\n<td>2,50<\/td>\n<td>2,50<\/td>\n<td>10,00<\/td>\n<td>15,00<\/td>\n<td>20,00<\/td>\n<td>1000<\/td>\n<\/tr>\n<tr height=\"21\">\n<td align=\"left\" height=\"21\" style=\"height: 21px\">S111-0118<\/td>\n<td>10,00<\/td>\n<td>3,00<\/td>\n<td>3,40<\/td>\n<td>2,00<\/td>\n<td>10,00<\/td>\n<td>10,00<\/td>\n<td>10,00<\/td>\n<td>1000<\/td>\n<\/tr>\n<tr height=\"21\">\n<td align=\"left\" height=\"21\" style=\"height: 21px\">S111-0138<\/td>\n<td>10,00<\/td>\n<td>3,50<\/td>\n<td>3,80<\/td>\n<td>2,20<\/td>\n<td>10,00<\/td>\n<td>10,00<\/td>\n<td>15,00<\/td>\n<td>1000<\/td>\n<\/tr>\n<tr height=\"21\">\n<td align=\"left\" height=\"21\" style=\"height: 21px\">S111-0140<\/td>\n<td>10,01<\/td>\n<td>3,56<\/td>\n<td>3,05<\/td>\n<td>2,03<\/td>\n<td>12,70<\/td>\n<td>9,91<\/td>\n<td>9,91<\/td>\n<td>1000<\/td>\n<\/tr>\n<tr height=\"21\">\n<td align=\"left\" height=\"21\" style=\"height: 21px\">S111-0150<\/td>\n<td>10,00<\/td>\n<td>3,80<\/td>\n<td>3,00<\/td>\n<td>3,00<\/td>\n<td>10,00<\/td>\n<td>15,00<\/td>\n<td>20,00<\/td>\n<td>1000<\/td>\n<\/tr>\n<tr height=\"21\">\n<td align=\"left\" height=\"21\" style=\"height: 21px\">S111-0157<\/td>\n<td>10,00<\/td>\n<td>4,00<\/td>\n<td>3,40<\/td>\n<td>2,20<\/td>\n<td>10,00<\/td>\n<td>10,00<\/td>\n<td>9,00<\/td>\n<td>1000<\/td>\n<\/tr>\n<tr height=\"21\">\n<td align=\"left\" height=\"21\" style=\"height: 21px\">S111-0175<\/td>\n<td>10,00<\/td>\n<td>4,45<\/td>\n<td>3,81<\/td>\n<td>2,54<\/td>\n<td>12,70<\/td>\n<td>9,91<\/td>\n<td>9,91<\/td>\n<td>1000<\/td>\n<\/tr>\n<tr height=\"21\">\n<td align=\"left\" height=\"21\" style=\"height: 21px\">S111-0177<\/td>\n<td>12,00<\/td>\n<td>4,50<\/td>\n<td>3,00<\/td>\n<td>3,00<\/td>\n<td>10,00<\/td>\n<td>15,00<\/td>\n<td>20,00<\/td>\n<td>1000<\/td>\n<\/tr>\n<tr height=\"21\">\n<td align=\"left\" height=\"21\" style=\"height: 21px\">S111-0185<\/td>\n<td>12,70<\/td>\n<td>4,70<\/td>\n<td>4,83<\/td>\n<td>3,05<\/td>\n<td>10,16<\/td>\n<td>9,91<\/td>\n<td>11,02<\/td>\n<td>1000<\/td>\n<\/tr>\n<tr height=\"21\">\n<td align=\"left\" height=\"21\" style=\"height: 21px\">S111-0197-0394<\/td>\n<td>10,00<\/td>\n<td>5,00<\/td>\n<td>3,70<\/td>\n<td>3,70<\/td>\n<td>10,00<\/td>\n<td>10,00<\/td>\n<td>10,00<\/td>\n<td>1000<\/td>\n<\/tr>\n<tr height=\"21\">\n<td align=\"left\" height=\"21\" style=\"height: 21px\">S111-0197<\/td>\n<td>15,00<\/td>\n<td>5,00<\/td>\n<td>4,00<\/td>\n<td>4,00<\/td>\n<td>10,00<\/td>\n<td>15,00<\/td>\n<td>20,00<\/td>\n<td>1000<\/td>\n<\/tr>\n<tr height=\"21\">\n<td align=\"left\" height=\"21\" style=\"height: 21px\">S111-0217<\/td>\n<td>14,00<\/td>\n<td>5,50<\/td>\n<td>4,00<\/td>\n<td>4,00<\/td>\n<td>10,00<\/td>\n<td>15,00<\/td>\n<td>20,00<\/td>\n<td>1000<\/td>\n<\/tr>\n<tr height=\"21\">\n<td align=\"left\" height=\"21\" style=\"height: 21px\">S111-0236<\/td>\n<td>15,00<\/td>\n<td>6,00<\/td>\n<td>5,00<\/td>\n<td>3,60<\/td>\n<td>10,00<\/td>\n<td>10,00<\/td>\n<td>9,00<\/td>\n<td>1000<\/td>\n<\/tr>\n<tr height=\"21\">\n<td align=\"left\" height=\"21\" style=\"height: 21px\">S111-0291<\/td>\n<td>16,00<\/td>\n<td>7,40<\/td>\n<td>4,00<\/td>\n<td>4,00<\/td>\n<td>10,00<\/td>\n<td>15,00<\/td>\n<td>20,00<\/td>\n<td>1000<\/td>\n<\/tr>\n<tr height=\"21\">\n<td align=\"left\" height=\"21\" style=\"height: 21px\">S111-0315<\/td>\n<td>15,00<\/td>\n<td>8,00<\/td>\n<td>5,00<\/td>\n<td>5,00<\/td>\n<td>10,00<\/td>\n<td>10,00<\/td>\n<td>15,30<\/td>\n<td>500<\/td>\n<\/tr>\n<tr height=\"21\">\n<td align=\"left\" height=\"21\" style=\"height: 21px\">S111-0362<\/td>\n<td>18,00<\/td>\n<td>9,20<\/td>\n<td>5,00<\/td>\n<td>5,00<\/td>\n<td>10,00<\/td>\n<td>15,00<\/td>\n<td>25,00<\/td>\n<td>500<\/td>\n<\/tr>\n<tr height=\"21\">\n<td align=\"left\" height=\"21\" style=\"height: 21px\">S111-0394<\/td>\n<td>20,00<\/td>\n<td>10,00<\/td>\n<td>7,50<\/td>\n<td>5,70<\/td>\n<td>10,00<\/td>\n<td>10,00<\/td>\n<td>19,30<\/td>\n<td>500<\/td>\n<\/tr>\n<tr height=\"21\">\n<td align=\"left\" height=\"21\" style=\"height: 21px\">S111-0433<\/td>\n<td>20,00<\/td>\n<td>11,00<\/td>\n<td>5,00<\/td>\n<td>5,00<\/td>\n<td>10,00<\/td>\n<td>15,00<\/td>\n<td>25,00<\/td>\n<td>500<\/td>\n<\/tr>\n<\/tbody>\n<\/table>\n","protected":false},"excerpt":{"rendered":"<p>Material: Silicona   &#8211;   Color: Varios   &#8211;   Temperatura m\u00e1x: 315\u00b0C<\/p>\n","protected":false},"featured_media":11196,"template":"","meta":{"ngg_post_thumbnail":0,"_joinchat":[]},"yoast_head":"<!-- This site is optimized with the Yoast SEO plugin v16.4 - https:\/\/yoast.com\/wordpress\/plugins\/seo\/ -->\n<title>S111 - Tapones con tirador y valona - Braplastic<\/title>\n<meta name=\"robots\" content=\"index, follow, max-snippet:-1, max-image-preview:large, max-video-preview:-1\" \/>\n<link rel=\"canonical\" href=\"https:\/\/braplastic.com\/fr\/producto\/s111-tapones-con-tirador-y-valona\/\" \/>\n<meta property=\"og:locale\" content=\"fr_FR\" \/>\n<meta property=\"og:type\" content=\"article\" \/>\n<meta property=\"og:title\" content=\"S111 - Tapones con tirador y valona - Braplastic\" \/>\n<meta property=\"og:description\" content=\"Material: Silicona  -  Color: Varios  -  Temperatura m\u00e1x: 315\u00b0C\" \/>\n<meta property=\"og:url\" content=\"https:\/\/braplastic.com\/fr\/producto\/s111-tapones-con-tirador-y-valona\/\" \/>\n<meta property=\"og:site_name\" content=\"Braplastic\" \/>\n<meta property=\"og:image\" content=\"https:\/\/braplastic.com\/wp-content\/uploads\/2020\/09\/s111-tapones-con-tirador-y-valona-139-1.jpg\" \/>\n\t<meta property=\"og:image:width\" content=\"429\" \/>\n\t<meta property=\"og:image:height\" content=\"388\" \/>\n<meta name=\"twitter:card\" content=\"summary_large_image\" \/>\n<meta name=\"twitter:label1\" content=\"Dur\u00e9e de lecture est.\" \/>\n\t<meta name=\"twitter:data1\" content=\"1 minute\" \/>\n<script type=\"application\/ld+json\" class=\"yoast-schema-graph\">{\"@context\":\"https:\/\/schema.org\",\"@graph\":[{\"@type\":\"WebSite\",\"@id\":\"https:\/\/braplastic.com\/#website\",\"url\":\"https:\/\/braplastic.com\/\",\"name\":\"Braplastic\",\"description\":\"Empresa de inyecci\\u00f3n de pl\\u00e1stico\",\"potentialAction\":[{\"@type\":\"SearchAction\",\"target\":\"https:\/\/braplastic.com\/?s={search_term_string}\",\"query-input\":\"required name=search_term_string\"}],\"inLanguage\":\"fr-FR\"},{\"@type\":\"ImageObject\",\"@id\":\"https:\/\/braplastic.com\/fr\/producto\/s111-tapones-con-tirador-y-valona\/#primaryimage\",\"inLanguage\":\"fr-FR\",\"url\":\"https:\/\/braplastic.com\/wp-content\/uploads\/2020\/09\/s111-tapones-con-tirador-y-valona-139-1.jpg\",\"contentUrl\":\"https:\/\/braplastic.com\/wp-content\/uploads\/2020\/09\/s111-tapones-con-tirador-y-valona-139-1.jpg\",\"width\":429,\"height\":388},{\"@type\":\"WebPage\",\"@id\":\"https:\/\/braplastic.com\/fr\/producto\/s111-tapones-con-tirador-y-valona\/#webpage\",\"url\":\"https:\/\/braplastic.com\/fr\/producto\/s111-tapones-con-tirador-y-valona\/\",\"name\":\"S111 - Tapones con tirador y valona - Braplastic\",\"isPartOf\":{\"@id\":\"https:\/\/braplastic.com\/#website\"},\"primaryImageOfPage\":{\"@id\":\"https:\/\/braplastic.com\/fr\/producto\/s111-tapones-con-tirador-y-valona\/#primaryimage\"},\"datePublished\":\"2020-09-18T09:43:30+00:00\",\"dateModified\":\"2020-09-18T09:43:30+00:00\",\"breadcrumb\":{\"@id\":\"https:\/\/braplastic.com\/fr\/producto\/s111-tapones-con-tirador-y-valona\/#breadcrumb\"},\"inLanguage\":\"fr-FR\",\"potentialAction\":[{\"@type\":\"ReadAction\",\"target\":[\"https:\/\/braplastic.com\/fr\/producto\/s111-tapones-con-tirador-y-valona\/\"]}]},{\"@type\":\"BreadcrumbList\",\"@id\":\"https:\/\/braplastic.com\/fr\/producto\/s111-tapones-con-tirador-y-valona\/#breadcrumb\",\"itemListElement\":[{\"@type\":\"ListItem\",\"position\":1,\"item\":{\"@type\":\"WebPage\",\"@id\":\"https:\/\/braplastic.com\/fr\/\",\"url\":\"https:\/\/braplastic.com\/fr\/\",\"name\":\"Portada\"}},{\"@type\":\"ListItem\",\"position\":2,\"item\":{\"@type\":\"WebPage\",\"@id\":\"https:\/\/braplastic.com\/fr\/catalogo\/\",\"url\":\"https:\/\/braplastic.com\/fr\/catalogo\/\",\"name\":\"Catalogue\"}},{\"@type\":\"ListItem\",\"position\":3,\"item\":{\"@id\":\"https:\/\/braplastic.com\/fr\/producto\/s111-tapones-con-tirador-y-valona\/#webpage\"}}]}]}<\/script>\n<!-- \/ Yoast SEO plugin. -->","_links":{"self":[{"href":"https:\/\/braplastic.com\/fr\/wp-json\/wp\/v2\/product\/11195"}],"collection":[{"href":"https:\/\/braplastic.com\/fr\/wp-json\/wp\/v2\/product"}],"about":[{"href":"https:\/\/braplastic.com\/fr\/wp-json\/wp\/v2\/types\/product"}],"wp:featuredmedia":[{"embeddable":true,"href":"https:\/\/braplastic.com\/fr\/wp-json\/wp\/v2\/media\/11196"}],"wp:attachment":[{"href":"https:\/\/braplastic.com\/fr\/wp-json\/wp\/v2\/media?parent=11195"}],"curies":[{"name":"wp","href":"https:\/\/api.w.org\/{rel}","templated":true}]}}