{"id":12148,"date":"2020-09-18T09:43:16","date_gmt":"2020-09-18T09:43:16","guid":{"rendered":"http:\/\/www.braplastic.com\/producto\/s190-cordon-de-espuma-de-silicona\/"},"modified":"2020-12-18T09:55:33","modified_gmt":"2020-12-18T09:55:33","slug":"s190-cordon-de-espuma-de-silicona","status":"publish","type":"product","link":"https:\/\/braplastic.com\/fr\/producto\/s190-cordon-de-espuma-de-silicona\/","title":{"rendered":"S190 &#8211; Cord\u00f3n de espuma de silicona"},"content":{"rendered":"<p>\tRecomendado para: Recubrimiento en polvo, galvanizado, anodizado, pintura en spray. No absorbe humedad. Se adapta a distintos di\u00e1metros por compresi\u00f3n. Para sellado de agujeros y ranuras de bordes irregulares. Vers\u00e1til: puede cortarse a medida.<\/p>\n<\/p>\n<table border=\"0\" cellpadding=\"0\" cellspacing=\"0\" width=\"274\">\n<colgroup>\n<col \/>\n<col \/>\n<col \/>\t<\/colgroup>\n<tbody>\n<tr height=\"20\">\n<td height=\"20\" style=\"height:20pxwidth:101px\">\t\t\t\t<strong>Referencia<\/strong><\/td>\n<td style=\"width:83px\">\t\t\t\t<strong>\u00d8 mm<\/strong><\/td>\n<td style=\"width:91px\">\t\t\t\t<strong>Mts.<\/strong><\/td>\n<\/tr>\n<tr height=\"20\">\n<td height=\"20\" style=\"height:20px\">\t\t\t\tS190 \u00d8 2mm<\/td>\n<td>\t\t\t\t2<\/td>\n<td>\t\t\t\t25<\/td>\n<\/tr>\n<tr height=\"20\">\n<td height=\"20\" style=\"height:20px\">\t\t\t\tS190 \u00d8 3mm<\/td>\n<td>\t\t\t\t3<\/td>\n<td>\t\t\t\t25<\/td>\n<\/tr>\n<tr height=\"20\">\n<td height=\"20\" style=\"height:20px\">\t\t\t\tS190 \u00d8 4mm<\/td>\n<td>\t\t\t\t4<\/td>\n<td>\t\t\t\t25<\/td>\n<\/tr>\n<tr height=\"20\">\n<td height=\"20\" style=\"height:20px\">\t\t\t\tS190 \u00d8 5mm<\/td>\n<td>\t\t\t\t5<\/td>\n<td>\t\t\t\t25<\/td>\n<\/tr>\n<tr height=\"20\">\n<td height=\"20\" style=\"height:20px\">\t\t\t\tS190 \u00d8 6mm<\/td>\n<td>\t\t\t\t6<\/td>\n<td>\t\t\t\t25<\/td>\n<\/tr>\n<tr height=\"20\">\n<td height=\"20\" style=\"height:20px\">\t\t\t\tS190 \u00d8 7mm<\/td>\n<td>\t\t\t\t7<\/td>\n<td>\t\t\t\t25<\/td>\n<\/tr>\n<tr height=\"20\">\n<td height=\"20\" style=\"height:20px\">\t\t\t\tS190 \u00d8 8mm<\/td>\n<td>\t\t\t\t8<\/td>\n<td>\t\t\t\t25<\/td>\n<\/tr>\n<tr height=\"20\">\n<td height=\"20\" style=\"height:20px\">\t\t\t\tS190 \u00d8 9mm<\/td>\n<td>\t\t\t\t9<\/td>\n<td>\t\t\t\t25<\/td>\n<\/tr>\n<tr height=\"20\">\n<td height=\"20\" style=\"height:20px\">\t\t\t\tS190 \u00d8 10mm<\/td>\n<td>\t\t\t\t10<\/td>\n<td>\t\t\t\t25<\/td>\n<\/tr>\n<tr height=\"20\">\n<td height=\"20\" style=\"height:20px\">\t\t\t\tS190 \u00d8 12mm<\/td>\n<td>\t\t\t\t12<\/td>\n<td>\t\t\t\t25<\/td>\n<\/tr>\n<tr height=\"20\">\n<td height=\"20\" style=\"height:20px\">\t\t\t\tS190 \u00d8 16mm<\/td>\n<td>\t\t\t\t16<\/td>\n<td>\t\t\t\t25<\/td>\n<\/tr>\n<tr height=\"20\">\n<td height=\"20\" style=\"height:20px\">\t\t\t\tS190 \u00d8 18mm<\/td>\n<td>\t\t\t\t18<\/td>\n<td>\t\t\t\t25<\/td>\n<\/tr>\n<tr height=\"20\">\n<td height=\"20\" style=\"height:20px\">\t\t\t\tS190 \u00d8 20mm<\/td>\n<td>\t\t\t\t20<\/td>\n<td>\t\t\t\t25<\/td>\n<\/tr>\n<tr height=\"20\">\n<td height=\"20\" style=\"height:20px\">\t\t\t\tS190 \u00d8 25mm<\/td>\n<td>\t\t\t\t25<\/td>\n<td>\t\t\t\t25<\/td>\n<\/tr>\n<tr height=\"20\">\n<td height=\"20\" style=\"height:20px\">\t\t\t\tS190 \u00d8 30mm<\/td>\n<td>\t\t\t\t30<\/td>\n<td>\t\t\t\t25<\/td>\n<\/tr>\n<\/tbody>\n<\/table>\n","protected":false},"excerpt":{"rendered":"<p>Material: espuma de silicona &#8211; Color: varios<\/p>\n","protected":false},"featured_media":12149,"template":"","meta":{"ngg_post_thumbnail":0,"_joinchat":[]},"yoast_head":"<!-- This site is optimized with the Yoast SEO plugin v16.4 - https:\/\/yoast.com\/wordpress\/plugins\/seo\/ -->\n<title>S190 - Cord\u00f3n de espuma de silicona - Braplastic<\/title>\n<meta name=\"robots\" content=\"index, follow, max-snippet:-1, max-image-preview:large, max-video-preview:-1\" \/>\n<link rel=\"canonical\" href=\"https:\/\/braplastic.com\/fr\/producto\/s190-cordon-de-espuma-de-silicona\/\" \/>\n<meta property=\"og:locale\" content=\"fr_FR\" \/>\n<meta property=\"og:type\" content=\"article\" \/>\n<meta property=\"og:title\" content=\"S190 - Cord\u00f3n de espuma de silicona - Braplastic\" \/>\n<meta property=\"og:description\" content=\"Material: espuma de silicona - Color: varios\" \/>\n<meta property=\"og:url\" content=\"https:\/\/braplastic.com\/fr\/producto\/s190-cordon-de-espuma-de-silicona\/\" \/>\n<meta property=\"og:site_name\" content=\"Braplastic\" \/>\n<meta property=\"article:modified_time\" content=\"2020-12-18T09:55:33+00:00\" \/>\n<meta property=\"og:image\" content=\"https:\/\/braplastic.com\/wp-content\/uploads\/2020\/09\/95201310260498770.jpg\" \/>\n\t<meta property=\"og:image:width\" content=\"551\" \/>\n\t<meta property=\"og:image:height\" content=\"492\" \/>\n<meta name=\"twitter:card\" content=\"summary_large_image\" \/>\n<script type=\"application\/ld+json\" class=\"yoast-schema-graph\">{\"@context\":\"https:\/\/schema.org\",\"@graph\":[{\"@type\":\"WebSite\",\"@id\":\"https:\/\/braplastic.com\/#website\",\"url\":\"https:\/\/braplastic.com\/\",\"name\":\"Braplastic\",\"description\":\"Empresa de inyecci\\u00f3n de pl\\u00e1stico\",\"potentialAction\":[{\"@type\":\"SearchAction\",\"target\":\"https:\/\/braplastic.com\/?s={search_term_string}\",\"query-input\":\"required name=search_term_string\"}],\"inLanguage\":\"fr-FR\"},{\"@type\":\"ImageObject\",\"@id\":\"https:\/\/braplastic.com\/fr\/producto\/s190-cordon-de-espuma-de-silicona\/#primaryimage\",\"inLanguage\":\"fr-FR\",\"url\":\"https:\/\/braplastic.com\/wp-content\/uploads\/2020\/09\/95201310260498770.jpg\",\"contentUrl\":\"https:\/\/braplastic.com\/wp-content\/uploads\/2020\/09\/95201310260498770.jpg\",\"width\":551,\"height\":492},{\"@type\":\"WebPage\",\"@id\":\"https:\/\/braplastic.com\/fr\/producto\/s190-cordon-de-espuma-de-silicona\/#webpage\",\"url\":\"https:\/\/braplastic.com\/fr\/producto\/s190-cordon-de-espuma-de-silicona\/\",\"name\":\"S190 - Cord\\u00f3n de espuma de silicona - Braplastic\",\"isPartOf\":{\"@id\":\"https:\/\/braplastic.com\/#website\"},\"primaryImageOfPage\":{\"@id\":\"https:\/\/braplastic.com\/fr\/producto\/s190-cordon-de-espuma-de-silicona\/#primaryimage\"},\"datePublished\":\"2020-09-18T09:43:16+00:00\",\"dateModified\":\"2020-12-18T09:55:33+00:00\",\"breadcrumb\":{\"@id\":\"https:\/\/braplastic.com\/fr\/producto\/s190-cordon-de-espuma-de-silicona\/#breadcrumb\"},\"inLanguage\":\"fr-FR\",\"potentialAction\":[{\"@type\":\"ReadAction\",\"target\":[\"https:\/\/braplastic.com\/fr\/producto\/s190-cordon-de-espuma-de-silicona\/\"]}]},{\"@type\":\"BreadcrumbList\",\"@id\":\"https:\/\/braplastic.com\/fr\/producto\/s190-cordon-de-espuma-de-silicona\/#breadcrumb\",\"itemListElement\":[{\"@type\":\"ListItem\",\"position\":1,\"item\":{\"@type\":\"WebPage\",\"@id\":\"https:\/\/braplastic.com\/fr\/\",\"url\":\"https:\/\/braplastic.com\/fr\/\",\"name\":\"Portada\"}},{\"@type\":\"ListItem\",\"position\":2,\"item\":{\"@type\":\"WebPage\",\"@id\":\"https:\/\/braplastic.com\/fr\/catalogo\/\",\"url\":\"https:\/\/braplastic.com\/fr\/catalogo\/\",\"name\":\"Catalogue\"}},{\"@type\":\"ListItem\",\"position\":3,\"item\":{\"@id\":\"https:\/\/braplastic.com\/fr\/producto\/s190-cordon-de-espuma-de-silicona\/#webpage\"}}]}]}<\/script>\n<!-- \/ Yoast SEO plugin. -->","_links":{"self":[{"href":"https:\/\/braplastic.com\/fr\/wp-json\/wp\/v2\/product\/12148"}],"collection":[{"href":"https:\/\/braplastic.com\/fr\/wp-json\/wp\/v2\/product"}],"about":[{"href":"https:\/\/braplastic.com\/fr\/wp-json\/wp\/v2\/types\/product"}],"wp:featuredmedia":[{"embeddable":true,"href":"https:\/\/braplastic.com\/fr\/wp-json\/wp\/v2\/media\/12149"}],"wp:attachment":[{"href":"https:\/\/braplastic.com\/fr\/wp-json\/wp\/v2\/media?parent=12148"}],"curies":[{"name":"wp","href":"https:\/\/api.w.org\/{rel}","templated":true}]}}