{"id":9945,"date":"2020-09-18T09:43:57","date_gmt":"2020-09-18T09:43:57","guid":{"rendered":"http:\/\/www.braplastic.com\/producto\/m1080-pie-ajustable-de-acero-inoxidable-y-base-de-pafibra-de-vidrio\/"},"modified":"2020-09-18T09:43:57","modified_gmt":"2020-09-18T09:43:57","slug":"m1080-pie-ajustable-de-acero-inoxidable-y-base-de-pafibra-de-vidrio","status":"publish","type":"product","link":"https:\/\/braplastic.com\/fr\/producto\/m1080-pie-ajustable-de-acero-inoxidable-y-base-de-pafibra-de-vidrio\/","title":{"rendered":"M1080 &#8211;  Pie ajustable de acero inoxidable y base de PA+fibra de vidrio"},"content":{"rendered":"<table border=\"0\" cellpadding=\"0\" cellspacing=\"0\" style=\"width:909px\" width=\"910\">\n<colgroup>\n<col \/>\n<col span=\"3\" \/>\n<col \/>\n<col span=\"4\" \/>\t<\/colgroup>\n<tbody>\n<tr height=\"20\">\n<td height=\"20\" style=\"width:215pxheight:20px\">Referencia<\/td>\n<td style=\"width:88px\">D mm<\/td>\n<td style=\"width:88px\">H mm<\/td>\n<td style=\"width:88px\">B mm<\/td>\n<td style=\"width:79px\">d mm<\/td>\n<td style=\"width:88px\">F max. Kg<\/td>\n<td style=\"width:88px\">M<\/td>\n<td style=\"width:88px\">L mm<\/td>\n<td style=\"width:88px\">WAF mm<\/td>\n<\/tr>\n<tr height=\"20\">\n<td height=\"20\" style=\"height:20px\">M1080 60 \/ M12x70<\/td>\n<td>60<\/td>\n<td>31<\/td>\n<td><\/td>\n<td><\/td>\n<td>1200<\/td>\n<td>M12<\/td>\n<td>70<\/td>\n<td>10<\/td>\n<\/tr>\n<tr height=\"20\">\n<td height=\"20\" style=\"height:20px\">M1080 60 \/ M12x100<\/td>\n<td>60<\/td>\n<td>31<\/td>\n<td><\/td>\n<td><\/td>\n<td>1200<\/td>\n<td>M12<\/td>\n<td>100<\/td>\n<td>10<\/td>\n<\/tr>\n<tr height=\"20\">\n<td height=\"20\" style=\"height:20px\">M1080 60 \/ M12x150<\/td>\n<td>60<\/td>\n<td>31<\/td>\n<td><\/td>\n<td><\/td>\n<td>1200<\/td>\n<td>M12<\/td>\n<td>150<\/td>\n<td>10<\/td>\n<\/tr>\n<tr height=\"20\">\n<td height=\"20\" style=\"height:20px\">M1080 60 \/ M12x180<\/td>\n<td>60<\/td>\n<td>31<\/td>\n<td><\/td>\n<td><\/td>\n<td>1200<\/td>\n<td>M12<\/td>\n<td>180<\/td>\n<td>10<\/td>\n<\/tr>\n<tr height=\"20\">\n<td height=\"20\" style=\"height:20px\">M1080 60 \/ M12x230<\/td>\n<td>60<\/td>\n<td>31<\/td>\n<td><\/td>\n<td><\/td>\n<td>1200<\/td>\n<td>M12<\/td>\n<td>230<\/td>\n<td>10<\/td>\n<\/tr>\n<tr height=\"20\">\n<td height=\"20\" style=\"height:20px\">M1080 60 \/ M16x70<\/td>\n<td>60<\/td>\n<td>31<\/td>\n<td><\/td>\n<td><\/td>\n<td>1200<\/td>\n<td>M16<\/td>\n<td>70<\/td>\n<td>13<\/td>\n<\/tr>\n<tr height=\"20\">\n<td height=\"20\" style=\"height:20px\">M1080 60 \/ M16x100<\/td>\n<td>60<\/td>\n<td>31<\/td>\n<td><\/td>\n<td><\/td>\n<td>1200<\/td>\n<td>M16<\/td>\n<td>100<\/td>\n<td>13<\/td>\n<\/tr>\n<tr height=\"20\">\n<td height=\"20\" style=\"height:20px\">M1080 60 \/ M16x150<\/td>\n<td>60<\/td>\n<td>31<\/td>\n<td><\/td>\n<td><\/td>\n<td>1200<\/td>\n<td>M16<\/td>\n<td>150<\/td>\n<td>13<\/td>\n<\/tr>\n<tr height=\"20\">\n<td height=\"20\" style=\"height:20px\">M1080 60 \/ M16x180<\/td>\n<td>60<\/td>\n<td>31<\/td>\n<td><\/td>\n<td><\/td>\n<td>1200<\/td>\n<td>M16<\/td>\n<td>180<\/td>\n<td>13<\/td>\n<\/tr>\n<tr height=\"20\">\n<td height=\"20\" style=\"height:20px\">M1080 60 \/ M16x230<\/td>\n<td>60<\/td>\n<td>31<\/td>\n<td><\/td>\n<td><\/td>\n<td>1200<\/td>\n<td>M16<\/td>\n<td>230<\/td>\n<td>13<\/td>\n<\/tr>\n<tr height=\"20\">\n<td height=\"20\" style=\"height:20px\">M1080 60 \/ M16x310<\/td>\n<td>60<\/td>\n<td>31<\/td>\n<td><\/td>\n<td><\/td>\n<td>1200<\/td>\n<td>M16<\/td>\n<td>310<\/td>\n<td>13<\/td>\n<\/tr>\n<tr height=\"20\">\n<td height=\"20\" style=\"height:20px\">M1080 60 \/ M20x70<\/td>\n<td>60<\/td>\n<td>31<\/td>\n<td><\/td>\n<td><\/td>\n<td>1200<\/td>\n<td>M20<\/td>\n<td>70<\/td>\n<td>17<\/td>\n<\/tr>\n<tr height=\"20\">\n<td height=\"20\" style=\"height:20px\">M1080 60 \/ M20x100<\/td>\n<td>60<\/td>\n<td>31<\/td>\n<td><\/td>\n<td><\/td>\n<td>1200<\/td>\n<td>M20<\/td>\n<td>100<\/td>\n<td>17<\/td>\n<\/tr>\n<tr height=\"20\">\n<td height=\"20\" style=\"height:20px\">M1080 60 \/ M20x150<\/td>\n<td>60<\/td>\n<td>31<\/td>\n<td><\/td>\n<td><\/td>\n<td>1200<\/td>\n<td>M20<\/td>\n<td>150<\/td>\n<td>17<\/td>\n<\/tr>\n<tr height=\"20\">\n<td height=\"20\" style=\"height:20px\">M1080 60 \/ M20x180<\/td>\n<td>60<\/td>\n<td>31<\/td>\n<td><\/td>\n<td><\/td>\n<td>1200<\/td>\n<td>M20<\/td>\n<td>180<\/td>\n<td>17<\/td>\n<\/tr>\n<tr height=\"20\">\n<td height=\"20\" style=\"height:20px\">M1080 60 \/ M20x230<\/td>\n<td>60<\/td>\n<td>31<\/td>\n<td><\/td>\n<td><\/td>\n<td>1200<\/td>\n<td>M20<\/td>\n<td>230<\/td>\n<td>17<\/td>\n<\/tr>\n<tr height=\"20\">\n<td height=\"20\" style=\"height:20px\">M1080 60 \/ M20x310<\/td>\n<td>60<\/td>\n<td>31<\/td>\n<td><\/td>\n<td><\/td>\n<td>1200<\/td>\n<td>M20<\/td>\n<td>310<\/td>\n<td>17<\/td>\n<\/tr>\n<tr height=\"20\">\n<td height=\"20\" style=\"height:20px\">M1080 60 \/ M24x70<\/td>\n<td>60<\/td>\n<td>31<\/td>\n<td><\/td>\n<td><\/td>\n<td>1200<\/td>\n<td>M24<\/td>\n<td>70<\/td>\n<td>19<\/td>\n<\/tr>\n<tr height=\"20\">\n<td height=\"20\" style=\"height:20px\">M1080 60 \/ M24x100<\/td>\n<td>60<\/td>\n<td>31<\/td>\n<td><\/td>\n<td><\/td>\n<td>1200<\/td>\n<td>M24<\/td>\n<td>100<\/td>\n<td>19<\/td>\n<\/tr>\n<tr height=\"20\">\n<td height=\"20\" style=\"height:20px\">M1080 60 \/ M24x150<\/td>\n<td>60<\/td>\n<td>31<\/td>\n<td><\/td>\n<td><\/td>\n<td>1200<\/td>\n<td>M24<\/td>\n<td>150<\/td>\n<td>19<\/td>\n<\/tr>\n<tr height=\"20\">\n<td height=\"20\" style=\"height:20px\">M1080 60 \/ M24x180<\/td>\n<td>60<\/td>\n<td>31<\/td>\n<td><\/td>\n<td><\/td>\n<td>1200<\/td>\n<td>M24<\/td>\n<td>180<\/td>\n<td>19<\/td>\n<\/tr>\n<tr height=\"20\">\n<td height=\"20\" style=\"height:20px\">M1080 60 \/ M24x230<\/td>\n<td>60<\/td>\n<td>31<\/td>\n<td><\/td>\n<td><\/td>\n<td>1200<\/td>\n<td>M24<\/td>\n<td>230<\/td>\n<td>19<\/td>\n<\/tr>\n<tr height=\"20\">\n<td height=\"20\" style=\"height:20px\">M1080 60 \/ M24x310<\/td>\n<td>60<\/td>\n<td>31<\/td>\n<td><\/td>\n<td><\/td>\n<td>1200<\/td>\n<td>M24<\/td>\n<td>310<\/td>\n<td>19<\/td>\n<\/tr>\n<tr height=\"20\">\n<td height=\"20\" style=\"height:20px\">M1080 80 \/ M12x70<\/td>\n<td>80<\/td>\n<td>31<\/td>\n<td>27<\/td>\n<td>9<\/td>\n<td>1200<\/td>\n<td>M12<\/td>\n<td>70<\/td>\n<td>10<\/td>\n<\/tr>\n<tr height=\"20\">\n<td height=\"20\" style=\"height:20px\">M1080 80 \/ M12x100<\/td>\n<td>80<\/td>\n<td>31<\/td>\n<td>27<\/td>\n<td>9<\/td>\n<td>1200<\/td>\n<td>M12<\/td>\n<td>100<\/td>\n<td>10<\/td>\n<\/tr>\n<tr height=\"20\">\n<td height=\"20\" style=\"height:20px\">M1080 80 \/ M12x150<\/td>\n<td>80<\/td>\n<td>31<\/td>\n<td>27<\/td>\n<td>9<\/td>\n<td>1200<\/td>\n<td>M12<\/td>\n<td>150<\/td>\n<td>10<\/td>\n<\/tr>\n<tr height=\"20\">\n<td height=\"20\" style=\"height:20px\">M1080 80 \/ M12x180<\/td>\n<td>80<\/td>\n<td>31<\/td>\n<td>27<\/td>\n<td>9<\/td>\n<td>1200<\/td>\n<td>M12<\/td>\n<td>180<\/td>\n<td>10<\/td>\n<\/tr>\n<tr height=\"20\">\n<td height=\"20\" style=\"height:20px\">M1080 80 \/ M12x230<\/td>\n<td>80<\/td>\n<td>31<\/td>\n<td>27<\/td>\n<td>9<\/td>\n<td>1200<\/td>\n<td>M12<\/td>\n<td>230<\/td>\n<td>10<\/td>\n<\/tr>\n<tr height=\"20\">\n<td height=\"20\" style=\"height:20px\">M1080 80 \/ M16x70<\/td>\n<td>80<\/td>\n<td>31<\/td>\n<td>27<\/td>\n<td>9<\/td>\n<td>1200<\/td>\n<td>M16<\/td>\n<td>70<\/td>\n<td>13<\/td>\n<\/tr>\n<tr height=\"20\">\n<td height=\"20\" style=\"height:20px\">M1080 80 \/ M16x100<\/td>\n<td>80<\/td>\n<td>31<\/td>\n<td>27<\/td>\n<td>9<\/td>\n<td>1200<\/td>\n<td>M16<\/td>\n<td>100<\/td>\n<td>13<\/td>\n<\/tr>\n<tr height=\"20\">\n<td height=\"20\" style=\"height:20px\">M1080 80 \/ M16x150<\/td>\n<td>80<\/td>\n<td>31<\/td>\n<td>27<\/td>\n<td>9<\/td>\n<td>1200<\/td>\n<td>M16<\/td>\n<td>150<\/td>\n<td>13<\/td>\n<\/tr>\n<tr height=\"20\">\n<td height=\"20\" style=\"height:20px\">M1080 80 \/ M16x180<\/td>\n<td>80<\/td>\n<td>31<\/td>\n<td>27<\/td>\n<td>9<\/td>\n<td>1200<\/td>\n<td>M16<\/td>\n<td>180<\/td>\n<td>13<\/td>\n<\/tr>\n<tr height=\"20\">\n<td height=\"20\" style=\"height:20px\">M1080 80 \/ M16x230<\/td>\n<td>80<\/td>\n<td>31<\/td>\n<td>27<\/td>\n<td>9<\/td>\n<td>1200<\/td>\n<td>M16<\/td>\n<td>230<\/td>\n<td>13<\/td>\n<\/tr>\n<tr height=\"20\">\n<td height=\"20\" style=\"height:20px\">M1080 80 \/ M16x310<\/td>\n<td>80<\/td>\n<td>31<\/td>\n<td>27<\/td>\n<td>9<\/td>\n<td>1200<\/td>\n<td>M16<\/td>\n<td>310<\/td>\n<td>13<\/td>\n<\/tr>\n<tr height=\"20\">\n<td height=\"20\" style=\"height:20px\">M1080 80 \/ M20x70<\/td>\n<td>80<\/td>\n<td>31<\/td>\n<td>27<\/td>\n<td>9<\/td>\n<td>1200<\/td>\n<td>M20<\/td>\n<td>70<\/td>\n<td>17<\/td>\n<\/tr>\n<tr height=\"20\">\n<td height=\"20\" style=\"height:20px\">M1080 80 \/ M20x100<\/td>\n<td>80<\/td>\n<td>31<\/td>\n<td>27<\/td>\n<td>9<\/td>\n<td>1200<\/td>\n<td>M20<\/td>\n<td>100<\/td>\n<td>17<\/td>\n<\/tr>\n<tr height=\"20\">\n<td height=\"20\" style=\"height:20px\">M1080 80 \/ M20x150<\/td>\n<td>80<\/td>\n<td>31<\/td>\n<td>27<\/td>\n<td>9<\/td>\n<td>1200<\/td>\n<td>M20<\/td>\n<td>150<\/td>\n<td>17<\/td>\n<\/tr>\n<tr height=\"20\">\n<td height=\"20\" style=\"height:20px\">M1080 80 \/ M20x180<\/td>\n<td>80<\/td>\n<td>31<\/td>\n<td>27<\/td>\n<td>9<\/td>\n<td>1200<\/td>\n<td>M20<\/td>\n<td>180<\/td>\n<td>17<\/td>\n<\/tr>\n<tr height=\"20\">\n<td height=\"20\" style=\"height:20px\">M1080 80 \/ M20x230<\/td>\n<td>80<\/td>\n<td>31<\/td>\n<td>27<\/td>\n<td>9<\/td>\n<td>1200<\/td>\n<td>M20<\/td>\n<td>230<\/td>\n<td>17<\/td>\n<\/tr>\n<tr height=\"20\">\n<td height=\"20\" style=\"height:20px\">M1080 80 \/ M20x310<\/td>\n<td>80<\/td>\n<td>31<\/td>\n<td>27<\/td>\n<td>9<\/td>\n<td>1200<\/td>\n<td>M20<\/td>\n<td>310<\/td>\n<td>17<\/td>\n<\/tr>\n<tr height=\"20\">\n<td height=\"20\" style=\"height:20px\">M1080 80 \/ M24x70<\/td>\n<td>80<\/td>\n<td>31<\/td>\n<td>27<\/td>\n<td>9<\/td>\n<td>1200<\/td>\n<td>M24<\/td>\n<td>70<\/td>\n<td>19<\/td>\n<\/tr>\n<tr height=\"20\">\n<td height=\"20\" style=\"height:20px\">M1080 80 \/ M24x100<\/td>\n<td>80<\/td>\n<td>31<\/td>\n<td>27<\/td>\n<td>9<\/td>\n<td>1200<\/td>\n<td>M24<\/td>\n<td>100<\/td>\n<td>19<\/td>\n<\/tr>\n<tr height=\"20\">\n<td height=\"20\" style=\"height:20px\">M1080 80 \/ M24x150<\/td>\n<td>80<\/td>\n<td>31<\/td>\n<td>27<\/td>\n<td>9<\/td>\n<td>1200<\/td>\n<td>M24<\/td>\n<td>150<\/td>\n<td>19<\/td>\n<\/tr>\n<tr height=\"20\">\n<td height=\"20\" style=\"height:20px\">M1080 80 \/ M24x180<\/td>\n<td>80<\/td>\n<td>31<\/td>\n<td>27<\/td>\n<td>9<\/td>\n<td>1200<\/td>\n<td>M24<\/td>\n<td>180<\/td>\n<td>19<\/td>\n<\/tr>\n<tr height=\"20\">\n<td height=\"20\" style=\"height:20px\">M1080 80 \/ M24x230<\/td>\n<td>80<\/td>\n<td>31<\/td>\n<td>27<\/td>\n<td>9<\/td>\n<td>1200<\/td>\n<td>M24<\/td>\n<td>230<\/td>\n<td>19<\/td>\n<\/tr>\n<tr height=\"20\">\n<td height=\"20\" style=\"height:20px\">M1080 80 \/ M24x310<\/td>\n<td>80<\/td>\n<td>31<\/td>\n<td>27<\/td>\n<td>9<\/td>\n<td>1200<\/td>\n<td>M24<\/td>\n<td>310<\/td>\n<td>19<\/td>\n<\/tr>\n<tr height=\"20\">\n<td height=\"20\" style=\"height:20px\">M1080 100 \/ M12x70<\/td>\n<td>100<\/td>\n<td>37<\/td>\n<td>32<\/td>\n<td>11<\/td>\n<td>2000<\/td>\n<td>M12<\/td>\n<td>70<\/td>\n<td>10<\/td>\n<\/tr>\n<tr height=\"20\">\n<td height=\"20\" style=\"height:20px\">M1080 100 \/ M12x100<\/td>\n<td>100<\/td>\n<td>37<\/td>\n<td>32<\/td>\n<td>11<\/td>\n<td>2000<\/td>\n<td>M12<\/td>\n<td>100<\/td>\n<td>10<\/td>\n<\/tr>\n<tr height=\"20\">\n<td height=\"20\" style=\"height:20px\">M1080 100 \/ M12x150<\/td>\n<td>100<\/td>\n<td>37<\/td>\n<td>32<\/td>\n<td>11<\/td>\n<td>2000<\/td>\n<td>M12<\/td>\n<td>150<\/td>\n<td>10<\/td>\n<\/tr>\n<tr height=\"20\">\n<td height=\"20\" style=\"height:20px\">M1080 100 \/ M12x180<\/td>\n<td>100<\/td>\n<td>37<\/td>\n<td>32<\/td>\n<td>11<\/td>\n<td>2000<\/td>\n<td>M12<\/td>\n<td>180<\/td>\n<td>10<\/td>\n<\/tr>\n<tr height=\"20\">\n<td height=\"20\" style=\"height:20px\">M1080 100 \/ M12x230<\/td>\n<td>100<\/td>\n<td>37<\/td>\n<td>32<\/td>\n<td>11<\/td>\n<td>2000<\/td>\n<td>M12<\/td>\n<td>230<\/td>\n<td>10<\/td>\n<\/tr>\n<tr height=\"20\">\n<td height=\"20\" style=\"height:20px\">M1080 100 \/ M16x70<\/td>\n<td>100<\/td>\n<td>37<\/td>\n<td>32<\/td>\n<td>11<\/td>\n<td>2000<\/td>\n<td>M16<\/td>\n<td>70<\/td>\n<td>13<\/td>\n<\/tr>\n<tr height=\"20\">\n<td height=\"20\" style=\"height:20px\">M1080 100 \/ M16x100<\/td>\n<td>100<\/td>\n<td>37<\/td>\n<td>32<\/td>\n<td>11<\/td>\n<td>2000<\/td>\n<td>M16<\/td>\n<td>100<\/td>\n<td>13<\/td>\n<\/tr>\n<tr height=\"20\">\n<td height=\"20\" style=\"height:20px\">M1080 100 \/ M16x150<\/td>\n<td>100<\/td>\n<td>37<\/td>\n<td>32<\/td>\n<td>11<\/td>\n<td>2000<\/td>\n<td>M16<\/td>\n<td>150<\/td>\n<td>13<\/td>\n<\/tr>\n<tr height=\"20\">\n<td height=\"20\" style=\"height:20px\">M1080 100 \/ M16x180<\/td>\n<td>100<\/td>\n<td>37<\/td>\n<td>32<\/td>\n<td>11<\/td>\n<td>2000<\/td>\n<td>M16<\/td>\n<td>180<\/td>\n<td>13<\/td>\n<\/tr>\n<tr height=\"20\">\n<td height=\"20\" style=\"height:20px\">M1080 100 \/ M16x230<\/td>\n<td>100<\/td>\n<td>37<\/td>\n<td>32<\/td>\n<td>11<\/td>\n<td>2000<\/td>\n<td>M16<\/td>\n<td>230<\/td>\n<td>13<\/td>\n<\/tr>\n<tr height=\"20\">\n<td height=\"20\" style=\"height:20px\">M1080 100 \/ M16x310<\/td>\n<td>100<\/td>\n<td>37<\/td>\n<td>32<\/td>\n<td>11<\/td>\n<td>2000<\/td>\n<td>M16<\/td>\n<td>310<\/td>\n<td>13<\/td>\n<\/tr>\n<tr height=\"20\">\n<td height=\"20\" style=\"height:20px\">M1080 100 \/ M20x70<\/td>\n<td>100<\/td>\n<td>37<\/td>\n<td>32<\/td>\n<td>11<\/td>\n<td>2000<\/td>\n<td>M20<\/td>\n<td>70<\/td>\n<td>17<\/td>\n<\/tr>\n<tr height=\"20\">\n<td height=\"20\" style=\"height:20px\">M1080 100 \/ M20x100<\/td>\n<td>100<\/td>\n<td>37<\/td>\n<td>32<\/td>\n<td>11<\/td>\n<td>2000<\/td>\n<td>M20<\/td>\n<td>100<\/td>\n<td>17<\/td>\n<\/tr>\n<tr height=\"20\">\n<td height=\"20\" style=\"height:20px\">M1080 100 \/ M20x150<\/td>\n<td>100<\/td>\n<td>37<\/td>\n<td>32<\/td>\n<td>11<\/td>\n<td>2000<\/td>\n<td>M20<\/td>\n<td>150<\/td>\n<td>17<\/td>\n<\/tr>\n<tr height=\"20\">\n<td height=\"20\" style=\"height:20px\">M1080 100 \/ M20x180<\/td>\n<td>100<\/td>\n<td>37<\/td>\n<td>32<\/td>\n<td>11<\/td>\n<td>2000<\/td>\n<td>M20<\/td>\n<td>180<\/td>\n<td>17<\/td>\n<\/tr>\n<tr height=\"20\">\n<td height=\"20\" style=\"height:20px\">M1080 100 \/ M20x230<\/td>\n<td>100<\/td>\n<td>37<\/td>\n<td>32<\/td>\n<td>11<\/td>\n<td>2000<\/td>\n<td>M20<\/td>\n<td>230<\/td>\n<td>17<\/td>\n<\/tr>\n<tr height=\"20\">\n<td height=\"20\" style=\"height:20px\">M1080 100 \/ M20x310<\/td>\n<td>100<\/td>\n<td>37<\/td>\n<td>32<\/td>\n<td>11<\/td>\n<td>2000<\/td>\n<td>M20<\/td>\n<td>310<\/td>\n<td>17<\/td>\n<\/tr>\n<tr height=\"20\">\n<td height=\"20\" style=\"height:20px\">M1080 100 \/ M24x70<\/td>\n<td>100<\/td>\n<td>37<\/td>\n<td>32<\/td>\n<td>11<\/td>\n<td>2000<\/td>\n<td>M24<\/td>\n<td>70<\/td>\n<td>19<\/td>\n<\/tr>\n<tr height=\"20\">\n<td height=\"20\" style=\"height:20px\">M1080 100 \/ M24x100<\/td>\n<td>100<\/td>\n<td>37<\/td>\n<td>32<\/td>\n<td>11<\/td>\n<td>2000<\/td>\n<td>M24<\/td>\n<td>100<\/td>\n<td>19<\/td>\n<\/tr>\n<tr height=\"20\">\n<td height=\"20\" style=\"height:20px\">M1080 100 \/ M24x150<\/td>\n<td>100<\/td>\n<td>37<\/td>\n<td>32<\/td>\n<td>11<\/td>\n<td>2000<\/td>\n<td>M24<\/td>\n<td>150<\/td>\n<td>19<\/td>\n<\/tr>\n<tr height=\"20\">\n<td height=\"20\" style=\"height:20px\">M1080 100 \/ M24x180<\/td>\n<td>100<\/td>\n<td>37<\/td>\n<td>32<\/td>\n<td>11<\/td>\n<td>2000<\/td>\n<td>M24<\/td>\n<td>180<\/td>\n<td>19<\/td>\n<\/tr>\n<tr height=\"20\">\n<td height=\"20\" style=\"height:20px\">M1080 100 \/ M24x230<\/td>\n<td>100<\/td>\n<td>37<\/td>\n<td>32<\/td>\n<td>11<\/td>\n<td>2000<\/td>\n<td>M24<\/td>\n<td>230<\/td>\n<td>19<\/td>\n<\/tr>\n<tr height=\"20\">\n<td height=\"20\" style=\"height:20px\">M1080 100 \/ M24x310<\/td>\n<td>100<\/td>\n<td>37<\/td>\n<td>32<\/td>\n<td>11<\/td>\n<td>2000<\/td>\n<td>M24<\/td>\n<td>310<\/td>\n<td>19<\/td>\n<\/tr>\n<tr height=\"20\">\n<td height=\"20\" style=\"height:20px\">M1080 120 \/ M12x70<\/td>\n<td>120<\/td>\n<td>37<\/td>\n<td>40<\/td>\n<td>11<\/td>\n<td>2000<\/td>\n<td>M12<\/td>\n<td>70<\/td>\n<td>10<\/td>\n<\/tr>\n<tr height=\"20\">\n<td height=\"20\" style=\"height:20px\">M1080 120 \/ M12x100<\/td>\n<td>120<\/td>\n<td>37<\/td>\n<td>40<\/td>\n<td>11<\/td>\n<td>2000<\/td>\n<td>M12<\/td>\n<td>100<\/td>\n<td>10<\/td>\n<\/tr>\n<tr height=\"20\">\n<td height=\"20\" style=\"height:20px\">M1080 120 \/ M12x150<\/td>\n<td>120<\/td>\n<td>37<\/td>\n<td>40<\/td>\n<td>11<\/td>\n<td>2000<\/td>\n<td>M12<\/td>\n<td>150<\/td>\n<td>10<\/td>\n<\/tr>\n<tr height=\"20\">\n<td height=\"20\" style=\"height:20px\">M1080 120 \/ M12x180<\/td>\n<td>120<\/td>\n<td>37<\/td>\n<td>40<\/td>\n<td>11<\/td>\n<td>2000<\/td>\n<td>M12<\/td>\n<td>180<\/td>\n<td>10<\/td>\n<\/tr>\n<tr height=\"20\">\n<td height=\"20\" style=\"height:20px\">M1080 120 \/ M12x230<\/td>\n<td>120<\/td>\n<td>37<\/td>\n<td>40<\/td>\n<td>11<\/td>\n<td>2000<\/td>\n<td>M12<\/td>\n<td>230<\/td>\n<td>10<\/td>\n<\/tr>\n<tr height=\"20\">\n<td height=\"20\" style=\"height:20px\">M1080 120 \/ M16x70<\/td>\n<td>120<\/td>\n<td>37<\/td>\n<td>40<\/td>\n<td>11<\/td>\n<td>2000<\/td>\n<td>M16<\/td>\n<td>70<\/td>\n<td>13<\/td>\n<\/tr>\n<tr height=\"20\">\n<td height=\"20\" style=\"height:20px\">M1080 120 \/ M16x100<\/td>\n<td>120<\/td>\n<td>37<\/td>\n<td>40<\/td>\n<td>11<\/td>\n<td>2000<\/td>\n<td>M16<\/td>\n<td>100<\/td>\n<td>13<\/td>\n<\/tr>\n<tr height=\"20\">\n<td height=\"20\" style=\"height:20px\">M1080 120 \/ M16x150<\/td>\n<td>120<\/td>\n<td>37<\/td>\n<td>40<\/td>\n<td>11<\/td>\n<td>2000<\/td>\n<td>M16<\/td>\n<td>150<\/td>\n<td>13<\/td>\n<\/tr>\n<tr height=\"20\">\n<td height=\"20\" style=\"height:20px\">M1080 120 \/ M16x180<\/td>\n<td>120<\/td>\n<td>37<\/td>\n<td>40<\/td>\n<td>11<\/td>\n<td>2000<\/td>\n<td>M16<\/td>\n<td>180<\/td>\n<td>13<\/td>\n<\/tr>\n<tr height=\"20\">\n<td height=\"20\" style=\"height:20px\">M1080 120 \/ M16x230<\/td>\n<td>120<\/td>\n<td>37<\/td>\n<td>40<\/td>\n<td>11<\/td>\n<td>2000<\/td>\n<td>M16<\/td>\n<td>230<\/td>\n<td>13<\/td>\n<\/tr>\n<tr height=\"20\">\n<td height=\"20\" style=\"height:20px\">M1080 120 \/ M16x310<\/td>\n<td>120<\/td>\n<td>37<\/td>\n<td>40<\/td>\n<td>11<\/td>\n<td>2000<\/td>\n<td>M16<\/td>\n<td>310<\/td>\n<td>13<\/td>\n<\/tr>\n<tr height=\"20\">\n<td height=\"20\" style=\"height:20px\">M1080 120 \/ M20x70<\/td>\n<td>120<\/td>\n<td>37<\/td>\n<td>40<\/td>\n<td>11<\/td>\n<td>2000<\/td>\n<td>M20<\/td>\n<td>70<\/td>\n<td>17<\/td>\n<\/tr>\n<tr height=\"20\">\n<td height=\"20\" style=\"height:20px\">M1080 120 \/ M20x100<\/td>\n<td>120<\/td>\n<td>37<\/td>\n<td>40<\/td>\n<td>11<\/td>\n<td>2000<\/td>\n<td>M20<\/td>\n<td>100<\/td>\n<td>17<\/td>\n<\/tr>\n<tr height=\"20\">\n<td height=\"20\" style=\"height:20px\">M1080 120 \/ M20x150<\/td>\n<td>120<\/td>\n<td>37<\/td>\n<td>40<\/td>\n<td>11<\/td>\n<td>2000<\/td>\n<td>M20<\/td>\n<td>150<\/td>\n<td>17<\/td>\n<\/tr>\n<tr height=\"20\">\n<td height=\"20\" style=\"height:20px\">M1080 120 \/ M20x180<\/td>\n<td>120<\/td>\n<td>37<\/td>\n<td>40<\/td>\n<td>11<\/td>\n<td>2000<\/td>\n<td>M20<\/td>\n<td>180<\/td>\n<td>17<\/td>\n<\/tr>\n<tr height=\"20\">\n<td height=\"20\" style=\"height:20px\">M1080 120 \/ M20x230<\/td>\n<td>120<\/td>\n<td>37<\/td>\n<td>40<\/td>\n<td>11<\/td>\n<td>2000<\/td>\n<td>M20<\/td>\n<td>230<\/td>\n<td>17<\/td>\n<\/tr>\n<tr height=\"20\">\n<td height=\"20\" style=\"height:20px\">M1080 120 \/ M20x310<\/td>\n<td>120<\/td>\n<td>37<\/td>\n<td>40<\/td>\n<td>11<\/td>\n<td>2000<\/td>\n<td>M20<\/td>\n<td>310<\/td>\n<td>17<\/td>\n<\/tr>\n<tr height=\"20\">\n<td height=\"20\" style=\"height:20px\">M1080 120 \/ M24x70<\/td>\n<td>120<\/td>\n<td>37<\/td>\n<td>40<\/td>\n<td>11<\/td>\n<td>2000<\/td>\n<td>M24<\/td>\n<td>70<\/td>\n<td>19<\/td>\n<\/tr>\n<tr height=\"20\">\n<td height=\"20\" style=\"height:20px\">M1080 120 \/ M24x100<\/td>\n<td>120<\/td>\n<td>37<\/td>\n<td>40<\/td>\n<td>11<\/td>\n<td>2000<\/td>\n<td>M24<\/td>\n<td>100<\/td>\n<td>19<\/td>\n<\/tr>\n<tr height=\"20\">\n<td height=\"20\" style=\"height:20px\">M1080 120 \/ M24x150<\/td>\n<td>120<\/td>\n<td>37<\/td>\n<td>40<\/td>\n<td>11<\/td>\n<td>2000<\/td>\n<td>M24<\/td>\n<td>150<\/td>\n<td>19<\/td>\n<\/tr>\n<tr height=\"20\">\n<td height=\"20\" style=\"height:20px\">M1080 120 \/ M24x180<\/td>\n<td>120<\/td>\n<td>37<\/td>\n<td>40<\/td>\n<td>11<\/td>\n<td>2000<\/td>\n<td>M24<\/td>\n<td>180<\/td>\n<td>19<\/td>\n<\/tr>\n<tr height=\"20\">\n<td height=\"20\" style=\"height:20px\">M1080 120 \/ M24x230<\/td>\n<td>120<\/td>\n<td>37<\/td>\n<td>40<\/td>\n<td>11<\/td>\n<td>2000<\/td>\n<td>M24<\/td>\n<td>230<\/td>\n<td>19<\/td>\n<\/tr>\n<tr height=\"20\">\n<td height=\"20\" style=\"height:20px\">M1080 120 \/ M24x310<\/td>\n<td>120<\/td>\n<td>37<\/td>\n<td>40<\/td>\n<td>11<\/td>\n<td>2000<\/td>\n<td>M24<\/td>\n<td>310<\/td>\n<td>19<\/td>\n<\/tr>\n<\/tbody>\n<\/table>\n","protected":false},"excerpt":{"rendered":"<p>Materiales: Acero Inoxidable  AISI 304(A2) \/ 1.4301Base de PA reforzada con fibra de vidrioTapa: Carbonato de propileno Color: NegroDesde \u00d880 hay dos agujeros preparados para fijar al suelo.Este pie puede trabajar con una inclinaci\u00f3n m\u00e1xima de 10\u00ba<\/p>\n","protected":false},"featured_media":9946,"template":"","meta":{"ngg_post_thumbnail":0,"_joinchat":[]},"yoast_head":"<!-- This site is optimized with the Yoast SEO plugin v16.4 - https:\/\/yoast.com\/wordpress\/plugins\/seo\/ -->\n<title>M1080 - Pie ajustable de acero inoxidable y base de PA+fibra de vidrio - Braplastic<\/title>\n<meta name=\"robots\" content=\"index, follow, max-snippet:-1, max-image-preview:large, max-video-preview:-1\" \/>\n<link rel=\"canonical\" href=\"https:\/\/braplastic.com\/fr\/producto\/m1080-pie-ajustable-de-acero-inoxidable-y-base-de-pafibra-de-vidrio\/\" \/>\n<meta property=\"og:locale\" content=\"fr_FR\" \/>\n<meta property=\"og:type\" content=\"article\" \/>\n<meta property=\"og:title\" content=\"M1080 - Pie ajustable de acero inoxidable y base de PA+fibra de vidrio - Braplastic\" \/>\n<meta property=\"og:description\" content=\"Materiales: Acero Inoxidable AISI 304(A2) \/ 1.4301Base de PA reforzada con fibra de vidrioTapa: Carbonato de propileno Color: NegroDesde \u00d880 hay dos agujeros preparados para fijar al suelo.Este pie puede trabajar con una inclinaci\u00f3n m\u00e1xima de 10\u00ba\" \/>\n<meta property=\"og:url\" content=\"https:\/\/braplastic.com\/fr\/producto\/m1080-pie-ajustable-de-acero-inoxidable-y-base-de-pafibra-de-vidrio\/\" \/>\n<meta property=\"og:site_name\" content=\"Braplastic\" \/>\n<meta property=\"og:image\" content=\"https:\/\/braplastic.com\/wp-content\/uploads\/2020\/09\/m1080-pie-ajustable-de-acero-inoxidable-y-base-de-pafibra-de-vidrio-490-1.jpg\" \/>\n\t<meta property=\"og:image:width\" content=\"600\" \/>\n\t<meta property=\"og:image:height\" content=\"474\" \/>\n<meta name=\"twitter:card\" content=\"summary_large_image\" \/>\n<meta name=\"twitter:label1\" content=\"Dur\u00e9e de lecture est.\" \/>\n\t<meta name=\"twitter:data1\" content=\"2 minutes\" \/>\n<script type=\"application\/ld+json\" class=\"yoast-schema-graph\">{\"@context\":\"https:\/\/schema.org\",\"@graph\":[{\"@type\":\"WebSite\",\"@id\":\"https:\/\/braplastic.com\/#website\",\"url\":\"https:\/\/braplastic.com\/\",\"name\":\"Braplastic\",\"description\":\"Empresa de inyecci\\u00f3n de pl\\u00e1stico\",\"potentialAction\":[{\"@type\":\"SearchAction\",\"target\":\"https:\/\/braplastic.com\/?s={search_term_string}\",\"query-input\":\"required name=search_term_string\"}],\"inLanguage\":\"fr-FR\"},{\"@type\":\"ImageObject\",\"@id\":\"https:\/\/braplastic.com\/fr\/producto\/m1080-pie-ajustable-de-acero-inoxidable-y-base-de-pafibra-de-vidrio\/#primaryimage\",\"inLanguage\":\"fr-FR\",\"url\":\"https:\/\/braplastic.com\/wp-content\/uploads\/2020\/09\/m1080-pie-ajustable-de-acero-inoxidable-y-base-de-pafibra-de-vidrio-490-1.jpg\",\"contentUrl\":\"https:\/\/braplastic.com\/wp-content\/uploads\/2020\/09\/m1080-pie-ajustable-de-acero-inoxidable-y-base-de-pafibra-de-vidrio-490-1.jpg\",\"width\":600,\"height\":474},{\"@type\":\"WebPage\",\"@id\":\"https:\/\/braplastic.com\/fr\/producto\/m1080-pie-ajustable-de-acero-inoxidable-y-base-de-pafibra-de-vidrio\/#webpage\",\"url\":\"https:\/\/braplastic.com\/fr\/producto\/m1080-pie-ajustable-de-acero-inoxidable-y-base-de-pafibra-de-vidrio\/\",\"name\":\"M1080 - Pie ajustable de acero inoxidable y base de PA+fibra de vidrio - Braplastic\",\"isPartOf\":{\"@id\":\"https:\/\/braplastic.com\/#website\"},\"primaryImageOfPage\":{\"@id\":\"https:\/\/braplastic.com\/fr\/producto\/m1080-pie-ajustable-de-acero-inoxidable-y-base-de-pafibra-de-vidrio\/#primaryimage\"},\"datePublished\":\"2020-09-18T09:43:57+00:00\",\"dateModified\":\"2020-09-18T09:43:57+00:00\",\"breadcrumb\":{\"@id\":\"https:\/\/braplastic.com\/fr\/producto\/m1080-pie-ajustable-de-acero-inoxidable-y-base-de-pafibra-de-vidrio\/#breadcrumb\"},\"inLanguage\":\"fr-FR\",\"potentialAction\":[{\"@type\":\"ReadAction\",\"target\":[\"https:\/\/braplastic.com\/fr\/producto\/m1080-pie-ajustable-de-acero-inoxidable-y-base-de-pafibra-de-vidrio\/\"]}]},{\"@type\":\"BreadcrumbList\",\"@id\":\"https:\/\/braplastic.com\/fr\/producto\/m1080-pie-ajustable-de-acero-inoxidable-y-base-de-pafibra-de-vidrio\/#breadcrumb\",\"itemListElement\":[{\"@type\":\"ListItem\",\"position\":1,\"item\":{\"@type\":\"WebPage\",\"@id\":\"https:\/\/braplastic.com\/fr\/\",\"url\":\"https:\/\/braplastic.com\/fr\/\",\"name\":\"Portada\"}},{\"@type\":\"ListItem\",\"position\":2,\"item\":{\"@type\":\"WebPage\",\"@id\":\"https:\/\/braplastic.com\/fr\/catalogo\/\",\"url\":\"https:\/\/braplastic.com\/fr\/catalogo\/\",\"name\":\"Catalogue\"}},{\"@type\":\"ListItem\",\"position\":3,\"item\":{\"@id\":\"https:\/\/braplastic.com\/fr\/producto\/m1080-pie-ajustable-de-acero-inoxidable-y-base-de-pafibra-de-vidrio\/#webpage\"}}]}]}<\/script>\n<!-- \/ Yoast SEO plugin. -->","_links":{"self":[{"href":"https:\/\/braplastic.com\/fr\/wp-json\/wp\/v2\/product\/9945"}],"collection":[{"href":"https:\/\/braplastic.com\/fr\/wp-json\/wp\/v2\/product"}],"about":[{"href":"https:\/\/braplastic.com\/fr\/wp-json\/wp\/v2\/types\/product"}],"wp:featuredmedia":[{"embeddable":true,"href":"https:\/\/braplastic.com\/fr\/wp-json\/wp\/v2\/media\/9946"}],"wp:attachment":[{"href":"https:\/\/braplastic.com\/fr\/wp-json\/wp\/v2\/media?parent=9945"}],"curies":[{"name":"wp","href":"https:\/\/api.w.org\/{rel}","templated":true}]}}